{"id":3431,"date":"2026-03-20T07:49:52","date_gmt":"2026-03-20T07:49:52","guid":{"rendered":"https:\/\/kentavietnam.com\/?page_id=3431"},"modified":"2026-03-20T07:50:01","modified_gmt":"2026-03-20T07:50:01","slug":"du-an-da-thi-cong","status":"publish","type":"page","link":"https:\/\/kentavietnam.com\/en\/du-an-da-thi-cong\/","title":{"rendered":"D\u1ef0 \u00c1N \u0110\u00c3 THI C\u00d4NG"},"content":{"rendered":"<div class=\"container section-title-container\" ><h3 class=\"section-title section-title-normal\"><b aria-hidden=\"true\"><\/b><span class=\"section-title-main\" >C\u00c1C D\u1ef0 D\u00c1N \u0110\u00c3 THI C\u00d4NG<\/span><b aria-hidden=\"true\"><\/b><\/h3><\/div>\n\n\n  \n    <div class=\"row large-columns-3 medium-columns-1 small-columns-1 slider row-slider slider-nav-reveal slider-nav-push\"  data-flickity-options='{&quot;imagesLoaded&quot;: true, &quot;groupCells&quot;: &quot;100%&quot;, &quot;dragThreshold&quot; : 5, &quot;cellAlign&quot;: &quot;left&quot;,&quot;wrapAround&quot;: true,&quot;prevNextButtons&quot;: true,&quot;percentPosition&quot;: true,&quot;pageDots&quot;: false, &quot;rightToLeft&quot;: false, &quot;autoPlay&quot; : false}' >\n\n  <div class=\"col post-item\" >\n\t\t\t<div class=\"col-inner\">\n\t\t\t\t<div class=\"box box-normal box-text-bottom box-blog-post has-hover\">\n            \t\t\t\t\t<div class=\"box-image\" >\n  \t\t\t\t\t\t<div class=\"image-cover\" style=\"padding-top:56.25%;\">\n\t\t\t\t\t\t\t<a href=\"https:\/\/kentavietnam.com\/en\/tin-kien-thuc-ky-thuat\/thi-cong-tran-tau-thuy\/\" class=\"plain\" aria-label=\"Kenta Vi\u1ec7t Nam thi c\u00f4ng tr\u1ea7n t\u00e0u th\u1ee7y cho kh\u00e1ch h\u00e0ng\">\n\t\t\t\t\t\t\t\t<img loading=\"lazy\" decoding=\"async\" width=\"300\" height=\"225\" src=\"https:\/\/kentavietnam.com\/wp-content\/uploads\/2026\/03\/tran-3-300x225.jpg?v=1773996673\" class=\"attachment-medium size-medium wp-post-image\" alt=\"Kenta Vi\u1ec7t Nam thi c\u00f4ng tr\u1ea7n t\u00e0u th\u1ee7y cho kh\u00e1ch h\u00e0ng\" srcset=\"https:\/\/kentavietnam.com\/wp-content\/uploads\/2026\/03\/tran-3-300x225.jpg?v=1773996673 300w, https:\/\/kentavietnam.com\/wp-content\/uploads\/2026\/03\/tran-3-1024x767.jpg?v=1773996673 1024w, https:\/\/kentavietnam.com\/wp-content\/uploads\/2026\/03\/tran-3-768x575.jpg?v=1773996673 768w, https:\/\/kentavietnam.com\/wp-content\/uploads\/2026\/03\/tran-3-16x12.jpg?v=1773996673 16w, https:\/\/kentavietnam.com\/wp-content\/uploads\/2026\/03\/tran-3-600x450.jpg?v=1773996673 600w, https:\/\/kentavietnam.com\/wp-content\/uploads\/2026\/03\/tran-3.jpg?v=1773996673 1276w\" sizes=\"auto, (max-width: 300px) 100vw, 300px\" \/>\t\t\t\t\t\t\t<\/a>\n  \t\t\t\t\t\t\t  \t\t\t\t\t\t\t  \t\t\t\t\t\t<\/div>\n  \t\t\t\t\t\t  \t\t\t\t\t<\/div>\n          \t\t\t\t\t<div class=\"box-text text-center\" >\n\t\t\t\t\t<div class=\"box-text-inner blog-post-inner\">\n\n\t\t\t\t\t\n\t\t\t\t\t\t\t\t\t\t<h5 class=\"post-title is-large\">\n\t\t\t\t\t\t<a href=\"https:\/\/kentavietnam.com\/en\/tin-kien-thuc-ky-thuat\/thi-cong-tran-tau-thuy\/\" class=\"plain\">Kenta Vi\u1ec7t Nam thi c\u00f4ng tr\u1ea7n t\u00e0u th\u1ee7y cho kh\u00e1ch h\u00e0ng<\/a>\n\t\t\t\t\t<\/h5>\n\t\t\t\t\t\t\t\t\t\t<div class=\"is-divider\"><\/div>\n\t\t\t\t\t\t\t\t\t\t<p class=\"from_the_blog_excerpt\">\n\t\t\t\t\t\tKenta Vi\u1ec7t Nam thi c\u00f4ng tr\u1ea7n t\u00e0u th\u1ee7y cho kh\u00e1ch h\u00e0ng v\u1edbi ti\u00eau chu\u1ea9n k\u1ef9 [...]\t\t\t\t\t<\/p>\n\t\t\t\t\t                    \n\t\t\t\t\t\n\t\t\t\t\t\n\t\t\t\t\t<\/div>\n\t\t\t\t\t<\/div>\n\t\t\t\t\t\t\t\t\t\t\t\t\t\t\t\t<div class=\"badge absolute top post-date badge-circle-inside\">\n\t\t\t\t\t\t\t<div class=\"badge-inner\">\n\t\t\t\t\t\t\t\t<span class=\"post-date-day\">20<\/span><br>\n\t\t\t\t\t\t\t\t<span class=\"post-date-month is-xsmall\">Mar<\/span>\n\t\t\t\t\t\t\t<\/div>\n\t\t\t\t\t\t<\/div>\n\t\t\t\t\t\t\t\t\t<\/div>\n\t\t\t<\/div>\n\t\t<\/div><\/div>\n\n<div class=\"row\"  id=\"row-217967388\">\n\n\n<\/div>","protected":false},"excerpt":{"rendered":"","protected":false},"author":2,"featured_media":0,"parent":0,"menu_order":0,"comment_status":"closed","ping_status":"closed","template":"","meta":{"footnotes":""},"class_list":["post-3431","page","type-page","status-publish","hentry"],"_links":{"self":[{"href":"https:\/\/kentavietnam.com\/en\/wp-json\/wp\/v2\/pages\/3431","targetHints":{"allow":["GET"]}}],"collection":[{"href":"https:\/\/kentavietnam.com\/en\/wp-json\/wp\/v2\/pages"}],"about":[{"href":"https:\/\/kentavietnam.com\/en\/wp-json\/wp\/v2\/types\/page"}],"author":[{"embeddable":true,"href":"https:\/\/kentavietnam.com\/en\/wp-json\/wp\/v2\/users\/2"}],"replies":[{"embeddable":true,"href":"https:\/\/kentavietnam.com\/en\/wp-json\/wp\/v2\/comments?post=3431"}],"version-history":[{"count":2,"href":"https:\/\/kentavietnam.com\/en\/wp-json\/wp\/v2\/pages\/3431\/revisions"}],"predecessor-version":[{"id":3434,"href":"https:\/\/kentavietnam.com\/en\/wp-json\/wp\/v2\/pages\/3431\/revisions\/3434"}],"wp:attachment":[{"href":"https:\/\/kentavietnam.com\/en\/wp-json\/wp\/v2\/media?parent=3431"}],"curies":[{"name":"wp","href":"https:\/\/api.w.org\/{rel}","templated":true}]}}