{"id":1353,"date":"2024-10-01T04:14:02","date_gmt":"2024-10-01T04:14:02","guid":{"rendered":"https:\/\/kentavietnam.com\/?post_type=product&#038;p=1353"},"modified":"2025-09-17T08:51:49","modified_gmt":"2025-09-17T08:51:49","slug":"kich-thuy-luc-100-tan-hj-100h-15-chinh-hang","status":"publish","type":"product","link":"https:\/\/kentavietnam.com\/en\/product\/kich-thuy-luc-100-tan-hj-100h-15-chinh-hang\/","title":{"rendered":"K\u00edch th\u1ee7y l\u1ef1c Holmatro 100 t\u1ea5n, h\u00e0nh tr\u00ecnh 150mm, HJ 100 H 15 ch\u00ednh h\u00e3ng"},"content":{"rendered":"<p><strong>K\u00edch th\u1ee7y l\u1ef1c Holmatro 100 t\u1ea5n &#8220;HJ 100H 15&#8221; ch\u00ednh h\u00e3ng<\/strong><\/p>\n<p><strong>Holmatro<\/strong>\u00a0is a globally renowned brand in the field of manufacturing hydraulic equipment, especially hydraulic jacks. Holmatro hydraulic jack products are widely used in many industries such as rescue, construction, maintenance, and manufacturing, thanks to the combination of advanced technology, high quality, and superior safety.<\/p>\n<p><strong>Technical specifications:<\/strong><\/p>\n<p>-Load capacity: 100 tons<\/p>\n<p>-Stroke: 150mm<\/p>\n<p>-Closed height \/ Dead height: 309mm<\/p>\n<p>-Product weight: 53kg<\/p>\n<p><strong>Characteristics:<\/strong><\/p>\n<p>-Robust and durable design<\/p>\n<p>-Advanced technology<\/p>\n<p>-High safety<\/p>\n<p>-Easy to use and maintain<\/p>\n<p><strong>Applications:<\/strong><\/p>\n<p><strong>-Search and rescue:<\/strong>Holmatro hydraulic jacks are an important part of rescue equipment, especially in traffic accidents, earthquakes, and other emergency situations.<\/p>\n<p><strong>-Industrial construction and maintenance:<\/strong>The product is used for lifting heavy structures, installing machinery, and other lifting applications in the construction industry.<\/p>\n<p><strong>-Manufacturing and mechanical industries:<\/strong>Holmatro provides safe and efficient lifting and moving solutions for production lines.<\/p>\n<div dir=\"auto\">\n<p><strong>S\u1ea3n ph\u1ea9m s\u1eb5n h\u00e0ng t\u1ea1i kho Kenta Vi\u1ec7t Nam<\/strong><\/p>\n<p><img loading=\"lazy\" decoding=\"async\" class=\"alignnone size-medium wp-image-2715\" src=\"https:\/\/kentavietnam.com\/wp-content\/uploads\/2024\/10\/7ab27301daf252ac0be397-300x225.jpg\" sizes=\"auto, (max-width: 300px) 100vw, 300px\" srcset=\"https:\/\/kentavietnam.com\/wp-content\/uploads\/2024\/10\/7ab27301daf252ac0be397-300x225.jpg?v=1756087778 300w, https:\/\/kentavietnam.com\/wp-content\/uploads\/2024\/10\/7ab27301daf252ac0be397-1024x768.jpg?v=1756087778 1024w, https:\/\/kentavietnam.com\/wp-content\/uploads\/2024\/10\/7ab27301daf252ac0be397-768x576.jpg?v=1756087778 768w, https:\/\/kentavietnam.com\/wp-content\/uploads\/2024\/10\/7ab27301daf252ac0be397-16x12.jpg?v=1756087778 16w, https:\/\/kentavietnam.com\/wp-content\/uploads\/2024\/10\/7ab27301daf252ac0be397-600x450.jpg?v=1756087778 600w, https:\/\/kentavietnam.com\/wp-content\/uploads\/2024\/10\/7ab27301daf252ac0be397.jpg?v=1756087778 1280w\" alt=\"\" width=\"300\" height=\"225\" \/>\u00a0 \u00a0\u00a0<img loading=\"lazy\" decoding=\"async\" class=\"alignnone wp-image-2732\" src=\"https:\/\/kentavietnam.com\/wp-content\/uploads\/2024\/10\/6978360b9ef816a64fe9108-e1756088920236-300x269.jpg\" sizes=\"auto, (max-width: 251px) 100vw, 251px\" srcset=\"https:\/\/kentavietnam.com\/wp-content\/uploads\/2024\/10\/6978360b9ef816a64fe9108-e1756088920236-300x269.jpg?v=1756087856 300w, https:\/\/kentavietnam.com\/wp-content\/uploads\/2024\/10\/6978360b9ef816a64fe9108-e1756088920236-1024x918.jpg?v=1756087856 1024w, https:\/\/kentavietnam.com\/wp-content\/uploads\/2024\/10\/6978360b9ef816a64fe9108-e1756088920236-768x689.jpg?v=1756087856 768w, https:\/\/kentavietnam.com\/wp-content\/uploads\/2024\/10\/6978360b9ef816a64fe9108-e1756088920236-13x12.jpg?v=1756087856 13w, https:\/\/kentavietnam.com\/wp-content\/uploads\/2024\/10\/6978360b9ef816a64fe9108-e1756088920236-600x538.jpg?v=1756087856 600w, https:\/\/kentavietnam.com\/wp-content\/uploads\/2024\/10\/6978360b9ef816a64fe9108-e1756088920236.jpg?v=1756087856 1160w\" alt=\"\" width=\"251\" height=\"225\" \/>\u00a0 \u00a0\u00a0<img loading=\"lazy\" decoding=\"async\" class=\"alignnone size-medium wp-image-2718\" src=\"https:\/\/kentavietnam.com\/wp-content\/uploads\/2024\/10\/8f41e3014bf2c3ac9ae3106-300x225.jpg\" sizes=\"auto, (max-width: 300px) 100vw, 300px\" srcset=\"https:\/\/kentavietnam.com\/wp-content\/uploads\/2024\/10\/8f41e3014bf2c3ac9ae3106-300x225.jpg?v=1756087794 300w, https:\/\/kentavietnam.com\/wp-content\/uploads\/2024\/10\/8f41e3014bf2c3ac9ae3106-1024x767.jpg?v=1756087794 1024w, https:\/\/kentavietnam.com\/wp-content\/uploads\/2024\/10\/8f41e3014bf2c3ac9ae3106-768x575.jpg?v=1756087794 768w, https:\/\/kentavietnam.com\/wp-content\/uploads\/2024\/10\/8f41e3014bf2c3ac9ae3106-16x12.jpg?v=1756087794 16w, https:\/\/kentavietnam.com\/wp-content\/uploads\/2024\/10\/8f41e3014bf2c3ac9ae3106-600x450.jpg?v=1756087794 600w, https:\/\/kentavietnam.com\/wp-content\/uploads\/2024\/10\/8f41e3014bf2c3ac9ae3106.jpg?v=1756087794 1280w\" alt=\"\" width=\"300\" height=\"225\" \/><\/p>\n<p><strong>Contact information:<\/strong><\/p>\n<div dir=\"auto\">KENTA VIETNAM \u2013 QUALITY CREATES TRUST<\/div>\n<div dir=\"auto\"><span class=\"html-span xexx8yu xyri2b x18d9i69 x1c1uobl x1hl2dhg x16tdsg8 x1vvkbs x3nfvp2 x1j61x8r x1fcty0u xdj266r xat24cr xm2jcoa x1mpyi22 xxymvpz xlup9mm x1kky2od\"><img loading=\"lazy\" decoding=\"async\" class=\"xz74otr x15mokao x1ga7v0g x16uus16 xbiv7yw\" src=\"https:\/\/static.xx.fbcdn.net\/images\/emoji.php\/v9\/tf8\/1\/16\/1f3e2.png\" alt=\"\ud83c\udfe2\" width=\"16\" height=\"16\" \/><\/span>\u00a0Main office: No. 22, Phung Cong service area, Phung Cong Commune, Hung Yen province<\/div>\n<div dir=\"auto\"><span class=\"html-span xexx8yu xyri2b x18d9i69 x1c1uobl x1hl2dhg x16tdsg8 x1vvkbs x3nfvp2 x1j61x8r x1fcty0u xdj266r xat24cr xm2jcoa x1mpyi22 xxymvpz xlup9mm x1kky2od\"><img loading=\"lazy\" decoding=\"async\" class=\"xz74otr x15mokao x1ga7v0g x16uus16 xbiv7yw\" src=\"https:\/\/static.xx.fbcdn.net\/images\/emoji.php\/v9\/tf6\/1\/16\/1f3e0.png\" alt=\"\ud83c\udfe0\" width=\"16\" height=\"16\" \/><\/span>\u00a0Warehouse No. 1: Ngo Yen Hamlet, Hong An Ward, Hai Phong City (at the foot of Kien Bridge)<\/div>\n<div dir=\"auto\"><span class=\"html-span xexx8yu xyri2b x18d9i69 x1c1uobl x1hl2dhg x16tdsg8 x1vvkbs x3nfvp2 x1j61x8r x1fcty0u xdj266r xat24cr xm2jcoa x1mpyi22 xxymvpz xlup9mm x1kky2od\"><img loading=\"lazy\" decoding=\"async\" class=\"xz74otr x15mokao x1ga7v0g x16uus16 xbiv7yw\" src=\"https:\/\/static.xx.fbcdn.net\/images\/emoji.php\/v9\/tf6\/1\/16\/1f3e0.png\" alt=\"\ud83c\udfe0\" width=\"16\" height=\"16\" \/><\/span>\u00a0Warehouse No. 2: No. 22, Phung Cong service area, Phung Cong Commune, Hung Yen province<\/div>\n<div dir=\"auto\"><span class=\"html-span xexx8yu xyri2b x18d9i69 x1c1uobl x1hl2dhg x16tdsg8 x1vvkbs x3nfvp2 x1j61x8r x1fcty0u xdj266r xat24cr xm2jcoa x1mpyi22 xxymvpz xlup9mm x1kky2od\"><img loading=\"lazy\" decoding=\"async\" class=\"xz74otr x15mokao x1ga7v0g x16uus16 xbiv7yw\" src=\"https:\/\/static.xx.fbcdn.net\/images\/emoji.php\/v9\/t22\/1\/16\/260e.png\" alt=\"\u260e\ufe0f\" width=\"16\" height=\"16\" \/><\/span>\u00a0S\u0110T: 0972 887 106 \u2013 0961 909 992<\/div>\n<div dir=\"auto\"><span class=\"html-span xexx8yu xyri2b x18d9i69 x1c1uobl x1hl2dhg x16tdsg8 x1vvkbs x3nfvp2 x1j61x8r x1fcty0u xdj266r xat24cr xm2jcoa x1mpyi22 xxymvpz xlup9mm x1kky2od\"><img loading=\"lazy\" decoding=\"async\" class=\"xz74otr x15mokao x1ga7v0g x16uus16 xbiv7yw\" src=\"https:\/\/static.xx.fbcdn.net\/images\/emoji.php\/v9\/tc0\/1\/16\/1f4e9.png\" alt=\"\ud83d\udce9\" width=\"16\" height=\"16\" \/><\/span>\u00a0Email: contact@kentavietnam.com<\/div>\n<div dir=\"auto\"><span class=\"html-span xexx8yu xyri2b x18d9i69 x1c1uobl x1hl2dhg x16tdsg8 x1vvkbs x3nfvp2 x1j61x8r x1fcty0u xdj266r xat24cr xm2jcoa x1mpyi22 xxymvpz xlup9mm x1kky2od\"><img loading=\"lazy\" decoding=\"async\" class=\"xz74otr x15mokao x1ga7v0g x16uus16 xbiv7yw\" src=\"https:\/\/static.xx.fbcdn.net\/images\/emoji.php\/v9\/taa\/1\/16\/1f310.png\" alt=\"\ud83c\udf10\" width=\"16\" height=\"16\" \/><\/span>\u00a0Website:\u00a0<span class=\"html-span xdj266r x14z9mp xat24cr x1lziwak xexx8yu xyri2b x18d9i69 x1c1uobl x1hl2dhg x16tdsg8 x1vvkbs\"><a class=\"x1i10hfl xjbqb8w x1ejq31n x18oe1m7 x1sy0etr xstzfhl x972fbf x10w94by x1qhh985 x14e42zd x9f619 x1ypdohk xt0psk2 x3ct3a4 xdj266r x14z9mp xat24cr x1lziwak xexx8yu xyri2b x18d9i69 x1c1uobl x16tdsg8 x1hl2dhg xggy1nq x1a2a7pz xkrqix3 x1sur9pj x1fey0fg x1s688f\" tabindex=\"0\" role=\"link\" href=\"https:\/\/l.facebook.com\/l.php?u=http%3A%2F%2Fkentavietnam.com%2F%3Ffbclid%3DIwZXh0bgNhZW0CMTAAYnJpZBExOXR4ZlZ1OTVBbEFKSGlxegEen5zMhAfmcwNmBE4zZYTgVlO-vq7Qs4ImwoRSuU1ab5bBDR8dEE_wzmp_BWY_aem_pUlotNhgDQn7Zls1a6kVWw&amp;h=AT3LvVUQYPIa0XYrtUlqv2kTA69l4I5Zaf2Q0rMN8pXz6tcCqMKFXkPVHsA9UdtuA7vF58X9L3VzCQpA3UlpmJvQTHkr4RbFhLUIC8mRCJ720SI4UNtqQ7AIZ5ci_Nk4wuAtRMBTW3_mvRqa&amp;__tn__=-UK-R&amp;c[0]=AT3ob5MAFvp0Sm7cjT5LuG4WGC1hKHcBaeJE6W6GWzy_VwitaITnDNay-N3WRv77MDqufhzPCEZTAPOQ4O-j0Dae_KKIM_jlmoxRf1yZ1CL3FpI66voX1_ZW_hr6jcWBK_Dvqbp80l74Nrbn4qfLxetCXSqSwSqWQXdLH3ifjTjSEM8cNKZr3dYzXM2qS1XCvRdClncF6oh51CiWCpECj8x-_A\" target=\"_blank\" rel=\"nofollow noopener noreferrer\">kentavietnam.com<\/a><\/span><\/div>\n<\/div>","protected":false},"excerpt":{"rendered":"<h4><strong>&#8211; T\u1ea3i tr\u1ecdng: 10 t\u1ea5n<\/strong><\/h4>\n<h4><strong>&#8211; H\u00e0nh tr\u00ecnh: 15mm<\/strong><\/h4>\n<h4><strong>&#8211; Chi\u1ec1u cao \u0111\u00f3ng\/ Chi\u1ec1u cao ch\u1ebft: 46mm<\/strong><\/h4>\n<h4><strong>&#8211; Lo\u1ea1i k\u00edch: K\u00edch 1 chi\u1ec1u \u0111\u1eb7c\u00a0<\/strong><\/h4>\n<h4><strong>&#8211; Th\u01b0\u01a1ng hi\u1ec7u xu\u1ea5t s\u1ee9 : Holmatro (H\u00e0 Lan)<\/strong><\/h4>\n<h4><strong>&#8211; Ph\u00e2n lo\u1ea1i: K\u00edch thu\u1ef7 l\u1ef1c 100 t\u1ea5n<\/strong><\/h4>\n<h4><strong>\u2013 Applications: Rescue, industrial construction and maintenance, manufacturing and mechanical industries<\/strong><\/h4>","protected":false},"featured_media":1354,"comment_status":"open","ping_status":"closed","template":"","meta":[],"product_brand":[],"product_cat":[86],"product_tag":[],"class_list":{"0":"post-1353","1":"product","2":"type-product","3":"status-publish","4":"has-post-thumbnail","6":"product_cat-kich-thuy-luc","8":"first","9":"instock","10":"shipping-taxable","11":"product-type-simple"},"_links":{"self":[{"href":"https:\/\/kentavietnam.com\/en\/wp-json\/wp\/v2\/product\/1353","targetHints":{"allow":["GET"]}}],"collection":[{"href":"https:\/\/kentavietnam.com\/en\/wp-json\/wp\/v2\/product"}],"about":[{"href":"https:\/\/kentavietnam.com\/en\/wp-json\/wp\/v2\/types\/product"}],"replies":[{"embeddable":true,"href":"https:\/\/kentavietnam.com\/en\/wp-json\/wp\/v2\/comments?post=1353"}],"wp:featuredmedia":[{"embeddable":true,"href":"https:\/\/kentavietnam.com\/en\/wp-json\/wp\/v2\/media\/1354"}],"wp:attachment":[{"href":"https:\/\/kentavietnam.com\/en\/wp-json\/wp\/v2\/media?parent=1353"}],"wp:term":[{"taxonomy":"product_brand","embeddable":true,"href":"https:\/\/kentavietnam.com\/en\/wp-json\/wp\/v2\/product_brand?post=1353"},{"taxonomy":"product_cat","embeddable":true,"href":"https:\/\/kentavietnam.com\/en\/wp-json\/wp\/v2\/product_cat?post=1353"},{"taxonomy":"product_tag","embeddable":true,"href":"https:\/\/kentavietnam.com\/en\/wp-json\/wp\/v2\/product_tag?post=1353"}],"curies":[{"name":"wp","href":"https:\/\/api.w.org\/{rel}","templated":true}]}}