{"id":1805,"date":"2025-09-11T07:00:24","date_gmt":"2025-09-11T07:00:24","guid":{"rendered":"https:\/\/kentavietnam.com\/?post_type=product&#038;p=1805"},"modified":"2025-09-11T07:00:24","modified_gmt":"2025-09-11T07:00:24","slug":"he-san-noi-chong-chay-chong-on-scc-a60-floating-floor-2","status":"publish","type":"product","link":"https:\/\/kentavietnam.com\/en\/product\/he-san-noi-chong-chay-chong-on-scc-a60-floating-floor-2\/","title":{"rendered":"Fireproof, soundproof floating floor system: SCC \u2013 A60 Floating floor"},"content":{"rendered":"<h2 data-start=\"589\" data-end=\"650\">H\u1ec7 s\u00e0n n\u1ed5i ch\u1ed1ng ch\u00e1y, ch\u1ed1ng \u1ed3n SCC &#8211; A60 Floating Floor<\/h2>\n<p data-start=\"652\" data-end=\"1095\"><strong data-start=\"652\" data-end=\"680\">SCC &#8211; A60 Floating Floor<\/strong> l\u00e0 h\u1ec7 s\u00e0n n\u1ed5i chuy\u00ean d\u1ee5ng \u0111\u1ea1t chu\u1ea9n <strong data-start=\"717\" data-end=\"724\">A60<\/strong> v\u1ec1 ch\u1ed1ng ch\u00e1y v\u00e0 c\u00e1ch \u00e2m, \u0111\u01b0\u1ee3c thi\u1ebft k\u1ebf \u0111\u1eb7c bi\u1ec7t cho c\u00e1c c\u00f4ng tr\u00ecnh y\u00eau c\u1ea7u <strong data-start=\"801\" data-end=\"841\">an to\u00e0n \u2013 b\u1ec1n v\u1eefng \u2013 hi\u1ec7u qu\u1ea3 \u00e2m h\u1ecdc<\/strong> nh\u01b0 du thuy\u1ec1n, t\u00e0u kh\u00e1ch, t\u00e0u c\u00f4ng tr\u00ecnh v\u00e0 c\u00e1c khu v\u1ef1c k\u1ef9 thu\u1eadt. V\u1edbi c\u1ea5u tr\u00fac nhi\u1ec1u l\u1edbp, s\u1ea3n ph\u1ea9m v\u1eeba \u0111\u1ea3m b\u1ea3o <strong data-start=\"953\" data-end=\"985\">kh\u1ea3 n\u0103ng c\u00e1ch nhi\u1ec7t, c\u00e1ch \u00e2m<\/strong>, v\u1eeba <strong data-start=\"991\" data-end=\"1018\">t\u0103ng \u0111\u1ed9 an to\u00e0n ch\u00e1y n\u1ed5<\/strong>, \u0111\u00e1p \u1ee9ng c\u00e1c ti\u00eau chu\u1ea9n qu\u1ed1c t\u1ebf kh\u1eaft khe trong ng\u00e0nh h\u00e0ng h\u1ea3i v\u00e0 x\u00e2y d\u1ef1ng.<\/p>\n<h3 data-start=\"1097\" data-end=\"1150\">Th\u00f4ng s\u1ed1 k\u1ef9 thu\u1eadt (tham kh\u1ea3o chung cho h\u1ec7 A60):<\/h3>\n<ul data-start=\"1151\" data-end=\"1446\">\n<li data-start=\"1151\" data-end=\"1201\">\n<p data-start=\"1153\" data-end=\"1201\">Lo\u1ea1i s\u1ea3n ph\u1ea9m: H\u1ec7 s\u00e0n n\u1ed5i ch\u1ed1ng ch\u00e1y, ch\u1ed1ng \u1ed3n<\/p>\n<\/li>\n<li data-start=\"1202\" data-end=\"1263\">\n<p data-start=\"1204\" data-end=\"1263\">C\u1ea5p ch\u1ed1ng ch\u00e1y: A60 (ch\u1ecbu l\u1eeda \u0111\u1ebfn 60 ph\u00fat theo chu\u1ea9n IMO)<\/p>\n<\/li>\n<li data-start=\"1264\" data-end=\"1320\">\n<p data-start=\"1266\" data-end=\"1320\">Kh\u1ea3 n\u0103ng c\u00e1ch \u00e2m: H\u1ea5p th\u1ee5 v\u00e0 gi\u1ea3m truy\u1ec1n \u00e2m hi\u1ec7u qu\u1ea3<\/p>\n<\/li>\n<li data-start=\"1321\" data-end=\"1399\">\n<p data-start=\"1323\" data-end=\"1399\">\u1ee8ng d\u1ee5ng: L\u1eafp \u0111\u1eb7t trong khoang t\u00e0u, du thuy\u1ec1n, ph\u00f2ng m\u00e1y, khu v\u1ef1c k\u1ef9 thu\u1eadt<\/p>\n<\/li>\n<li data-start=\"1400\" data-end=\"1446\">\n<p data-start=\"1402\" data-end=\"1446\">\u0110\u1eb7c t\u00ednh: B\u1ec1n, nh\u1eb9, d\u1ec5 thi c\u00f4ng v\u00e0 b\u1ea3o tr\u00ec<\/p>\n<\/li>\n<\/ul>\n<h3 data-start=\"1448\" data-end=\"1463\">Characteristics:<\/h3>\n<ul data-start=\"1464\" data-end=\"1839\">\n<li data-start=\"1464\" data-end=\"1534\">\n<p data-start=\"1466\" data-end=\"1534\"><strong data-start=\"1466\" data-end=\"1490\">Ch\u1ed1ng ch\u00e1y chu\u1ea9n A60<\/strong>, b\u1ea3o v\u1ec7 an to\u00e0n trong tr\u01b0\u1eddng h\u1ee3p h\u1ecfa ho\u1ea1n<\/p>\n<\/li>\n<li data-start=\"1535\" data-end=\"1621\">\n<p data-start=\"1537\" data-end=\"1621\"><strong data-start=\"1537\" data-end=\"1567\">Kh\u1ea3 n\u0103ng c\u00e1ch \u00e2m v\u01b0\u1ee3t tr\u1ed9i<\/strong>, gi\u1ea3m truy\u1ec1n ti\u1ebfng \u1ed3n gi\u1eefa c\u00e1c khoang v\u00e0 kh\u00f4ng gian<\/p>\n<\/li>\n<li data-start=\"1622\" data-end=\"1698\">\n<p data-start=\"1624\" data-end=\"1698\"><strong data-start=\"1624\" data-end=\"1659\">K\u1ebft c\u1ea5u ch\u1eafc ch\u1eafn, ch\u1ecbu l\u1ef1c t\u1ed1t<\/strong> ph\u00f9 h\u1ee3p cho m\u00f4i tr\u01b0\u1eddng rung \u0111\u1ed9ng cao<\/p>\n<\/li>\n<li data-start=\"1699\" data-end=\"1775\">\n<p data-start=\"1701\" data-end=\"1775\"><strong data-start=\"1701\" data-end=\"1737\">V\u1eadt li\u1ec7u b\u1ec1n, ch\u1ed1ng \u1ea9m v\u00e0 \u0103n m\u00f2n<\/strong>, ph\u00f9 h\u1ee3p \u0111i\u1ec1u ki\u1ec7n bi\u1ec3n kh\u1eafc nghi\u1ec7t<\/p>\n<\/li>\n<li data-start=\"1776\" data-end=\"1839\">\n<p data-start=\"1778\" data-end=\"1839\"><strong data-start=\"1778\" data-end=\"1809\">Thi c\u00f4ng v\u00e0 b\u1ea3o tr\u00ec d\u1ec5 d\u00e0ng<\/strong>, ti\u1ebft ki\u1ec7m chi ph\u00ed v\u1eadn h\u00e0nh<\/p>\n<\/li>\n<\/ul>\n<h3 data-start=\"1841\" data-end=\"1856\">Applications:<\/h3>\n<ul data-start=\"1857\" data-end=\"2094\">\n<li data-start=\"1857\" data-end=\"1934\">\n<p data-start=\"1859\" data-end=\"1934\"><strong data-start=\"1859\" data-end=\"1878\">Maritime industry:<\/strong> Du thuy\u1ec1n, t\u00e0u kh\u00e1ch, t\u00e0u c\u00f4ng tr\u00ecnh, t\u00e0u chuy\u00ean d\u1ee5ng<\/p>\n<\/li>\n<li data-start=\"1935\" data-end=\"2003\">\n<p data-start=\"1937\" data-end=\"2003\"><strong data-start=\"1937\" data-end=\"1959\">Industrial sector:<\/strong> C\u00e1c khu v\u1ef1c c\u1ea7n ch\u1ed1ng ch\u00e1y v\u00e0 c\u00e1ch \u00e2m cao<\/p>\n<\/li>\n<li data-start=\"2004\" data-end=\"2094\">\n<p data-start=\"2006\" data-end=\"2094\"><strong data-start=\"2006\" data-end=\"2028\">Ki\u1ebfn tr\u00fac \u0111\u1eb7c th\u00f9:<\/strong> H\u1ec7 th\u1ed1ng ph\u00f2ng k\u1ef9 thu\u1eadt, kh\u00f4ng gian \u0111\u00f2i h\u1ecfi an to\u00e0n v\u00e0 y\u00ean t\u0129nh<\/p>\n<\/li>\n<\/ul>\n<p><strong>Contact information:<\/strong><\/p>\n<div dir=\"auto\">&#8212;&#8212;&#8212;&#8212;<\/div>\n<div dir=\"auto\">KENTA VIETNAM \u2013 QUALITY BUILDS TRUST<\/div>\n<div dir=\"auto\"><span class=\"html-span xexx8yu xyri2b x18d9i69 x1c1uobl x1hl2dhg x16tdsg8 x1vvkbs x3nfvp2 x1j61x8r x1fcty0u xdj266r xat24cr xm2jcoa x1mpyi22 xxymvpz xlup9mm x1kky2od\"><img loading=\"lazy\" decoding=\"async\" class=\"xz74otr x15mokao x1ga7v0g x16uus16 xbiv7yw\" src=\"https:\/\/static.xx.fbcdn.net\/images\/emoji.php\/v9\/tf8\/1\/16\/1f3e2.png\" alt=\"\ud83c\udfe2\" width=\"16\" height=\"16\" \/><\/span> Main office: No. 22, Phung Cong service area, Phung Cong Commune, Hung Yen province<\/div>\n<div dir=\"auto\"><span class=\"html-span xexx8yu xyri2b x18d9i69 x1c1uobl x1hl2dhg x16tdsg8 x1vvkbs x3nfvp2 x1j61x8r x1fcty0u xdj266r xat24cr xm2jcoa x1mpyi22 xxymvpz xlup9mm x1kky2od\"><img loading=\"lazy\" decoding=\"async\" class=\"xz74otr x15mokao x1ga7v0g x16uus16 xbiv7yw\" src=\"https:\/\/static.xx.fbcdn.net\/images\/emoji.php\/v9\/tf6\/1\/16\/1f3e0.png\" alt=\"\ud83c\udfe0\" width=\"16\" height=\"16\" \/><\/span> Warehouse No. 1: Ngo Yen Hamlet, Hong An Ward, Hai Phong City (at the foot of Kien Bridge)<\/div>\n<div dir=\"auto\"><span class=\"html-span xexx8yu xyri2b x18d9i69 x1c1uobl x1hl2dhg x16tdsg8 x1vvkbs x3nfvp2 x1j61x8r x1fcty0u xdj266r xat24cr xm2jcoa x1mpyi22 xxymvpz xlup9mm x1kky2od\"><img loading=\"lazy\" decoding=\"async\" class=\"xz74otr x15mokao x1ga7v0g x16uus16 xbiv7yw\" src=\"https:\/\/static.xx.fbcdn.net\/images\/emoji.php\/v9\/tf6\/1\/16\/1f3e0.png\" alt=\"\ud83c\udfe0\" width=\"16\" height=\"16\" \/><\/span> Warehouse No. 2: No. 22, Phung Cong service area, Phung Cong Commune, Hung Yen province<\/div>\n<div dir=\"auto\"><span class=\"html-span xexx8yu xyri2b x18d9i69 x1c1uobl x1hl2dhg x16tdsg8 x1vvkbs x3nfvp2 x1j61x8r x1fcty0u xdj266r xat24cr xm2jcoa x1mpyi22 xxymvpz xlup9mm x1kky2od\"><img loading=\"lazy\" decoding=\"async\" class=\"xz74otr x15mokao x1ga7v0g x16uus16 xbiv7yw\" src=\"https:\/\/static.xx.fbcdn.net\/images\/emoji.php\/v9\/t22\/1\/16\/260e.png\" alt=\"\u260e\ufe0f\" width=\"16\" height=\"16\" \/><\/span> Phone: 0972 887 106 \u2013 0961 909 992<\/div>\n<div dir=\"auto\"><span class=\"html-span xexx8yu xyri2b x18d9i69 x1c1uobl x1hl2dhg x16tdsg8 x1vvkbs x3nfvp2 x1j61x8r x1fcty0u xdj266r xat24cr xm2jcoa x1mpyi22 xxymvpz xlup9mm x1kky2od\"><img loading=\"lazy\" decoding=\"async\" class=\"xz74otr x15mokao x1ga7v0g x16uus16 xbiv7yw\" src=\"https:\/\/static.xx.fbcdn.net\/images\/emoji.php\/v9\/tc0\/1\/16\/1f4e9.png\" alt=\"\ud83d\udce9\" width=\"16\" height=\"16\" \/><\/span> Email: contact@kentavietnam.com<\/div>\n<div dir=\"auto\"><span class=\"html-span xexx8yu xyri2b x18d9i69 x1c1uobl x1hl2dhg x16tdsg8 x1vvkbs x3nfvp2 x1j61x8r x1fcty0u xdj266r xat24cr xm2jcoa x1mpyi22 xxymvpz xlup9mm x1kky2od\" style=\"color: #555555; font-size: 14.4px;\"><img loading=\"lazy\" decoding=\"async\" class=\"xz74otr x15mokao x1ga7v0g x16uus16 xbiv7yw\" src=\"https:\/\/static.xx.fbcdn.net\/images\/emoji.php\/v9\/taa\/1\/16\/1f310.png\" alt=\"\ud83c\udf10\" width=\"16\" height=\"16\" \/><\/span><span style=\"color: #555555; font-size: 14.4px;\"> Website: <\/span><span class=\"html-span xdj266r x14z9mp xat24cr x1lziwak xexx8yu xyri2b x18d9i69 x1c1uobl x1hl2dhg x16tdsg8 x1vvkbs\" style=\"color: #555555; font-size: 14.4px;\"><a class=\"x1i10hfl xjbqb8w x1ejq31n x18oe1m7 x1sy0etr xstzfhl x972fbf x10w94by x1qhh985 x14e42zd x9f619 x1ypdohk xt0psk2 x3ct3a4 xdj266r x14z9mp xat24cr x1lziwak xexx8yu xyri2b x18d9i69 x1c1uobl x16tdsg8 x1hl2dhg xggy1nq x1a2a7pz xkrqix3 x1sur9pj x1fey0fg x1s688f\" tabindex=\"0\" role=\"link\" href=\"https:\/\/l.facebook.com\/l.php?u=http%3A%2F%2Fkentavietnam.com%2F%3Ffbclid%3DIwZXh0bgNhZW0CMTAAYnJpZBExRFlBMFRJNEVXdzlFMlY3dwEey8PLkHsb0nmPS0pSjsrwfMu6_fyIeBz1c2obYAUjOOIUIoawAzwYtW0R6cs_aem_NNCrKH7MPslUBcFdcLNrqg&amp;h=AT0H0-N7ynJNVwd1pu-oJor_JxClXzvBu7HLxMxZgAl0jlIYGv5sUAmPSqB54YzQ11vxJDHIGR_LFcHtVhHMzmjXjgaYTCM9xgUKsuKidh0rjl1DtcCxwAFkVDbvypc5vZmDjFyC6_JUozDY&amp;__tn__=-UK-R&amp;c[0]=AT2IInaRTNBvD1jZ51baBPydnm8U2IfHoeIle0tnAy887Yl6evSWqNRDMe9ZQ8c_xeW4bBFlThW1ySLRj8VjEYkf4sjjCX8heOm249ziYDEtjV8R88sHnCkopYoK0R4IRnUV-TNJq0Ubu3rjFZT9gB5J4rIdtKBwc3nILyCbYADyd2FCb6BPMdPe4qzy9XhxiRixXCIt6VcMz6zqrfjrJKWWgg\" target=\"_blank\" rel=\"nofollow noopener noreferrer\">kentavietnam.com<\/a><\/span><\/div>","protected":false},"excerpt":{"rendered":"<h3 data-start=\"2101\" data-end=\"2130\">M\u00f4 t\u1ea3 ng\u1eafn c\u1ee7a s\u1ea3n ph\u1ea9m<\/h3>\n<ul data-start=\"2131\" data-end=\"2379\">\n<li data-start=\"2131\" data-end=\"2173\">\n<p data-start=\"2133\" data-end=\"2173\">T\u00ean s\u1ea3n ph\u1ea9m: SCC &#8211; A60 Floating Floor<\/p>\n<\/li>\n<li data-start=\"2174\" data-end=\"2215\">\n<p data-start=\"2176\" data-end=\"2215\">Lo\u1ea1i: H\u1ec7 s\u00e0n n\u1ed5i ch\u1ed1ng ch\u00e1y, ch\u1ed1ng \u1ed3n<\/p>\n<\/li>\n<li data-start=\"2216\" data-end=\"2251\">\n<p data-start=\"2218\" data-end=\"2251\">C\u1ea5p ch\u1ed1ng ch\u00e1y: A60 (chu\u1ea9n IMO)<\/p>\n<\/li>\n<li data-start=\"2252\" data-end=\"2310\">\n<p data-start=\"2254\" data-end=\"2310\">\u0110\u1eb7c t\u00ednh: C\u00e1ch \u00e2m, ch\u1ecbu l\u1ef1c, b\u1ec1n trong m\u00f4i tr\u01b0\u1eddng bi\u1ec3n<\/p>\n<\/li>\n<li data-start=\"2311\" data-end=\"2379\">\n<p data-start=\"2313\" data-end=\"2379\">\u1ee8ng d\u1ee5ng: Du thuy\u1ec1n, t\u00e0u kh\u00e1ch, t\u00e0u c\u00f4ng tr\u00ecnh, khu v\u1ef1c k\u1ef9 thu\u1eadt<\/p>\n<\/li>\n<\/ul>","protected":false},"featured_media":2807,"comment_status":"open","ping_status":"closed","template":"","meta":[],"product_brand":[],"product_cat":[49],"product_tag":[],"class_list":{"0":"post-1805","1":"product","2":"type-product","3":"status-publish","4":"has-post-thumbnail","6":"product_cat-vat-tu-va-thiet-bi","8":"first","9":"instock","10":"shipping-taxable","11":"product-type-simple"},"_links":{"self":[{"href":"https:\/\/kentavietnam.com\/en\/wp-json\/wp\/v2\/product\/1805","targetHints":{"allow":["GET"]}}],"collection":[{"href":"https:\/\/kentavietnam.com\/en\/wp-json\/wp\/v2\/product"}],"about":[{"href":"https:\/\/kentavietnam.com\/en\/wp-json\/wp\/v2\/types\/product"}],"replies":[{"embeddable":true,"href":"https:\/\/kentavietnam.com\/en\/wp-json\/wp\/v2\/comments?post=1805"}],"wp:featuredmedia":[{"embeddable":true,"href":"https:\/\/kentavietnam.com\/en\/wp-json\/wp\/v2\/media\/2807"}],"wp:attachment":[{"href":"https:\/\/kentavietnam.com\/en\/wp-json\/wp\/v2\/media?parent=1805"}],"wp:term":[{"taxonomy":"product_brand","embeddable":true,"href":"https:\/\/kentavietnam.com\/en\/wp-json\/wp\/v2\/product_brand?post=1805"},{"taxonomy":"product_cat","embeddable":true,"href":"https:\/\/kentavietnam.com\/en\/wp-json\/wp\/v2\/product_cat?post=1805"},{"taxonomy":"product_tag","embeddable":true,"href":"https:\/\/kentavietnam.com\/en\/wp-json\/wp\/v2\/product_tag?post=1805"}],"curies":[{"name":"wp","href":"https:\/\/api.w.org\/{rel}","templated":true}]}}