{"id":2781,"date":"2025-09-10T07:19:34","date_gmt":"2025-09-10T07:19:34","guid":{"rendered":"https:\/\/kentavietnam.com\/?post_type=product&#038;p=2781"},"modified":"2025-09-17T08:48:23","modified_gmt":"2025-09-17T08:48:23","slug":"dong-ho-do-ap-luc-m-308","status":"publish","type":"product","link":"https:\/\/kentavietnam.com\/en\/product\/dong-ho-do-ap-luc-m-308\/","title":{"rendered":"\u0110\u1ed3ng h\u1ed3 \u0111o \u00e1p l\u1ef1c M 308"},"content":{"rendered":"<h2 data-start=\"178\" data-end=\"610\">\u0110\u1ed3ng h\u1ed3 \u0111o \u00e1p l\u1ef1c M 308<\/h2>\n<p data-start=\"178\" data-end=\"610\"><strong data-start=\"178\" data-end=\"205\">\u0110\u1ed3ng h\u1ed3 \u0111o \u00e1p l\u1ef1c M 308<\/strong> l\u00e0 thi\u1ebft b\u1ecb \u0111o \u00e1p su\u1ea5t \u0111\u01b0\u1ee3c s\u1eed d\u1ee5ng ph\u1ed5 bi\u1ebfn trong nhi\u1ec1u ng\u00e0nh c\u00f4ng nghi\u1ec7p hi\u1ec7n nay. S\u1ea3n ph\u1ea9m \u0111\u01b0\u1ee3c s\u1ea3n xu\u1ea5t tr\u00ean d\u00e2y chuy\u1ec1n c\u00f4ng ngh\u1ec7 hi\u1ec7n \u0111\u1ea1i, c\u00f3 \u0111\u1ed9 ch\u00ednh x\u00e1c cao, \u0111\u1ed9 b\u1ec1n v\u01b0\u1ee3t tr\u1ed9i v\u00e0 kh\u1ea3 n\u0103ng ho\u1ea1t \u0111\u1ed9ng \u1ed5n \u0111\u1ecbnh ngay c\u1ea3 trong m\u00f4i tr\u01b0\u1eddng kh\u1eafc nghi\u1ec7t. V\u1edbi thi\u1ebft k\u1ebf nh\u1ecf g\u1ecdn v\u00e0 d\u1ec5 s\u1eed d\u1ee5ng, M 308 l\u00e0 gi\u1ea3i ph\u00e1p t\u1ed1i \u01b0u cho vi\u1ec7c gi\u00e1m s\u00e1t \u00e1p l\u1ef1c trong h\u1ec7 th\u1ed1ng th\u1ee7y l\u1ef1c, kh\u00ed n\u00e9n v\u00e0 nhi\u1ec1u \u1ee9ng d\u1ee5ng k\u1ef9 thu\u1eadt kh\u00e1c.<\/p>\n<h3 data-start=\"612\" data-end=\"636\">Technical specifications:<\/h3>\n<ul data-start=\"637\" data-end=\"898\">\n<li data-start=\"637\" data-end=\"700\">\n<p data-start=\"639\" data-end=\"700\">Thang \u0111o \u00e1p l\u1ef1c: 0 \u2013 250 bar (c\u00f3 th\u1ec3 thay \u0111\u1ed5i theo y\u00eau c\u1ea7u)<\/p>\n<\/li>\n<li data-start=\"701\" data-end=\"743\">\n<p data-start=\"703\" data-end=\"743\">\u0110\u01b0\u1eddng k\u00ednh m\u1eb7t \u0111\u1ed3ng h\u1ed3: 63 mm \/ 100 mm<\/p>\n<\/li>\n<li data-start=\"744\" data-end=\"768\">\n<p data-start=\"746\" data-end=\"768\">C\u1ea5p ch\u00ednh x\u00e1c: \u00b11,6%<\/p>\n<\/li>\n<li data-start=\"769\" data-end=\"814\">\n<p data-start=\"771\" data-end=\"814\">Ki\u1ec3u k\u1ebft n\u1ed1i: Ren d\u01b0\u1edbi ti\u00eau chu\u1ea9n BSP\/NPT<\/p>\n<\/li>\n<li data-start=\"815\" data-end=\"859\">\n<p data-start=\"817\" data-end=\"859\">V\u1eadt li\u1ec7u v\u1ecf: Th\u00e9p kh\u00f4ng g\u1ec9, ch\u1ed1ng \u0103n m\u00f2n<\/p>\n<\/li>\n<li data-start=\"860\" data-end=\"898\">\n<p data-start=\"862\" data-end=\"898\">Tr\u1ecdng l\u01b0\u1ee3ng s\u1ea3n ph\u1ea9m: ~0.8 \u2013 1.0kg<\/p>\n<\/li>\n<\/ul>\n<h3 data-start=\"900\" data-end=\"915\">Characteristics:<\/h3>\n<ul data-start=\"916\" data-end=\"1110\">\n<li data-start=\"916\" data-end=\"963\">\n<p data-start=\"918\" data-end=\"963\">Thi\u1ebft k\u1ebf ch\u1eafc ch\u1eafn, m\u1eb7t \u0111\u1ed3ng h\u1ed3 d\u1ec5 quan s\u00e1t<\/p>\n<\/li>\n<li data-start=\"964\" data-end=\"1030\">\n<p data-start=\"966\" data-end=\"1030\">V\u1ecf th\u00e9p kh\u00f4ng g\u1ec9 b\u1ec1n b\u1ec9, ch\u1ecbu \u0111\u01b0\u1ee3c m\u00f4i tr\u01b0\u1eddng \u1ea9m \u01b0\u1edbt v\u00e0 \u0103n m\u00f2n<\/p>\n<\/li>\n<li data-start=\"1031\" data-end=\"1068\">\n<p data-start=\"1033\" data-end=\"1068\">Ho\u1ea1t \u0111\u1ed9ng \u1ed5n \u0111\u1ecbnh v\u1edbi sai s\u1ed1 th\u1ea5p<\/p>\n<\/li>\n<li data-start=\"1069\" data-end=\"1110\">\n<p data-start=\"1071\" data-end=\"1110\">D\u1ec5 d\u00e0ng l\u1eafp \u0111\u1eb7t, s\u1eed d\u1ee5ng v\u00e0 b\u1ea3o d\u01b0\u1ee1ng<\/p>\n<\/li>\n<\/ul>\n<h3 data-start=\"1112\" data-end=\"1127\">Applications:<\/h3>\n<ul data-start=\"1128\" data-end=\"1506\">\n<li data-start=\"1128\" data-end=\"1227\">\n<p data-start=\"1130\" data-end=\"1227\"><strong data-start=\"1130\" data-end=\"1161\">Ng\u00e0nh c\u01a1 kh\u00ed &amp; ch\u1ebf t\u1ea1o m\u00e1y:<\/strong> Theo d\u00f5i \u00e1p su\u1ea5t trong h\u1ec7 th\u1ed1ng th\u1ee7y l\u1ef1c, kh\u00ed n\u00e9n, m\u00e1y n\u00e9n kh\u00ed.<\/p>\n<\/li>\n<li data-start=\"1228\" data-end=\"1315\">\n<p data-start=\"1230\" data-end=\"1315\"><strong data-start=\"1230\" data-end=\"1259\">Ng\u00e0nh d\u1ea7u kh\u00ed \u2013 h\u00f3a ch\u1ea5t:<\/strong> Ki\u1ec3m so\u00e1t \u00e1p su\u1ea5t trong b\u1ed3n ch\u1ee9a, h\u1ec7 th\u1ed1ng \u0111\u01b0\u1eddng \u1ed1ng.<\/p>\n<\/li>\n<li data-start=\"1316\" data-end=\"1412\">\n<p data-start=\"1318\" data-end=\"1412\"><strong data-start=\"1318\" data-end=\"1354\">Ng\u00e0nh x\u00e2y d\u1ef1ng \u2013 c\u1ea5p tho\u00e1t n\u01b0\u1edbc:<\/strong> \u0110\u1ea3m b\u1ea3o v\u1eadn h\u00e0nh \u1ed5n \u0111\u1ecbnh cho h\u1ec7 th\u1ed1ng b\u01a1m v\u00e0 \u0111\u01b0\u1eddng \u1ed1ng.<\/p>\n<\/li>\n<li data-start=\"1413\" data-end=\"1506\">\n<p data-start=\"1415\" data-end=\"1506\"><strong data-start=\"1415\" data-end=\"1437\">HVAC &amp; n\u0103ng l\u01b0\u1ee3ng:<\/strong> \u1ee8ng d\u1ee5ng trong h\u1ec7 th\u1ed1ng \u0111i\u1ec1u h\u00f2a, l\u00f2 h\u01a1i, m\u00e1y ph\u00e1t \u0111i\u1ec7n v\u00e0 tuabin.<\/p>\n<\/li>\n<\/ul>\n<p><strong>S\u1ea3n ph\u1ea9m s\u1eb5n h\u00e0ng t\u1ea1i kho Kenta Vi\u1ec7t Nam<\/strong><\/p>\n<p><img loading=\"lazy\" decoding=\"async\" class=\"alignnone size-medium wp-image-2715\" src=\"https:\/\/kentavietnam.com\/wp-content\/uploads\/2024\/10\/7ab27301daf252ac0be397-300x225.jpg\" sizes=\"auto, (max-width: 300px) 100vw, 300px\" srcset=\"https:\/\/kentavietnam.com\/wp-content\/uploads\/2024\/10\/7ab27301daf252ac0be397-300x225.jpg?v=1756087778 300w, https:\/\/kentavietnam.com\/wp-content\/uploads\/2024\/10\/7ab27301daf252ac0be397-1024x768.jpg?v=1756087778 1024w, https:\/\/kentavietnam.com\/wp-content\/uploads\/2024\/10\/7ab27301daf252ac0be397-768x576.jpg?v=1756087778 768w, https:\/\/kentavietnam.com\/wp-content\/uploads\/2024\/10\/7ab27301daf252ac0be397-16x12.jpg?v=1756087778 16w, https:\/\/kentavietnam.com\/wp-content\/uploads\/2024\/10\/7ab27301daf252ac0be397-600x450.jpg?v=1756087778 600w, https:\/\/kentavietnam.com\/wp-content\/uploads\/2024\/10\/7ab27301daf252ac0be397.jpg?v=1756087778 1280w\" alt=\"\" width=\"300\" height=\"225\" \/>\u00a0 \u00a0\u00a0<img loading=\"lazy\" decoding=\"async\" class=\"alignnone wp-image-2732\" src=\"https:\/\/kentavietnam.com\/wp-content\/uploads\/2024\/10\/6978360b9ef816a64fe9108-e1756088920236-300x269.jpg\" sizes=\"auto, (max-width: 251px) 100vw, 251px\" srcset=\"https:\/\/kentavietnam.com\/wp-content\/uploads\/2024\/10\/6978360b9ef816a64fe9108-e1756088920236-300x269.jpg?v=1756087856 300w, https:\/\/kentavietnam.com\/wp-content\/uploads\/2024\/10\/6978360b9ef816a64fe9108-e1756088920236-1024x918.jpg?v=1756087856 1024w, https:\/\/kentavietnam.com\/wp-content\/uploads\/2024\/10\/6978360b9ef816a64fe9108-e1756088920236-768x689.jpg?v=1756087856 768w, https:\/\/kentavietnam.com\/wp-content\/uploads\/2024\/10\/6978360b9ef816a64fe9108-e1756088920236-13x12.jpg?v=1756087856 13w, https:\/\/kentavietnam.com\/wp-content\/uploads\/2024\/10\/6978360b9ef816a64fe9108-e1756088920236-600x538.jpg?v=1756087856 600w, https:\/\/kentavietnam.com\/wp-content\/uploads\/2024\/10\/6978360b9ef816a64fe9108-e1756088920236.jpg?v=1756087856 1160w\" alt=\"\" width=\"251\" height=\"225\" \/>\u00a0 \u00a0\u00a0<img loading=\"lazy\" decoding=\"async\" class=\"alignnone size-medium wp-image-2718\" src=\"https:\/\/kentavietnam.com\/wp-content\/uploads\/2024\/10\/8f41e3014bf2c3ac9ae3106-300x225.jpg\" sizes=\"auto, (max-width: 300px) 100vw, 300px\" srcset=\"https:\/\/kentavietnam.com\/wp-content\/uploads\/2024\/10\/8f41e3014bf2c3ac9ae3106-300x225.jpg?v=1756087794 300w, https:\/\/kentavietnam.com\/wp-content\/uploads\/2024\/10\/8f41e3014bf2c3ac9ae3106-1024x767.jpg?v=1756087794 1024w, https:\/\/kentavietnam.com\/wp-content\/uploads\/2024\/10\/8f41e3014bf2c3ac9ae3106-768x575.jpg?v=1756087794 768w, https:\/\/kentavietnam.com\/wp-content\/uploads\/2024\/10\/8f41e3014bf2c3ac9ae3106-16x12.jpg?v=1756087794 16w, https:\/\/kentavietnam.com\/wp-content\/uploads\/2024\/10\/8f41e3014bf2c3ac9ae3106-600x450.jpg?v=1756087794 600w, https:\/\/kentavietnam.com\/wp-content\/uploads\/2024\/10\/8f41e3014bf2c3ac9ae3106.jpg?v=1756087794 1280w\" alt=\"\" width=\"300\" height=\"225\" \/><\/p>\n<p><strong>Contact information:<\/strong><\/p>\n<div dir=\"auto\">KENTA VIETNAM \u2013 QUALITY CREATES TRUST<\/div>\n<div dir=\"auto\"><span class=\"html-span xexx8yu xyri2b x18d9i69 x1c1uobl x1hl2dhg x16tdsg8 x1vvkbs x3nfvp2 x1j61x8r x1fcty0u xdj266r xat24cr xm2jcoa x1mpyi22 xxymvpz xlup9mm x1kky2od\"><img loading=\"lazy\" decoding=\"async\" class=\"xz74otr x15mokao x1ga7v0g x16uus16 xbiv7yw\" src=\"https:\/\/static.xx.fbcdn.net\/images\/emoji.php\/v9\/tf8\/1\/16\/1f3e2.png\" alt=\"\ud83c\udfe2\" width=\"16\" height=\"16\" \/><\/span>\u00a0Main office: No. 22, Phung Cong service area, Phung Cong Commune, Hung Yen province<\/div>\n<div dir=\"auto\"><span class=\"html-span xexx8yu xyri2b x18d9i69 x1c1uobl x1hl2dhg x16tdsg8 x1vvkbs x3nfvp2 x1j61x8r x1fcty0u xdj266r xat24cr xm2jcoa x1mpyi22 xxymvpz xlup9mm x1kky2od\"><img loading=\"lazy\" decoding=\"async\" class=\"xz74otr x15mokao x1ga7v0g x16uus16 xbiv7yw\" src=\"https:\/\/static.xx.fbcdn.net\/images\/emoji.php\/v9\/tf6\/1\/16\/1f3e0.png\" alt=\"\ud83c\udfe0\" width=\"16\" height=\"16\" \/><\/span>\u00a0Warehouse No. 1: Ngo Yen Hamlet, Hong An Ward, Hai Phong City (at the foot of Kien Bridge)<\/div>\n<div dir=\"auto\"><span class=\"html-span xexx8yu xyri2b x18d9i69 x1c1uobl x1hl2dhg x16tdsg8 x1vvkbs x3nfvp2 x1j61x8r x1fcty0u xdj266r xat24cr xm2jcoa x1mpyi22 xxymvpz xlup9mm x1kky2od\"><img loading=\"lazy\" decoding=\"async\" class=\"xz74otr x15mokao x1ga7v0g x16uus16 xbiv7yw\" src=\"https:\/\/static.xx.fbcdn.net\/images\/emoji.php\/v9\/tf6\/1\/16\/1f3e0.png\" alt=\"\ud83c\udfe0\" width=\"16\" height=\"16\" \/><\/span>\u00a0Warehouse No. 2: No. 22, Phung Cong service area, Phung Cong Commune, Hung Yen province<\/div>\n<div dir=\"auto\"><span class=\"html-span xexx8yu xyri2b x18d9i69 x1c1uobl x1hl2dhg x16tdsg8 x1vvkbs x3nfvp2 x1j61x8r x1fcty0u xdj266r xat24cr xm2jcoa x1mpyi22 xxymvpz xlup9mm x1kky2od\"><img loading=\"lazy\" decoding=\"async\" class=\"xz74otr x15mokao x1ga7v0g x16uus16 xbiv7yw\" src=\"https:\/\/static.xx.fbcdn.net\/images\/emoji.php\/v9\/t22\/1\/16\/260e.png\" alt=\"\u260e\ufe0f\" width=\"16\" height=\"16\" \/><\/span>\u00a0S\u0110T: 0972 887 106 \u2013 0961 909 992<\/div>\n<div dir=\"auto\"><span class=\"html-span xexx8yu xyri2b x18d9i69 x1c1uobl x1hl2dhg x16tdsg8 x1vvkbs x3nfvp2 x1j61x8r x1fcty0u xdj266r xat24cr xm2jcoa x1mpyi22 xxymvpz xlup9mm x1kky2od\"><img loading=\"lazy\" decoding=\"async\" class=\"xz74otr x15mokao x1ga7v0g x16uus16 xbiv7yw\" src=\"https:\/\/static.xx.fbcdn.net\/images\/emoji.php\/v9\/tc0\/1\/16\/1f4e9.png\" alt=\"\ud83d\udce9\" width=\"16\" height=\"16\" \/><\/span>\u00a0Email: contact@kentavietnam.com<\/div>\n<div dir=\"auto\"><span class=\"html-span xexx8yu xyri2b x18d9i69 x1c1uobl x1hl2dhg x16tdsg8 x1vvkbs x3nfvp2 x1j61x8r x1fcty0u xdj266r xat24cr xm2jcoa x1mpyi22 xxymvpz xlup9mm x1kky2od\"><img loading=\"lazy\" decoding=\"async\" class=\"xz74otr x15mokao x1ga7v0g x16uus16 xbiv7yw\" src=\"https:\/\/static.xx.fbcdn.net\/images\/emoji.php\/v9\/taa\/1\/16\/1f310.png\" alt=\"\ud83c\udf10\" width=\"16\" height=\"16\" \/><\/span>\u00a0Website:\u00a0<span class=\"html-span xdj266r x14z9mp xat24cr x1lziwak xexx8yu xyri2b x18d9i69 x1c1uobl x1hl2dhg x16tdsg8 x1vvkbs\"><a class=\"x1i10hfl xjbqb8w x1ejq31n x18oe1m7 x1sy0etr xstzfhl x972fbf x10w94by x1qhh985 x14e42zd x9f619 x1ypdohk xt0psk2 x3ct3a4 xdj266r x14z9mp xat24cr x1lziwak xexx8yu xyri2b x18d9i69 x1c1uobl x16tdsg8 x1hl2dhg xggy1nq x1a2a7pz xkrqix3 x1sur9pj x1fey0fg x1s688f\" tabindex=\"0\" role=\"link\" href=\"https:\/\/l.facebook.com\/l.php?u=http%3A%2F%2Fkentavietnam.com%2F%3Ffbclid%3DIwZXh0bgNhZW0CMTAAYnJpZBExOXR4ZlZ1OTVBbEFKSGlxegEen5zMhAfmcwNmBE4zZYTgVlO-vq7Qs4ImwoRSuU1ab5bBDR8dEE_wzmp_BWY_aem_pUlotNhgDQn7Zls1a6kVWw&amp;h=AT3LvVUQYPIa0XYrtUlqv2kTA69l4I5Zaf2Q0rMN8pXz6tcCqMKFXkPVHsA9UdtuA7vF58X9L3VzCQpA3UlpmJvQTHkr4RbFhLUIC8mRCJ720SI4UNtqQ7AIZ5ci_Nk4wuAtRMBTW3_mvRqa&amp;__tn__=-UK-R&amp;c[0]=AT3ob5MAFvp0Sm7cjT5LuG4WGC1hKHcBaeJE6W6GWzy_VwitaITnDNay-N3WRv77MDqufhzPCEZTAPOQ4O-j0Dae_KKIM_jlmoxRf1yZ1CL3FpI66voX1_ZW_hr6jcWBK_Dvqbp80l74Nrbn4qfLxetCXSqSwSqWQXdLH3ifjTjSEM8cNKZr3dYzXM2qS1XCvRdClncF6oh51CiWCpECj8x-_A\" target=\"_blank\" rel=\"nofollow noopener noreferrer\">kentavietnam.com<\/a><\/span><\/div>","protected":false},"excerpt":{"rendered":"<ul>\n<li data-start=\"1543\" data-end=\"1568\">\n<p data-start=\"1545\" data-end=\"1568\">Thang \u0111o: 0 \u2013 250 bar<\/p>\n<\/li>\n<li data-start=\"1569\" data-end=\"1603\">\n<p data-start=\"1571\" data-end=\"1603\">\u0110\u01b0\u1eddng k\u00ednh m\u1eb7t: 63 mm \/ 100 mm<\/p>\n<\/li>\n<li data-start=\"1604\" data-end=\"1628\">\n<p data-start=\"1606\" data-end=\"1628\">C\u1ea5p ch\u00ednh x\u00e1c: \u00b11,6%<\/p>\n<\/li>\n<li data-start=\"1629\" data-end=\"1658\">\n<p data-start=\"1631\" data-end=\"1658\">K\u1ebft n\u1ed1i: Ren d\u01b0\u1edbi BSP\/NPT<\/p>\n<\/li>\n<li data-start=\"1659\" data-end=\"1689\">\n<p data-start=\"1661\" data-end=\"1689\">V\u1eadt li\u1ec7u v\u1ecf: Th\u00e9p kh\u00f4ng g\u1ec9<\/p>\n<\/li>\n<li data-start=\"1690\" data-end=\"1733\">\n<p data-start=\"1692\" data-end=\"1733\">Th\u01b0\u01a1ng hi\u1ec7u: M Series (xu\u1ea5t x\u1ee9 qu\u1ed1c t\u1ebf)<\/p>\n<\/li>\n<\/ul>","protected":false},"featured_media":2728,"comment_status":"open","ping_status":"closed","template":"","meta":[],"product_brand":[],"product_cat":[237],"product_tag":[],"class_list":{"0":"post-2781","1":"product","2":"type-product","3":"status-publish","4":"has-post-thumbnail","6":"product_cat-ong-dan-dau-dong-ho-khop-noi","8":"first","9":"instock","10":"shipping-taxable","11":"product-type-simple"},"_links":{"self":[{"href":"https:\/\/kentavietnam.com\/en\/wp-json\/wp\/v2\/product\/2781","targetHints":{"allow":["GET"]}}],"collection":[{"href":"https:\/\/kentavietnam.com\/en\/wp-json\/wp\/v2\/product"}],"about":[{"href":"https:\/\/kentavietnam.com\/en\/wp-json\/wp\/v2\/types\/product"}],"replies":[{"embeddable":true,"href":"https:\/\/kentavietnam.com\/en\/wp-json\/wp\/v2\/comments?post=2781"}],"wp:featuredmedia":[{"embeddable":true,"href":"https:\/\/kentavietnam.com\/en\/wp-json\/wp\/v2\/media\/2728"}],"wp:attachment":[{"href":"https:\/\/kentavietnam.com\/en\/wp-json\/wp\/v2\/media?parent=2781"}],"wp:term":[{"taxonomy":"product_brand","embeddable":true,"href":"https:\/\/kentavietnam.com\/en\/wp-json\/wp\/v2\/product_brand?post=2781"},{"taxonomy":"product_cat","embeddable":true,"href":"https:\/\/kentavietnam.com\/en\/wp-json\/wp\/v2\/product_cat?post=2781"},{"taxonomy":"product_tag","embeddable":true,"href":"https:\/\/kentavietnam.com\/en\/wp-json\/wp\/v2\/product_tag?post=2781"}],"curies":[{"name":"wp","href":"https:\/\/api.w.org\/{rel}","templated":true}]}}