{"id":2784,"date":"2025-09-10T07:26:37","date_gmt":"2025-09-10T07:26:37","guid":{"rendered":"https:\/\/kentavietnam.com\/?post_type=product&#038;p=2784"},"modified":"2025-09-17T08:48:10","modified_gmt":"2025-09-17T08:48:10","slug":"ong-dan-dau-h-1-sou-khong-kem-dau-noi-dai-1m-ong","status":"publish","type":"product","link":"https:\/\/kentavietnam.com\/en\/product\/ong-dan-dau-h-1-sou-khong-kem-dau-noi-dai-1m-ong\/","title":{"rendered":"\u1ed0ng d\u1eabn d\u1ea7u H 1 SOU kh\u00f4ng k\u00e8m \u0111\u1ea7u n\u1ed1i d\u00e0i 1m\/\u1ed1ng"},"content":{"rendered":"<h2 data-start=\"145\" data-end=\"209\">\u1ed0ng d\u1eabn d\u1ea7u H 1 SOU kh\u00f4ng k\u00e8m \u0111\u1ea7u n\u1ed1i d\u00e0i 1m\/\u1ed1ng ch\u00ednh h\u00e3ng<\/h2>\n<p data-start=\"211\" data-end=\"678\"><strong data-start=\"211\" data-end=\"234\">\u1ed0ng d\u1eabn d\u1ea7u H 1 SOU<\/strong> l\u00e0 lo\u1ea1i \u1ed1ng th\u1ee7y l\u1ef1c ch\u1ea5t l\u01b0\u1ee3ng cao, \u0111\u01b0\u1ee3c thi\u1ebft k\u1ebf chuy\u00ean d\u1ee5ng \u0111\u1ec3 d\u1eabn d\u1ea7u v\u00e0 truy\u1ec1n t\u1ea3i \u00e1p l\u1ef1c trong c\u00e1c h\u1ec7 th\u1ed1ng m\u00e1y m\u00f3c. V\u1edbi chi\u1ec1u d\u00e0i ti\u00eau chu\u1ea9n 1m\/\u1ed1ng v\u00e0 kh\u00f4ng k\u00e8m \u0111\u1ea7u n\u1ed1i, s\u1ea3n ph\u1ea9m mang l\u1ea1i s\u1ef1 linh ho\u1ea1t, d\u1ec5 d\u00e0ng t\u00f9y ch\u1ec9nh theo y\u00eau c\u1ea7u s\u1eed d\u1ee5ng. C\u1ea5u t\u1ea1o t\u1eeb cao su t\u1ed5ng h\u1ee3p k\u1ebft h\u1ee3p v\u1edbi l\u1edbp gia c\u01b0\u1eddng b\u1eb1ng th\u00e9p xo\u1eafn (spiral) gi\u00fap H 1 SOU c\u00f3 kh\u1ea3 n\u0103ng ch\u1ecbu \u00e1p su\u1ea5t cao, tu\u1ed5i th\u1ecd l\u00e2u d\u00e0i v\u00e0 ho\u1ea1t \u0111\u1ed9ng an to\u00e0n trong nhi\u1ec1u \u0111i\u1ec1u ki\u1ec7n kh\u1eafc nghi\u1ec7t.<\/p>\n<h3 data-start=\"680\" data-end=\"704\">Technical specifications:<\/h3>\n<ul data-start=\"705\" data-end=\"978\">\n<li data-start=\"705\" data-end=\"746\">\n<p data-start=\"707\" data-end=\"746\">Chi\u1ec1u d\u00e0i: 1m\/\u1ed1ng (kh\u00f4ng k\u00e8m \u0111\u1ea7u n\u1ed1i)<\/p>\n<\/li>\n<li data-start=\"747\" data-end=\"811\">\n<p data-start=\"749\" data-end=\"811\">V\u1eadt li\u1ec7u: Cao su t\u1ed5ng h\u1ee3p + l\u1edbp th\u00e9p xo\u1eafn gia c\u01b0\u1eddng (spiral)<\/p>\n<\/li>\n<li data-start=\"812\" data-end=\"867\">\n<p data-start=\"814\" data-end=\"867\">D\u1ea3i \u00e1p su\u1ea5t l\u00e0m vi\u1ec7c: 250 \u2013 420 bar (t\u00f9y phi\u00ean b\u1ea3n)<\/p>\n<\/li>\n<li data-start=\"868\" data-end=\"902\">\n<p data-start=\"870\" data-end=\"902\">\u0110\u01b0\u1eddng k\u00ednh trong: 6 mm \u2013 12 mm<\/p>\n<\/li>\n<li data-start=\"903\" data-end=\"944\">\n<p data-start=\"905\" data-end=\"944\">Kh\u1ea3 n\u0103ng ch\u1ecbu nhi\u1ec7t: -40\u00b0C \u0111\u1ebfn +100\u00b0C<\/p>\n<\/li>\n<li data-start=\"945\" data-end=\"978\">\n<p data-start=\"947\" data-end=\"978\">Tr\u1ecdng l\u01b0\u1ee3ng: ~0.6 \u2013 0.9kg\/\u1ed1ng<\/p>\n<\/li>\n<\/ul>\n<h3 data-start=\"980\" data-end=\"995\">Characteristics:<\/h3>\n<ul data-start=\"996\" data-end=\"1240\">\n<li data-start=\"996\" data-end=\"1059\">\n<p data-start=\"998\" data-end=\"1059\">Thi\u1ebft k\u1ebf ch\u1eafc ch\u1eafn, \u0111\u1ed9 b\u1ec1n cao, ch\u1ecbu \u00e1p l\u1ef1c v\u00e0 nhi\u1ec7t \u0111\u1ed9 l\u1edbn<\/p>\n<\/li>\n<li data-start=\"1060\" data-end=\"1123\">\n<p data-start=\"1062\" data-end=\"1123\">L\u1edbp v\u1ecf ngo\u00e0i ch\u1ed1ng m\u00e0i m\u00f2n, ch\u1ed1ng d\u1ea7u v\u00e0 kh\u00e1ng h\u00f3a ch\u1ea5t t\u1ed1t<\/p>\n<\/li>\n<li data-start=\"1124\" data-end=\"1161\">\n<p data-start=\"1126\" data-end=\"1161\">Linh ho\u1ea1t, d\u1ec5 l\u1eafp \u0111\u1eb7t v\u00e0 thay th\u1ebf<\/p>\n<\/li>\n<li data-start=\"1162\" data-end=\"1240\">\n<p data-start=\"1164\" data-end=\"1240\">Kh\u00f4ng k\u00e8m \u0111\u1ea7u n\u1ed1i, d\u1ec5 d\u00e0ng l\u1ef1a ch\u1ecdn lo\u1ea1i \u0111\u1ea7u n\u1ed1i ph\u00f9 h\u1ee3p v\u1edbi t\u1eebng \u1ee9ng d\u1ee5ng<\/p>\n<\/li>\n<\/ul>\n<h3 data-start=\"1242\" data-end=\"1257\">Applications:<\/h3>\n<ul data-start=\"1258\" data-end=\"1592\">\n<li data-start=\"1258\" data-end=\"1335\">\n<p data-start=\"1260\" data-end=\"1335\"><strong data-start=\"1260\" data-end=\"1279\">Ng\u00e0nh th\u1ee7y l\u1ef1c:<\/strong> S\u1eed d\u1ee5ng \u0111\u1ec3 d\u1eabn d\u1ea7u cho k\u00edch, b\u01a1m v\u00e0 xi lanh th\u1ee7y l\u1ef1c.<\/p>\n<\/li>\n<li data-start=\"1336\" data-end=\"1415\">\n<p data-start=\"1338\" data-end=\"1415\"><strong data-start=\"1338\" data-end=\"1366\">Ng\u00e0nh c\u01a1 kh\u00ed \u2013 x\u00e2y d\u1ef1ng:<\/strong> L\u1eafp \u0111\u1eb7t cho m\u00e1y \u00e9p, m\u00e1y khoan, m\u00e1y c\u00f4ng tr\u00ecnh.<\/p>\n<\/li>\n<li data-start=\"1416\" data-end=\"1498\">\n<p data-start=\"1418\" data-end=\"1498\"><strong data-start=\"1418\" data-end=\"1448\">Ng\u00e0nh v\u1eadn t\u1ea3i \u2013 khai th\u00e1c:<\/strong> \u1ee8ng d\u1ee5ng trong xe chuy\u00ean d\u1ee5ng, m\u00e1y \u0111\u00e0o, m\u00e1y m\u1ecf.<\/p>\n<\/li>\n<li data-start=\"1499\" data-end=\"1592\">\n<p data-start=\"1501\" data-end=\"1592\"><strong data-start=\"1501\" data-end=\"1533\">Ng\u00e0nh s\u1ea3n xu\u1ea5t \u2013 n\u0103ng l\u01b0\u1ee3ng:<\/strong> Truy\u1ec1n t\u1ea3i \u00e1p su\u1ea5t \u1ed5n \u0111\u1ecbnh trong d\u00e2y chuy\u1ec1n c\u00f4ng nghi\u1ec7p.<\/p>\n<\/li>\n<\/ul>\n<p><strong>S\u1ea3n ph\u1ea9m s\u1eb5n h\u00e0ng t\u1ea1i kho Kenta Vi\u1ec7t Nam<\/strong><\/p>\n<p><img loading=\"lazy\" decoding=\"async\" class=\"alignnone size-medium wp-image-2715\" src=\"https:\/\/kentavietnam.com\/wp-content\/uploads\/2024\/10\/7ab27301daf252ac0be397-300x225.jpg\" sizes=\"auto, (max-width: 300px) 100vw, 300px\" srcset=\"https:\/\/kentavietnam.com\/wp-content\/uploads\/2024\/10\/7ab27301daf252ac0be397-300x225.jpg?v=1756087778 300w, https:\/\/kentavietnam.com\/wp-content\/uploads\/2024\/10\/7ab27301daf252ac0be397-1024x768.jpg?v=1756087778 1024w, https:\/\/kentavietnam.com\/wp-content\/uploads\/2024\/10\/7ab27301daf252ac0be397-768x576.jpg?v=1756087778 768w, https:\/\/kentavietnam.com\/wp-content\/uploads\/2024\/10\/7ab27301daf252ac0be397-16x12.jpg?v=1756087778 16w, https:\/\/kentavietnam.com\/wp-content\/uploads\/2024\/10\/7ab27301daf252ac0be397-600x450.jpg?v=1756087778 600w, https:\/\/kentavietnam.com\/wp-content\/uploads\/2024\/10\/7ab27301daf252ac0be397.jpg?v=1756087778 1280w\" alt=\"\" width=\"300\" height=\"225\" \/>\u00a0 \u00a0\u00a0<img loading=\"lazy\" decoding=\"async\" class=\"alignnone wp-image-2732\" src=\"https:\/\/kentavietnam.com\/wp-content\/uploads\/2024\/10\/6978360b9ef816a64fe9108-e1756088920236-300x269.jpg\" sizes=\"auto, (max-width: 251px) 100vw, 251px\" srcset=\"https:\/\/kentavietnam.com\/wp-content\/uploads\/2024\/10\/6978360b9ef816a64fe9108-e1756088920236-300x269.jpg?v=1756087856 300w, https:\/\/kentavietnam.com\/wp-content\/uploads\/2024\/10\/6978360b9ef816a64fe9108-e1756088920236-1024x918.jpg?v=1756087856 1024w, https:\/\/kentavietnam.com\/wp-content\/uploads\/2024\/10\/6978360b9ef816a64fe9108-e1756088920236-768x689.jpg?v=1756087856 768w, https:\/\/kentavietnam.com\/wp-content\/uploads\/2024\/10\/6978360b9ef816a64fe9108-e1756088920236-13x12.jpg?v=1756087856 13w, https:\/\/kentavietnam.com\/wp-content\/uploads\/2024\/10\/6978360b9ef816a64fe9108-e1756088920236-600x538.jpg?v=1756087856 600w, https:\/\/kentavietnam.com\/wp-content\/uploads\/2024\/10\/6978360b9ef816a64fe9108-e1756088920236.jpg?v=1756087856 1160w\" alt=\"\" width=\"251\" height=\"225\" \/>\u00a0 \u00a0\u00a0<img loading=\"lazy\" decoding=\"async\" class=\"alignnone size-medium wp-image-2718\" src=\"https:\/\/kentavietnam.com\/wp-content\/uploads\/2024\/10\/8f41e3014bf2c3ac9ae3106-300x225.jpg\" sizes=\"auto, (max-width: 300px) 100vw, 300px\" srcset=\"https:\/\/kentavietnam.com\/wp-content\/uploads\/2024\/10\/8f41e3014bf2c3ac9ae3106-300x225.jpg?v=1756087794 300w, https:\/\/kentavietnam.com\/wp-content\/uploads\/2024\/10\/8f41e3014bf2c3ac9ae3106-1024x767.jpg?v=1756087794 1024w, https:\/\/kentavietnam.com\/wp-content\/uploads\/2024\/10\/8f41e3014bf2c3ac9ae3106-768x575.jpg?v=1756087794 768w, https:\/\/kentavietnam.com\/wp-content\/uploads\/2024\/10\/8f41e3014bf2c3ac9ae3106-16x12.jpg?v=1756087794 16w, https:\/\/kentavietnam.com\/wp-content\/uploads\/2024\/10\/8f41e3014bf2c3ac9ae3106-600x450.jpg?v=1756087794 600w, https:\/\/kentavietnam.com\/wp-content\/uploads\/2024\/10\/8f41e3014bf2c3ac9ae3106.jpg?v=1756087794 1280w\" alt=\"\" width=\"300\" height=\"225\" \/><\/p>\n<p><strong>Contact information:<\/strong><\/p>\n<div dir=\"auto\">KENTA VIETNAM \u2013 QUALITY CREATES TRUST<\/div>\n<div dir=\"auto\"><span class=\"html-span xexx8yu xyri2b x18d9i69 x1c1uobl x1hl2dhg x16tdsg8 x1vvkbs x3nfvp2 x1j61x8r x1fcty0u xdj266r xat24cr xm2jcoa x1mpyi22 xxymvpz xlup9mm x1kky2od\"><img loading=\"lazy\" decoding=\"async\" class=\"xz74otr x15mokao x1ga7v0g x16uus16 xbiv7yw\" src=\"https:\/\/static.xx.fbcdn.net\/images\/emoji.php\/v9\/tf8\/1\/16\/1f3e2.png\" alt=\"\ud83c\udfe2\" width=\"16\" height=\"16\" \/><\/span>\u00a0Main office: No. 22, Phung Cong service area, Phung Cong Commune, Hung Yen province<\/div>\n<div dir=\"auto\"><span class=\"html-span xexx8yu xyri2b x18d9i69 x1c1uobl x1hl2dhg x16tdsg8 x1vvkbs x3nfvp2 x1j61x8r x1fcty0u xdj266r xat24cr xm2jcoa x1mpyi22 xxymvpz xlup9mm x1kky2od\"><img loading=\"lazy\" decoding=\"async\" class=\"xz74otr x15mokao x1ga7v0g x16uus16 xbiv7yw\" src=\"https:\/\/static.xx.fbcdn.net\/images\/emoji.php\/v9\/tf6\/1\/16\/1f3e0.png\" alt=\"\ud83c\udfe0\" width=\"16\" height=\"16\" \/><\/span>\u00a0Warehouse No. 1: Ngo Yen Hamlet, Hong An Ward, Hai Phong City (at the foot of Kien Bridge)<\/div>\n<div dir=\"auto\"><span class=\"html-span xexx8yu xyri2b x18d9i69 x1c1uobl x1hl2dhg x16tdsg8 x1vvkbs x3nfvp2 x1j61x8r x1fcty0u xdj266r xat24cr xm2jcoa x1mpyi22 xxymvpz xlup9mm x1kky2od\"><img loading=\"lazy\" decoding=\"async\" class=\"xz74otr x15mokao x1ga7v0g x16uus16 xbiv7yw\" src=\"https:\/\/static.xx.fbcdn.net\/images\/emoji.php\/v9\/tf6\/1\/16\/1f3e0.png\" alt=\"\ud83c\udfe0\" width=\"16\" height=\"16\" \/><\/span>\u00a0Warehouse No. 2: No. 22, Phung Cong service area, Phung Cong Commune, Hung Yen province<\/div>\n<div dir=\"auto\"><span class=\"html-span xexx8yu xyri2b x18d9i69 x1c1uobl x1hl2dhg x16tdsg8 x1vvkbs x3nfvp2 x1j61x8r x1fcty0u xdj266r xat24cr xm2jcoa x1mpyi22 xxymvpz xlup9mm x1kky2od\"><img loading=\"lazy\" decoding=\"async\" class=\"xz74otr x15mokao x1ga7v0g x16uus16 xbiv7yw\" src=\"https:\/\/static.xx.fbcdn.net\/images\/emoji.php\/v9\/t22\/1\/16\/260e.png\" alt=\"\u260e\ufe0f\" width=\"16\" height=\"16\" \/><\/span>\u00a0S\u0110T: 0972 887 106 \u2013 0961 909 992<\/div>\n<div dir=\"auto\"><span class=\"html-span xexx8yu xyri2b x18d9i69 x1c1uobl x1hl2dhg x16tdsg8 x1vvkbs x3nfvp2 x1j61x8r x1fcty0u xdj266r xat24cr xm2jcoa x1mpyi22 xxymvpz xlup9mm x1kky2od\"><img loading=\"lazy\" decoding=\"async\" class=\"xz74otr x15mokao x1ga7v0g x16uus16 xbiv7yw\" src=\"https:\/\/static.xx.fbcdn.net\/images\/emoji.php\/v9\/tc0\/1\/16\/1f4e9.png\" alt=\"\ud83d\udce9\" width=\"16\" height=\"16\" \/><\/span>\u00a0Email: contact@kentavietnam.com<\/div>\n<div dir=\"auto\"><span class=\"html-span xexx8yu xyri2b x18d9i69 x1c1uobl x1hl2dhg x16tdsg8 x1vvkbs x3nfvp2 x1j61x8r x1fcty0u xdj266r xat24cr xm2jcoa x1mpyi22 xxymvpz xlup9mm x1kky2od\"><img loading=\"lazy\" decoding=\"async\" class=\"xz74otr x15mokao x1ga7v0g x16uus16 xbiv7yw\" src=\"https:\/\/static.xx.fbcdn.net\/images\/emoji.php\/v9\/taa\/1\/16\/1f310.png\" alt=\"\ud83c\udf10\" width=\"16\" height=\"16\" \/><\/span>\u00a0Website:\u00a0<span class=\"html-span xdj266r x14z9mp xat24cr x1lziwak xexx8yu xyri2b x18d9i69 x1c1uobl x1hl2dhg x16tdsg8 x1vvkbs\"><a class=\"x1i10hfl xjbqb8w x1ejq31n x18oe1m7 x1sy0etr xstzfhl x972fbf x10w94by x1qhh985 x14e42zd x9f619 x1ypdohk xt0psk2 x3ct3a4 xdj266r x14z9mp xat24cr x1lziwak xexx8yu xyri2b x18d9i69 x1c1uobl x16tdsg8 x1hl2dhg xggy1nq x1a2a7pz xkrqix3 x1sur9pj x1fey0fg x1s688f\" tabindex=\"0\" role=\"link\" href=\"https:\/\/l.facebook.com\/l.php?u=http%3A%2F%2Fkentavietnam.com%2F%3Ffbclid%3DIwZXh0bgNhZW0CMTAAYnJpZBExOXR4ZlZ1OTVBbEFKSGlxegEen5zMhAfmcwNmBE4zZYTgVlO-vq7Qs4ImwoRSuU1ab5bBDR8dEE_wzmp_BWY_aem_pUlotNhgDQn7Zls1a6kVWw&amp;h=AT3LvVUQYPIa0XYrtUlqv2kTA69l4I5Zaf2Q0rMN8pXz6tcCqMKFXkPVHsA9UdtuA7vF58X9L3VzCQpA3UlpmJvQTHkr4RbFhLUIC8mRCJ720SI4UNtqQ7AIZ5ci_Nk4wuAtRMBTW3_mvRqa&amp;__tn__=-UK-R&amp;c[0]=AT3ob5MAFvp0Sm7cjT5LuG4WGC1hKHcBaeJE6W6GWzy_VwitaITnDNay-N3WRv77MDqufhzPCEZTAPOQ4O-j0Dae_KKIM_jlmoxRf1yZ1CL3FpI66voX1_ZW_hr6jcWBK_Dvqbp80l74Nrbn4qfLxetCXSqSwSqWQXdLH3ifjTjSEM8cNKZr3dYzXM2qS1XCvRdClncF6oh51CiWCpECj8x-_A\" target=\"_blank\" rel=\"nofollow noopener noreferrer\">kentavietnam.com<\/a><\/span><\/div>","protected":false},"excerpt":{"rendered":"<ul data-start=\"1629\" data-end=\"1837\">\n<li data-start=\"1629\" data-end=\"1650\">\n<p data-start=\"1631\" data-end=\"1650\">Chi\u1ec1u d\u00e0i: 1m\/\u1ed1ng<\/p>\n<\/li>\n<li data-start=\"1651\" data-end=\"1672\">\n<p data-start=\"1653\" data-end=\"1672\">Kh\u00f4ng k\u00e8m \u0111\u1ea7u n\u1ed1i<\/p>\n<\/li>\n<li data-start=\"1673\" data-end=\"1724\">\n<p data-start=\"1675\" data-end=\"1724\">V\u1eadt li\u1ec7u: Cao su t\u1ed5ng h\u1ee3p + th\u00e9p xo\u1eafn gia c\u01b0\u1eddng<\/p>\n<\/li>\n<li data-start=\"1725\" data-end=\"1760\">\n<p data-start=\"1727\" data-end=\"1760\">\u00c1p su\u1ea5t l\u00e0m vi\u1ec7c: 250 \u2013 420 bar<\/p>\n<\/li>\n<li data-start=\"1761\" data-end=\"1793\">\n<p data-start=\"1763\" data-end=\"1793\">Ch\u1ecbu nhi\u1ec7t: -40\u00b0C \u0111\u1ebfn +100\u00b0C<\/p>\n<\/li>\n<li data-start=\"1794\" data-end=\"1837\">\n<p data-start=\"1796\" data-end=\"1837\">Th\u01b0\u01a1ng hi\u1ec7u: H Series (xu\u1ea5t x\u1ee9 qu\u1ed1c t\u1ebf)<\/p>\n<\/li>\n<\/ul>","protected":false},"featured_media":2712,"comment_status":"open","ping_status":"closed","template":"","meta":[],"product_brand":[],"product_cat":[237],"product_tag":[],"class_list":{"0":"post-2784","1":"product","2":"type-product","3":"status-publish","4":"has-post-thumbnail","6":"product_cat-ong-dan-dau-dong-ho-khop-noi","8":"first","9":"instock","10":"shipping-taxable","11":"product-type-simple"},"_links":{"self":[{"href":"https:\/\/kentavietnam.com\/en\/wp-json\/wp\/v2\/product\/2784","targetHints":{"allow":["GET"]}}],"collection":[{"href":"https:\/\/kentavietnam.com\/en\/wp-json\/wp\/v2\/product"}],"about":[{"href":"https:\/\/kentavietnam.com\/en\/wp-json\/wp\/v2\/types\/product"}],"replies":[{"embeddable":true,"href":"https:\/\/kentavietnam.com\/en\/wp-json\/wp\/v2\/comments?post=2784"}],"wp:featuredmedia":[{"embeddable":true,"href":"https:\/\/kentavietnam.com\/en\/wp-json\/wp\/v2\/media\/2712"}],"wp:attachment":[{"href":"https:\/\/kentavietnam.com\/en\/wp-json\/wp\/v2\/media?parent=2784"}],"wp:term":[{"taxonomy":"product_brand","embeddable":true,"href":"https:\/\/kentavietnam.com\/en\/wp-json\/wp\/v2\/product_brand?post=2784"},{"taxonomy":"product_cat","embeddable":true,"href":"https:\/\/kentavietnam.com\/en\/wp-json\/wp\/v2\/product_cat?post=2784"},{"taxonomy":"product_tag","embeddable":true,"href":"https:\/\/kentavietnam.com\/en\/wp-json\/wp\/v2\/product_tag?post=2784"}],"curies":[{"name":"wp","href":"https:\/\/api.w.org\/{rel}","templated":true}]}}