{"id":2788,"date":"2025-09-10T07:32:12","date_gmt":"2025-09-10T07:32:12","guid":{"rendered":"https:\/\/kentavietnam.com\/?post_type=product&#038;p=2788"},"modified":"2025-09-17T08:47:50","modified_gmt":"2025-09-17T08:47:50","slug":"ong-dan-dau-thuy-luc-vl-3-sou-kem-dau-noi-dai-3m-ong","status":"publish","type":"product","link":"https:\/\/kentavietnam.com\/en\/product\/ong-dan-dau-thuy-luc-vl-3-sou-kem-dau-noi-dai-3m-ong\/","title":{"rendered":"\u1ed0ng d\u1eabn d\u1ea7u th\u1ee7y l\u1ef1c VL 3 SOU k\u00e8m \u0111\u1ea7u n\u1ed1i d\u00e0i 3m\/\u1ed1ng"},"content":{"rendered":"<h2 data-start=\"130\" data-end=\"187\">\u1ed0ng d\u1eabn d\u1ea7u th\u1ee7y l\u1ef1c VL 3 SOU k\u00e8m \u0111\u1ea7u n\u1ed1i d\u00e0i 3m\/\u1ed1ng<\/h2>\n<p data-start=\"189\" data-end=\"697\"><strong data-start=\"189\" data-end=\"222\">\u1ed0ng d\u1eabn d\u1ea7u th\u1ee7y l\u1ef1c VL 3 SOU<\/strong> l\u00e0 d\u00f2ng s\u1ea3n ph\u1ea9m cao c\u1ea5p thu\u1ed9c seri VL, \u0111\u01b0\u1ee3c s\u1ea3n xu\u1ea5t v\u1edbi ti\u00eau chu\u1ea9n ch\u1ea5t l\u01b0\u1ee3ng qu\u1ed1c t\u1ebf, chuy\u00ean d\u00f9ng cho h\u1ec7 th\u1ed1ng th\u1ee7y l\u1ef1c \u00e1p su\u1ea5t cao. \u1ed0ng \u0111\u01b0\u1ee3c l\u00e0m t\u1eeb <strong data-start=\"375\" data-end=\"403\">cao su t\u1ed5ng h\u1ee3p \u0111\u1eb7c bi\u1ec7t<\/strong> k\u1ebft h\u1ee3p v\u1edbi <strong data-start=\"416\" data-end=\"463\">l\u1edbp gia c\u01b0\u1eddng th\u00e9p xo\u1eafn nhi\u1ec1u v\u00f2ng (spiral)<\/strong>, \u0111\u1ea3m b\u1ea3o \u0111\u1ed9 b\u1ec1n c\u01a1 h\u1ecdc v\u00e0 kh\u1ea3 n\u0103ng ch\u1ecbu \u00e1p su\u1ea5t l\u1edbn trong th\u1eddi gian d\u00e0i. V\u1edbi <strong data-start=\"541\" data-end=\"561\">chi\u1ec1u d\u00e0i 3m\/\u1ed1ng<\/strong> and <strong data-start=\"565\" data-end=\"603\">\u0111\u01b0\u1ee3c trang b\u1ecb s\u1eb5n \u0111\u1ea7u n\u1ed1i th\u1ee7y l\u1ef1c<\/strong>, s\u1ea3n ph\u1ea9m mang l\u1ea1i s\u1ef1 ti\u1ec7n l\u1ee3i trong l\u1eafp \u0111\u1eb7t, t\u0103ng \u0111\u1ed9 k\u00edn kh\u00edt v\u00e0 h\u1ea1n ch\u1ebf t\u1ed1i \u0111a r\u00f2 r\u1ec9 d\u1ea7u.<\/p>\n<h3 data-start=\"699\" data-end=\"723\">Technical specifications:<\/h3>\n<ul data-start=\"724\" data-end=\"1019\">\n<li data-start=\"724\" data-end=\"745\">\n<p data-start=\"726\" data-end=\"745\">Chi\u1ec1u d\u00e0i: 3m\/\u1ed1ng<\/p>\n<\/li>\n<li data-start=\"746\" data-end=\"804\">\n<p data-start=\"748\" data-end=\"804\">V\u1eadt li\u1ec7u: Cao su t\u1ed5ng h\u1ee3p + th\u00e9p xo\u1eafn spiral gia c\u01b0\u1eddng<\/p>\n<\/li>\n<li data-start=\"805\" data-end=\"858\">\n<p data-start=\"807\" data-end=\"858\">D\u1ea3i \u00e1p su\u1ea5t l\u00e0m vi\u1ec7c: 350 \u2013 600 bar (t\u00f9y d\u00f2ng VL)<\/p>\n<\/li>\n<li data-start=\"859\" data-end=\"893\">\n<p data-start=\"861\" data-end=\"893\">\u0110\u01b0\u1eddng k\u00ednh trong: 6 mm \u2013 16 mm<\/p>\n<\/li>\n<li data-start=\"894\" data-end=\"935\">\n<p data-start=\"896\" data-end=\"935\">Kh\u1ea3 n\u0103ng ch\u1ecbu nhi\u1ec7t: -40\u00b0C \u0111\u1ebfn +120\u00b0C<\/p>\n<\/li>\n<li data-start=\"936\" data-end=\"985\">\n<p data-start=\"938\" data-end=\"985\">Trang b\u1ecb: \u0110\u1ea7u n\u1ed1i th\u1ee7y l\u1ef1c ti\u00eau chu\u1ea9n BSP\/NPT<\/p>\n<\/li>\n<li data-start=\"986\" data-end=\"1019\">\n<p data-start=\"988\" data-end=\"1019\">Tr\u1ecdng l\u01b0\u1ee3ng: ~2.0 \u2013 2.6kg\/\u1ed1ng<\/p>\n<\/li>\n<\/ul>\n<h3 data-start=\"1021\" data-end=\"1036\">Characteristics:<\/h3>\n<ul data-start=\"1037\" data-end=\"1421\">\n<li data-start=\"1037\" data-end=\"1106\">\n<p data-start=\"1039\" data-end=\"1106\">Kh\u1ea3 n\u0103ng ch\u1ecbu \u00e1p su\u1ea5t cao h\u01a1n so v\u1edbi c\u00e1c d\u00f2ng ti\u00eau chu\u1ea9n H Series<\/p>\n<\/li>\n<li data-start=\"1107\" data-end=\"1178\">\n<p data-start=\"1109\" data-end=\"1178\">C\u1ea5u t\u1ea1o ch\u1eafc ch\u1eafn, ch\u1ed1ng xo\u1eafn, ch\u1ed1ng n\u1ee9t g\u00e3y khi u\u1ed1n cong nhi\u1ec1u l\u1ea7n<\/p>\n<\/li>\n<li data-start=\"1179\" data-end=\"1258\">\n<p data-start=\"1181\" data-end=\"1258\">V\u1ecf ngo\u00e0i c\u00f3 kh\u1ea3 n\u0103ng kh\u00e1ng d\u1ea7u, kh\u00e1ng m\u00e0i m\u00f2n v\u00e0 ch\u1ecbu th\u1eddi ti\u1ebft kh\u1eafc nghi\u1ec7t<\/p>\n<\/li>\n<li data-start=\"1259\" data-end=\"1339\">\n<p data-start=\"1261\" data-end=\"1339\">\u0110\u01b0\u1ee3c trang b\u1ecb <strong data-start=\"1275\" data-end=\"1290\">\u0111\u1ea7u n\u1ed1i s\u1eb5n<\/strong>, d\u1ec5 d\u00e0ng l\u1eafp \u0111\u1eb7t, ti\u1ebft ki\u1ec7m th\u1eddi gian thi c\u00f4ng<\/p>\n<\/li>\n<li data-start=\"1340\" data-end=\"1421\">\n<p data-start=\"1342\" data-end=\"1421\">\u0110\u1ed9 k\u00edn kh\u00edt v\u00e0 \u0111\u1ed9 an to\u00e0n cao, ph\u00f9 h\u1ee3p v\u1edbi h\u1ec7 th\u1ed1ng th\u1ee7y l\u1ef1c c\u00f4ng nghi\u1ec7p n\u1eb7ng<\/p>\n<\/li>\n<\/ul>\n<h3 data-start=\"1423\" data-end=\"1438\">Applications:<\/h3>\n<ul data-start=\"1439\" data-end=\"1793\">\n<li data-start=\"1439\" data-end=\"1515\">\n<p data-start=\"1441\" data-end=\"1515\"><strong data-start=\"1441\" data-end=\"1460\">Ng\u00e0nh th\u1ee7y l\u1ef1c:<\/strong> Truy\u1ec1n d\u1eabn d\u1ea7u cho b\u01a1m, k\u00edch v\u00e0 xi lanh \u00e1p su\u1ea5t cao.<\/p>\n<\/li>\n<li data-start=\"1516\" data-end=\"1603\">\n<p data-start=\"1518\" data-end=\"1603\"><strong data-start=\"1518\" data-end=\"1546\">Ng\u00e0nh c\u01a1 kh\u00ed \u2013 x\u00e2y d\u1ef1ng:<\/strong> \u1ed0ng d\u1eabn cho m\u00e1y \u00e9p, m\u00e1y n\u00e2ng, thi\u1ebft b\u1ecb c\u00f4ng tr\u00ecnh l\u1edbn.<\/p>\n<\/li>\n<li data-start=\"1604\" data-end=\"1694\">\n<p data-start=\"1606\" data-end=\"1694\"><strong data-start=\"1606\" data-end=\"1636\">Ng\u00e0nh khai th\u00e1c \u2013 v\u1eadn t\u1ea3i:<\/strong> L\u1eafp \u0111\u1eb7t trong m\u00e1y m\u1ecf, xe chuy\u00ean d\u1ee5ng, m\u00e1y x\u00fac, m\u00e1y \u0111\u00e0o.<\/p>\n<\/li>\n<li data-start=\"1695\" data-end=\"1793\">\n<p data-start=\"1697\" data-end=\"1793\"><strong data-start=\"1697\" data-end=\"1729\">Ng\u00e0nh s\u1ea3n xu\u1ea5t \u2013 n\u0103ng l\u01b0\u1ee3ng:<\/strong> Ph\u00f9 h\u1ee3p trong d\u00e2y chuy\u1ec1n s\u1ea3n xu\u1ea5t c\u00f4ng nghi\u1ec7p, tr\u1ea1m th\u1ee7y l\u1ef1c.<\/p>\n<\/li>\n<\/ul>\n<p><strong>S\u1ea3n ph\u1ea9m s\u1eb5n h\u00e0ng t\u1ea1i kho Kenta Vi\u1ec7t Nam<\/strong><\/p>\n<p><img loading=\"lazy\" decoding=\"async\" class=\"alignnone size-medium wp-image-2715\" src=\"https:\/\/kentavietnam.com\/wp-content\/uploads\/2024\/10\/7ab27301daf252ac0be397-300x225.jpg\" sizes=\"auto, (max-width: 300px) 100vw, 300px\" srcset=\"https:\/\/kentavietnam.com\/wp-content\/uploads\/2024\/10\/7ab27301daf252ac0be397-300x225.jpg?v=1756087778 300w, https:\/\/kentavietnam.com\/wp-content\/uploads\/2024\/10\/7ab27301daf252ac0be397-1024x768.jpg?v=1756087778 1024w, https:\/\/kentavietnam.com\/wp-content\/uploads\/2024\/10\/7ab27301daf252ac0be397-768x576.jpg?v=1756087778 768w, https:\/\/kentavietnam.com\/wp-content\/uploads\/2024\/10\/7ab27301daf252ac0be397-16x12.jpg?v=1756087778 16w, https:\/\/kentavietnam.com\/wp-content\/uploads\/2024\/10\/7ab27301daf252ac0be397-600x450.jpg?v=1756087778 600w, https:\/\/kentavietnam.com\/wp-content\/uploads\/2024\/10\/7ab27301daf252ac0be397.jpg?v=1756087778 1280w\" alt=\"\" width=\"300\" height=\"225\" \/>\u00a0 \u00a0\u00a0<img loading=\"lazy\" decoding=\"async\" class=\"alignnone wp-image-2732\" src=\"https:\/\/kentavietnam.com\/wp-content\/uploads\/2024\/10\/6978360b9ef816a64fe9108-e1756088920236-300x269.jpg\" sizes=\"auto, (max-width: 251px) 100vw, 251px\" srcset=\"https:\/\/kentavietnam.com\/wp-content\/uploads\/2024\/10\/6978360b9ef816a64fe9108-e1756088920236-300x269.jpg?v=1756087856 300w, https:\/\/kentavietnam.com\/wp-content\/uploads\/2024\/10\/6978360b9ef816a64fe9108-e1756088920236-1024x918.jpg?v=1756087856 1024w, https:\/\/kentavietnam.com\/wp-content\/uploads\/2024\/10\/6978360b9ef816a64fe9108-e1756088920236-768x689.jpg?v=1756087856 768w, https:\/\/kentavietnam.com\/wp-content\/uploads\/2024\/10\/6978360b9ef816a64fe9108-e1756088920236-13x12.jpg?v=1756087856 13w, https:\/\/kentavietnam.com\/wp-content\/uploads\/2024\/10\/6978360b9ef816a64fe9108-e1756088920236-600x538.jpg?v=1756087856 600w, https:\/\/kentavietnam.com\/wp-content\/uploads\/2024\/10\/6978360b9ef816a64fe9108-e1756088920236.jpg?v=1756087856 1160w\" alt=\"\" width=\"251\" height=\"225\" \/>\u00a0 \u00a0\u00a0<img loading=\"lazy\" decoding=\"async\" class=\"alignnone size-medium wp-image-2718\" src=\"https:\/\/kentavietnam.com\/wp-content\/uploads\/2024\/10\/8f41e3014bf2c3ac9ae3106-300x225.jpg\" sizes=\"auto, (max-width: 300px) 100vw, 300px\" srcset=\"https:\/\/kentavietnam.com\/wp-content\/uploads\/2024\/10\/8f41e3014bf2c3ac9ae3106-300x225.jpg?v=1756087794 300w, https:\/\/kentavietnam.com\/wp-content\/uploads\/2024\/10\/8f41e3014bf2c3ac9ae3106-1024x767.jpg?v=1756087794 1024w, https:\/\/kentavietnam.com\/wp-content\/uploads\/2024\/10\/8f41e3014bf2c3ac9ae3106-768x575.jpg?v=1756087794 768w, https:\/\/kentavietnam.com\/wp-content\/uploads\/2024\/10\/8f41e3014bf2c3ac9ae3106-16x12.jpg?v=1756087794 16w, https:\/\/kentavietnam.com\/wp-content\/uploads\/2024\/10\/8f41e3014bf2c3ac9ae3106-600x450.jpg?v=1756087794 600w, https:\/\/kentavietnam.com\/wp-content\/uploads\/2024\/10\/8f41e3014bf2c3ac9ae3106.jpg?v=1756087794 1280w\" alt=\"\" width=\"300\" height=\"225\" \/><\/p>\n<p><strong>Contact information:<\/strong><\/p>\n<div dir=\"auto\">KENTA VIETNAM \u2013 QUALITY CREATES TRUST<\/div>\n<div dir=\"auto\"><span class=\"html-span xexx8yu xyri2b x18d9i69 x1c1uobl x1hl2dhg x16tdsg8 x1vvkbs x3nfvp2 x1j61x8r x1fcty0u xdj266r xat24cr xm2jcoa x1mpyi22 xxymvpz xlup9mm x1kky2od\"><img loading=\"lazy\" decoding=\"async\" class=\"xz74otr x15mokao x1ga7v0g x16uus16 xbiv7yw\" src=\"https:\/\/static.xx.fbcdn.net\/images\/emoji.php\/v9\/tf8\/1\/16\/1f3e2.png\" alt=\"\ud83c\udfe2\" width=\"16\" height=\"16\" \/><\/span>\u00a0Main office: No. 22, Phung Cong service area, Phung Cong Commune, Hung Yen province<\/div>\n<div dir=\"auto\"><span class=\"html-span xexx8yu xyri2b x18d9i69 x1c1uobl x1hl2dhg x16tdsg8 x1vvkbs x3nfvp2 x1j61x8r x1fcty0u xdj266r xat24cr xm2jcoa x1mpyi22 xxymvpz xlup9mm x1kky2od\"><img loading=\"lazy\" decoding=\"async\" class=\"xz74otr x15mokao x1ga7v0g x16uus16 xbiv7yw\" src=\"https:\/\/static.xx.fbcdn.net\/images\/emoji.php\/v9\/tf6\/1\/16\/1f3e0.png\" alt=\"\ud83c\udfe0\" width=\"16\" height=\"16\" \/><\/span>\u00a0Warehouse No. 1: Ngo Yen Hamlet, Hong An Ward, Hai Phong City (at the foot of Kien Bridge)<\/div>\n<div dir=\"auto\"><span class=\"html-span xexx8yu xyri2b x18d9i69 x1c1uobl x1hl2dhg x16tdsg8 x1vvkbs x3nfvp2 x1j61x8r x1fcty0u xdj266r xat24cr xm2jcoa x1mpyi22 xxymvpz xlup9mm x1kky2od\"><img loading=\"lazy\" decoding=\"async\" class=\"xz74otr x15mokao x1ga7v0g x16uus16 xbiv7yw\" src=\"https:\/\/static.xx.fbcdn.net\/images\/emoji.php\/v9\/tf6\/1\/16\/1f3e0.png\" alt=\"\ud83c\udfe0\" width=\"16\" height=\"16\" \/><\/span>\u00a0Warehouse No. 2: No. 22, Phung Cong service area, Phung Cong Commune, Hung Yen province<\/div>\n<div dir=\"auto\"><span class=\"html-span xexx8yu xyri2b x18d9i69 x1c1uobl x1hl2dhg x16tdsg8 x1vvkbs x3nfvp2 x1j61x8r x1fcty0u xdj266r xat24cr xm2jcoa x1mpyi22 xxymvpz xlup9mm x1kky2od\"><img loading=\"lazy\" decoding=\"async\" class=\"xz74otr x15mokao x1ga7v0g x16uus16 xbiv7yw\" src=\"https:\/\/static.xx.fbcdn.net\/images\/emoji.php\/v9\/t22\/1\/16\/260e.png\" alt=\"\u260e\ufe0f\" width=\"16\" height=\"16\" \/><\/span>\u00a0S\u0110T: 0972 887 106 \u2013 0961 909 992<\/div>\n<div dir=\"auto\"><span class=\"html-span xexx8yu xyri2b x18d9i69 x1c1uobl x1hl2dhg x16tdsg8 x1vvkbs x3nfvp2 x1j61x8r x1fcty0u xdj266r xat24cr xm2jcoa x1mpyi22 xxymvpz xlup9mm x1kky2od\"><img loading=\"lazy\" decoding=\"async\" class=\"xz74otr x15mokao x1ga7v0g x16uus16 xbiv7yw\" src=\"https:\/\/static.xx.fbcdn.net\/images\/emoji.php\/v9\/tc0\/1\/16\/1f4e9.png\" alt=\"\ud83d\udce9\" width=\"16\" height=\"16\" \/><\/span>\u00a0Email: contact@kentavietnam.com<\/div>\n<div dir=\"auto\"><span class=\"html-span xexx8yu xyri2b x18d9i69 x1c1uobl x1hl2dhg x16tdsg8 x1vvkbs x3nfvp2 x1j61x8r x1fcty0u xdj266r xat24cr xm2jcoa x1mpyi22 xxymvpz xlup9mm x1kky2od\"><img loading=\"lazy\" decoding=\"async\" class=\"xz74otr x15mokao x1ga7v0g x16uus16 xbiv7yw\" src=\"https:\/\/static.xx.fbcdn.net\/images\/emoji.php\/v9\/taa\/1\/16\/1f310.png\" alt=\"\ud83c\udf10\" width=\"16\" height=\"16\" \/><\/span>\u00a0Website:\u00a0<span class=\"html-span xdj266r x14z9mp xat24cr x1lziwak xexx8yu xyri2b x18d9i69 x1c1uobl x1hl2dhg x16tdsg8 x1vvkbs\"><a class=\"x1i10hfl xjbqb8w x1ejq31n x18oe1m7 x1sy0etr xstzfhl x972fbf x10w94by x1qhh985 x14e42zd x9f619 x1ypdohk xt0psk2 x3ct3a4 xdj266r x14z9mp xat24cr x1lziwak xexx8yu xyri2b x18d9i69 x1c1uobl x16tdsg8 x1hl2dhg xggy1nq x1a2a7pz xkrqix3 x1sur9pj x1fey0fg x1s688f\" tabindex=\"0\" role=\"link\" href=\"https:\/\/l.facebook.com\/l.php?u=http%3A%2F%2Fkentavietnam.com%2F%3Ffbclid%3DIwZXh0bgNhZW0CMTAAYnJpZBExOXR4ZlZ1OTVBbEFKSGlxegEen5zMhAfmcwNmBE4zZYTgVlO-vq7Qs4ImwoRSuU1ab5bBDR8dEE_wzmp_BWY_aem_pUlotNhgDQn7Zls1a6kVWw&amp;h=AT3LvVUQYPIa0XYrtUlqv2kTA69l4I5Zaf2Q0rMN8pXz6tcCqMKFXkPVHsA9UdtuA7vF58X9L3VzCQpA3UlpmJvQTHkr4RbFhLUIC8mRCJ720SI4UNtqQ7AIZ5ci_Nk4wuAtRMBTW3_mvRqa&amp;__tn__=-UK-R&amp;c[0]=AT3ob5MAFvp0Sm7cjT5LuG4WGC1hKHcBaeJE6W6GWzy_VwitaITnDNay-N3WRv77MDqufhzPCEZTAPOQ4O-j0Dae_KKIM_jlmoxRf1yZ1CL3FpI66voX1_ZW_hr6jcWBK_Dvqbp80l74Nrbn4qfLxetCXSqSwSqWQXdLH3ifjTjSEM8cNKZr3dYzXM2qS1XCvRdClncF6oh51CiWCpECj8x-_A\" target=\"_blank\" rel=\"nofollow noopener noreferrer\">kentavietnam.com<\/a><\/span><\/div>","protected":false},"excerpt":{"rendered":"<ul>\n<li data-start=\"1830\" data-end=\"1851\">\n<p data-start=\"1832\" data-end=\"1851\">Chi\u1ec1u d\u00e0i: 3m\/\u1ed1ng<\/p>\n<\/li>\n<li data-start=\"1852\" data-end=\"1890\">\n<p data-start=\"1854\" data-end=\"1890\">C\u00f3 k\u00e8m \u0111\u1ea7u n\u1ed1i th\u1ee7y l\u1ef1c ti\u00eau chu\u1ea9n<\/p>\n<\/li>\n<li data-start=\"1891\" data-end=\"1939\">\n<p data-start=\"1893\" data-end=\"1939\">V\u1eadt li\u1ec7u: Cao su t\u1ed5ng h\u1ee3p + th\u00e9p xo\u1eafn spiral<\/p>\n<\/li>\n<li data-start=\"1940\" data-end=\"1975\">\n<p data-start=\"1942\" data-end=\"1975\">\u00c1p su\u1ea5t l\u00e0m vi\u1ec7c: 350 \u2013 600 bar<\/p>\n<\/li>\n<li data-start=\"1976\" data-end=\"2008\">\n<p data-start=\"1978\" data-end=\"2008\">Ch\u1ecbu nhi\u1ec7t: -40\u00b0C \u0111\u1ebfn +120\u00b0C<\/p>\n<\/li>\n<li data-start=\"2009\" data-end=\"2053\">\n<p data-start=\"2011\" data-end=\"2053\">Th\u01b0\u01a1ng hi\u1ec7u: VL Series (xu\u1ea5t x\u1ee9 qu\u1ed1c t\u1ebf)<\/p>\n<\/li>\n<\/ul>","protected":false},"featured_media":2720,"comment_status":"open","ping_status":"closed","template":"","meta":[],"product_brand":[],"product_cat":[237],"product_tag":[],"class_list":{"0":"post-2788","1":"product","2":"type-product","3":"status-publish","4":"has-post-thumbnail","6":"product_cat-ong-dan-dau-dong-ho-khop-noi","8":"first","9":"instock","10":"shipping-taxable","11":"product-type-simple"},"_links":{"self":[{"href":"https:\/\/kentavietnam.com\/en\/wp-json\/wp\/v2\/product\/2788","targetHints":{"allow":["GET"]}}],"collection":[{"href":"https:\/\/kentavietnam.com\/en\/wp-json\/wp\/v2\/product"}],"about":[{"href":"https:\/\/kentavietnam.com\/en\/wp-json\/wp\/v2\/types\/product"}],"replies":[{"embeddable":true,"href":"https:\/\/kentavietnam.com\/en\/wp-json\/wp\/v2\/comments?post=2788"}],"wp:featuredmedia":[{"embeddable":true,"href":"https:\/\/kentavietnam.com\/en\/wp-json\/wp\/v2\/media\/2720"}],"wp:attachment":[{"href":"https:\/\/kentavietnam.com\/en\/wp-json\/wp\/v2\/media?parent=2788"}],"wp:term":[{"taxonomy":"product_brand","embeddable":true,"href":"https:\/\/kentavietnam.com\/en\/wp-json\/wp\/v2\/product_brand?post=2788"},{"taxonomy":"product_cat","embeddable":true,"href":"https:\/\/kentavietnam.com\/en\/wp-json\/wp\/v2\/product_cat?post=2788"},{"taxonomy":"product_tag","embeddable":true,"href":"https:\/\/kentavietnam.com\/en\/wp-json\/wp\/v2\/product_tag?post=2788"}],"curies":[{"name":"wp","href":"https:\/\/api.w.org\/{rel}","templated":true}]}}