{"id":2789,"date":"2025-09-10T07:33:31","date_gmt":"2025-09-10T07:33:31","guid":{"rendered":"https:\/\/kentavietnam.com\/?post_type=product&#038;p=2789"},"modified":"2025-09-17T08:47:43","modified_gmt":"2025-09-17T08:47:43","slug":"ong-dan-dau-thuy-luc-vl-5-sou-kem-dau-noi-dai-5m-ong","status":"publish","type":"product","link":"https:\/\/kentavietnam.com\/en\/product\/ong-dan-dau-thuy-luc-vl-5-sou-kem-dau-noi-dai-5m-ong\/","title":{"rendered":"\u1ed0ng d\u1eabn d\u1ea7u th\u1ee7y l\u1ef1c VL 5 SOU k\u00e8m \u0111\u1ea7u n\u1ed1i d\u00e0i 5m\/\u1ed1ng"},"content":{"rendered":"<h2 data-start=\"152\" data-end=\"209\">\u1ed0ng d\u1eabn d\u1ea7u th\u1ee7y l\u1ef1c VL 5 SOU k\u00e8m \u0111\u1ea7u n\u1ed1i d\u00e0i 5m\/\u1ed1ng<\/h2>\n<p data-start=\"211\" data-end=\"678\"><strong data-start=\"211\" data-end=\"244\">\u1ed0ng d\u1eabn d\u1ea7u th\u1ee7y l\u1ef1c VL 5 SOU<\/strong> thu\u1ed9c d\u00f2ng s\u1ea3n ph\u1ea9m cao c\u1ea5p <strong data-start=\"273\" data-end=\"286\">VL Series<\/strong>, chuy\u00ean d\u1ee5ng cho c\u00e1c h\u1ec7 th\u1ed1ng th\u1ee7y l\u1ef1c c\u1ea7n d\u1eabn d\u1ea7u \u00e1p su\u1ea5t cao v\u00e0 \u0111\u1ed9 b\u1ec1n v\u01b0\u1ee3t tr\u1ed9i. \u1ed0ng \u0111\u01b0\u1ee3c ch\u1ebf t\u1ea1o t\u1eeb <strong data-start=\"391\" data-end=\"425\">cao su t\u1ed5ng h\u1ee3p ch\u1ea5t l\u01b0\u1ee3ng cao<\/strong> and <strong data-start=\"429\" data-end=\"465\">l\u1edbp gia c\u01b0\u1eddng th\u00e9p xo\u1eafn (spiral)<\/strong>, mang l\u1ea1i kh\u1ea3 n\u0103ng ch\u1ecbu \u00e1p l\u1ef1c l\u1edbn, ch\u1ed1ng m\u00e0i m\u00f2n v\u00e0 ch\u1ecbu u\u1ed1n cong t\u1ed1t. V\u1edbi <strong data-start=\"542\" data-end=\"562\">chi\u1ec1u d\u00e0i 5m\/\u1ed1ng<\/strong> plates <strong data-start=\"568\" data-end=\"595\">\u0111\u1ea7u n\u1ed1i th\u1ee7y l\u1ef1c \u0111i k\u00e8m<\/strong>, s\u1ea3n ph\u1ea9m \u0111\u1ea3m b\u1ea3o d\u1ec5 d\u00e0ng l\u1eafp \u0111\u1eb7t, k\u00edn kh\u00edt v\u00e0 an to\u00e0n tuy\u1ec7t \u0111\u1ed1i trong v\u1eadn h\u00e0nh.<\/p>\n<h3 data-start=\"680\" data-end=\"704\">Technical specifications:<\/h3>\n<ul data-start=\"705\" data-end=\"1000\">\n<li data-start=\"705\" data-end=\"726\">\n<p data-start=\"707\" data-end=\"726\">Chi\u1ec1u d\u00e0i: 5m\/\u1ed1ng<\/p>\n<\/li>\n<li data-start=\"727\" data-end=\"785\">\n<p data-start=\"729\" data-end=\"785\">V\u1eadt li\u1ec7u: Cao su t\u1ed5ng h\u1ee3p + th\u00e9p xo\u1eafn spiral nhi\u1ec1u l\u1edbp<\/p>\n<\/li>\n<li data-start=\"786\" data-end=\"839\">\n<p data-start=\"788\" data-end=\"839\">D\u1ea3i \u00e1p su\u1ea5t l\u00e0m vi\u1ec7c: 350 \u2013 600 bar (t\u00f9y d\u00f2ng VL)<\/p>\n<\/li>\n<li data-start=\"840\" data-end=\"874\">\n<p data-start=\"842\" data-end=\"874\">\u0110\u01b0\u1eddng k\u00ednh trong: 6 mm \u2013 16 mm<\/p>\n<\/li>\n<li data-start=\"875\" data-end=\"916\">\n<p data-start=\"877\" data-end=\"916\">Kh\u1ea3 n\u0103ng ch\u1ecbu nhi\u1ec7t: -40\u00b0C \u0111\u1ebfn +120\u00b0C<\/p>\n<\/li>\n<li data-start=\"917\" data-end=\"966\">\n<p data-start=\"919\" data-end=\"966\">Trang b\u1ecb: \u0110\u1ea7u n\u1ed1i th\u1ee7y l\u1ef1c ti\u00eau chu\u1ea9n BSP\/NPT<\/p>\n<\/li>\n<li data-start=\"967\" data-end=\"1000\">\n<p data-start=\"969\" data-end=\"1000\">Tr\u1ecdng l\u01b0\u1ee3ng: ~3.2 \u2013 4.0kg\/\u1ed1ng<\/p>\n<\/li>\n<\/ul>\n<h3 data-start=\"1002\" data-end=\"1017\">Characteristics:<\/h3>\n<ul data-start=\"1018\" data-end=\"1379\">\n<li data-start=\"1018\" data-end=\"1081\">\n<p data-start=\"1020\" data-end=\"1081\">Thi\u1ebft k\u1ebf t\u1ed1i \u01b0u cho h\u1ec7 th\u1ed1ng th\u1ee7y l\u1ef1c c\u00f4ng nghi\u1ec7p h\u1ea1ng n\u1eb7ng<\/p>\n<\/li>\n<li data-start=\"1082\" data-end=\"1156\">\n<p data-start=\"1084\" data-end=\"1156\">Ch\u1ecbu \u00e1p su\u1ea5t cao, b\u1ec1n b\u1ec9 trong m\u00f4i tr\u01b0\u1eddng kh\u1eafc nghi\u1ec7t v\u00e0 th\u1eddi gian d\u00e0i<\/p>\n<\/li>\n<li data-start=\"1157\" data-end=\"1227\">\n<p data-start=\"1159\" data-end=\"1227\">V\u1ecf ngo\u00e0i ch\u1ed1ng d\u1ea7u, ch\u1ed1ng m\u00e0i m\u00f2n, kh\u00e1ng h\u00f3a ch\u1ea5t v\u00e0 th\u1eddi ti\u1ebft t\u1ed1t<\/p>\n<\/li>\n<li data-start=\"1228\" data-end=\"1309\">\n<p data-start=\"1230\" data-end=\"1309\">C\u00f3 <strong data-start=\"1233\" data-end=\"1261\">\u0111\u1ea7u n\u1ed1i th\u1ee7y l\u1ef1c l\u1eafp s\u1eb5n<\/strong>, gi\u00fap thi c\u00f4ng nhanh ch\u00f3ng, ti\u1ebft ki\u1ec7m chi ph\u00ed<\/p>\n<\/li>\n<li data-start=\"1310\" data-end=\"1379\">\n<p data-start=\"1312\" data-end=\"1379\">\u0110\u1ed9 k\u00edn kh\u00edt v\u00e0 an to\u00e0n cao, h\u1ea1n ch\u1ebf t\u1ed1i \u0111a r\u00f2 r\u1ec9 d\u1ea7u khi v\u1eadn h\u00e0nh<\/p>\n<\/li>\n<\/ul>\n<h3 data-start=\"1381\" data-end=\"1396\">Applications:<\/h3>\n<ul data-start=\"1397\" data-end=\"1743\">\n<li data-start=\"1397\" data-end=\"1475\">\n<p data-start=\"1399\" data-end=\"1475\"><strong data-start=\"1399\" data-end=\"1418\">Ng\u00e0nh th\u1ee7y l\u1ef1c:<\/strong> D\u1eabn d\u1ea7u cho b\u01a1m, xi lanh, k\u00edch v\u00e0 h\u1ec7 th\u1ed1ng \u00e1p l\u1ef1c cao.<\/p>\n<\/li>\n<li data-start=\"1476\" data-end=\"1561\">\n<p data-start=\"1478\" data-end=\"1561\"><strong data-start=\"1478\" data-end=\"1506\">Ng\u00e0nh c\u01a1 kh\u00ed \u2013 x\u00e2y d\u1ef1ng:<\/strong> \u1ed0ng d\u1eabn cho m\u00e1y \u00e9p, m\u00e1y n\u00e2ng, m\u00e1y c\u00f4ng tr\u00ecnh c\u1ee1 l\u1edbn.<\/p>\n<\/li>\n<li data-start=\"1562\" data-end=\"1650\">\n<p data-start=\"1564\" data-end=\"1650\"><strong data-start=\"1564\" data-end=\"1594\">Ng\u00e0nh khai th\u00e1c \u2013 v\u1eadn t\u1ea3i:<\/strong> S\u1eed d\u1ee5ng cho m\u00e1y m\u1ecf, xe chuy\u00ean d\u1ee5ng, m\u00e1y x\u00fac, m\u00e1y \u0111\u00e0o.<\/p>\n<\/li>\n<li data-start=\"1651\" data-end=\"1743\">\n<p data-start=\"1653\" data-end=\"1743\"><strong data-start=\"1653\" data-end=\"1685\">Ng\u00e0nh s\u1ea3n xu\u1ea5t \u2013 n\u0103ng l\u01b0\u1ee3ng:<\/strong> D\u00f9ng trong d\u00e2y chuy\u1ec1n c\u00f4ng nghi\u1ec7p v\u00e0 c\u00e1c tr\u1ea1m th\u1ee7y l\u1ef1c.<\/p>\n<\/li>\n<\/ul>\n<p><strong>S\u1ea3n ph\u1ea9m s\u1eb5n h\u00e0ng t\u1ea1i kho Kenta Vi\u1ec7t Nam<\/strong><\/p>\n<p><img loading=\"lazy\" decoding=\"async\" class=\"alignnone size-medium wp-image-2715\" src=\"https:\/\/kentavietnam.com\/wp-content\/uploads\/2024\/10\/7ab27301daf252ac0be397-300x225.jpg\" sizes=\"auto, (max-width: 300px) 100vw, 300px\" srcset=\"https:\/\/kentavietnam.com\/wp-content\/uploads\/2024\/10\/7ab27301daf252ac0be397-300x225.jpg?v=1756087778 300w, https:\/\/kentavietnam.com\/wp-content\/uploads\/2024\/10\/7ab27301daf252ac0be397-1024x768.jpg?v=1756087778 1024w, https:\/\/kentavietnam.com\/wp-content\/uploads\/2024\/10\/7ab27301daf252ac0be397-768x576.jpg?v=1756087778 768w, https:\/\/kentavietnam.com\/wp-content\/uploads\/2024\/10\/7ab27301daf252ac0be397-16x12.jpg?v=1756087778 16w, https:\/\/kentavietnam.com\/wp-content\/uploads\/2024\/10\/7ab27301daf252ac0be397-600x450.jpg?v=1756087778 600w, https:\/\/kentavietnam.com\/wp-content\/uploads\/2024\/10\/7ab27301daf252ac0be397.jpg?v=1756087778 1280w\" alt=\"\" width=\"300\" height=\"225\" \/>\u00a0 \u00a0\u00a0<img loading=\"lazy\" decoding=\"async\" class=\"alignnone wp-image-2732\" src=\"https:\/\/kentavietnam.com\/wp-content\/uploads\/2024\/10\/6978360b9ef816a64fe9108-e1756088920236-300x269.jpg\" sizes=\"auto, (max-width: 251px) 100vw, 251px\" srcset=\"https:\/\/kentavietnam.com\/wp-content\/uploads\/2024\/10\/6978360b9ef816a64fe9108-e1756088920236-300x269.jpg?v=1756087856 300w, https:\/\/kentavietnam.com\/wp-content\/uploads\/2024\/10\/6978360b9ef816a64fe9108-e1756088920236-1024x918.jpg?v=1756087856 1024w, https:\/\/kentavietnam.com\/wp-content\/uploads\/2024\/10\/6978360b9ef816a64fe9108-e1756088920236-768x689.jpg?v=1756087856 768w, https:\/\/kentavietnam.com\/wp-content\/uploads\/2024\/10\/6978360b9ef816a64fe9108-e1756088920236-13x12.jpg?v=1756087856 13w, https:\/\/kentavietnam.com\/wp-content\/uploads\/2024\/10\/6978360b9ef816a64fe9108-e1756088920236-600x538.jpg?v=1756087856 600w, https:\/\/kentavietnam.com\/wp-content\/uploads\/2024\/10\/6978360b9ef816a64fe9108-e1756088920236.jpg?v=1756087856 1160w\" alt=\"\" width=\"251\" height=\"225\" \/>\u00a0 \u00a0\u00a0<img loading=\"lazy\" decoding=\"async\" class=\"alignnone size-medium wp-image-2718\" src=\"https:\/\/kentavietnam.com\/wp-content\/uploads\/2024\/10\/8f41e3014bf2c3ac9ae3106-300x225.jpg\" sizes=\"auto, (max-width: 300px) 100vw, 300px\" srcset=\"https:\/\/kentavietnam.com\/wp-content\/uploads\/2024\/10\/8f41e3014bf2c3ac9ae3106-300x225.jpg?v=1756087794 300w, https:\/\/kentavietnam.com\/wp-content\/uploads\/2024\/10\/8f41e3014bf2c3ac9ae3106-1024x767.jpg?v=1756087794 1024w, https:\/\/kentavietnam.com\/wp-content\/uploads\/2024\/10\/8f41e3014bf2c3ac9ae3106-768x575.jpg?v=1756087794 768w, https:\/\/kentavietnam.com\/wp-content\/uploads\/2024\/10\/8f41e3014bf2c3ac9ae3106-16x12.jpg?v=1756087794 16w, https:\/\/kentavietnam.com\/wp-content\/uploads\/2024\/10\/8f41e3014bf2c3ac9ae3106-600x450.jpg?v=1756087794 600w, https:\/\/kentavietnam.com\/wp-content\/uploads\/2024\/10\/8f41e3014bf2c3ac9ae3106.jpg?v=1756087794 1280w\" alt=\"\" width=\"300\" height=\"225\" \/><\/p>\n<p><strong>Contact information:<\/strong><\/p>\n<div dir=\"auto\">KENTA VIETNAM \u2013 QUALITY CREATES TRUST<\/div>\n<div dir=\"auto\"><span class=\"html-span xexx8yu xyri2b x18d9i69 x1c1uobl x1hl2dhg x16tdsg8 x1vvkbs x3nfvp2 x1j61x8r x1fcty0u xdj266r xat24cr xm2jcoa x1mpyi22 xxymvpz xlup9mm x1kky2od\"><img loading=\"lazy\" decoding=\"async\" class=\"xz74otr x15mokao x1ga7v0g x16uus16 xbiv7yw\" src=\"https:\/\/static.xx.fbcdn.net\/images\/emoji.php\/v9\/tf8\/1\/16\/1f3e2.png\" alt=\"\ud83c\udfe2\" width=\"16\" height=\"16\" \/><\/span>\u00a0Main office: No. 22, Phung Cong service area, Phung Cong Commune, Hung Yen province<\/div>\n<div dir=\"auto\"><span class=\"html-span xexx8yu xyri2b x18d9i69 x1c1uobl x1hl2dhg x16tdsg8 x1vvkbs x3nfvp2 x1j61x8r x1fcty0u xdj266r xat24cr xm2jcoa x1mpyi22 xxymvpz xlup9mm x1kky2od\"><img loading=\"lazy\" decoding=\"async\" class=\"xz74otr x15mokao x1ga7v0g x16uus16 xbiv7yw\" src=\"https:\/\/static.xx.fbcdn.net\/images\/emoji.php\/v9\/tf6\/1\/16\/1f3e0.png\" alt=\"\ud83c\udfe0\" width=\"16\" height=\"16\" \/><\/span>\u00a0Warehouse No. 1: Ngo Yen Hamlet, Hong An Ward, Hai Phong City (at the foot of Kien Bridge)<\/div>\n<div dir=\"auto\"><span class=\"html-span xexx8yu xyri2b x18d9i69 x1c1uobl x1hl2dhg x16tdsg8 x1vvkbs x3nfvp2 x1j61x8r x1fcty0u xdj266r xat24cr xm2jcoa x1mpyi22 xxymvpz xlup9mm x1kky2od\"><img loading=\"lazy\" decoding=\"async\" class=\"xz74otr x15mokao x1ga7v0g x16uus16 xbiv7yw\" src=\"https:\/\/static.xx.fbcdn.net\/images\/emoji.php\/v9\/tf6\/1\/16\/1f3e0.png\" alt=\"\ud83c\udfe0\" width=\"16\" height=\"16\" \/><\/span>\u00a0Warehouse No. 2: No. 22, Phung Cong service area, Phung Cong Commune, Hung Yen province<\/div>\n<div dir=\"auto\"><span class=\"html-span xexx8yu xyri2b x18d9i69 x1c1uobl x1hl2dhg x16tdsg8 x1vvkbs x3nfvp2 x1j61x8r x1fcty0u xdj266r xat24cr xm2jcoa x1mpyi22 xxymvpz xlup9mm x1kky2od\"><img loading=\"lazy\" decoding=\"async\" class=\"xz74otr x15mokao x1ga7v0g x16uus16 xbiv7yw\" src=\"https:\/\/static.xx.fbcdn.net\/images\/emoji.php\/v9\/t22\/1\/16\/260e.png\" alt=\"\u260e\ufe0f\" width=\"16\" height=\"16\" \/><\/span>\u00a0S\u0110T: 0972 887 106 \u2013 0961 909 992<\/div>\n<div dir=\"auto\"><span class=\"html-span xexx8yu xyri2b x18d9i69 x1c1uobl x1hl2dhg x16tdsg8 x1vvkbs x3nfvp2 x1j61x8r x1fcty0u xdj266r xat24cr xm2jcoa x1mpyi22 xxymvpz xlup9mm x1kky2od\"><img loading=\"lazy\" decoding=\"async\" class=\"xz74otr x15mokao x1ga7v0g x16uus16 xbiv7yw\" src=\"https:\/\/static.xx.fbcdn.net\/images\/emoji.php\/v9\/tc0\/1\/16\/1f4e9.png\" alt=\"\ud83d\udce9\" width=\"16\" height=\"16\" \/><\/span>\u00a0Email: contact@kentavietnam.com<\/div>\n<div dir=\"auto\"><span class=\"html-span xexx8yu xyri2b x18d9i69 x1c1uobl x1hl2dhg x16tdsg8 x1vvkbs x3nfvp2 x1j61x8r x1fcty0u xdj266r xat24cr xm2jcoa x1mpyi22 xxymvpz xlup9mm x1kky2od\"><img loading=\"lazy\" decoding=\"async\" class=\"xz74otr x15mokao x1ga7v0g x16uus16 xbiv7yw\" src=\"https:\/\/static.xx.fbcdn.net\/images\/emoji.php\/v9\/taa\/1\/16\/1f310.png\" alt=\"\ud83c\udf10\" width=\"16\" height=\"16\" \/><\/span>\u00a0Website:\u00a0<span class=\"html-span xdj266r x14z9mp xat24cr x1lziwak xexx8yu xyri2b x18d9i69 x1c1uobl x1hl2dhg x16tdsg8 x1vvkbs\"><a class=\"x1i10hfl xjbqb8w x1ejq31n x18oe1m7 x1sy0etr xstzfhl x972fbf x10w94by x1qhh985 x14e42zd x9f619 x1ypdohk xt0psk2 x3ct3a4 xdj266r x14z9mp xat24cr x1lziwak xexx8yu xyri2b x18d9i69 x1c1uobl x16tdsg8 x1hl2dhg xggy1nq x1a2a7pz xkrqix3 x1sur9pj x1fey0fg x1s688f\" tabindex=\"0\" role=\"link\" href=\"https:\/\/l.facebook.com\/l.php?u=http%3A%2F%2Fkentavietnam.com%2F%3Ffbclid%3DIwZXh0bgNhZW0CMTAAYnJpZBExOXR4ZlZ1OTVBbEFKSGlxegEen5zMhAfmcwNmBE4zZYTgVlO-vq7Qs4ImwoRSuU1ab5bBDR8dEE_wzmp_BWY_aem_pUlotNhgDQn7Zls1a6kVWw&amp;h=AT3LvVUQYPIa0XYrtUlqv2kTA69l4I5Zaf2Q0rMN8pXz6tcCqMKFXkPVHsA9UdtuA7vF58X9L3VzCQpA3UlpmJvQTHkr4RbFhLUIC8mRCJ720SI4UNtqQ7AIZ5ci_Nk4wuAtRMBTW3_mvRqa&amp;__tn__=-UK-R&amp;c[0]=AT3ob5MAFvp0Sm7cjT5LuG4WGC1hKHcBaeJE6W6GWzy_VwitaITnDNay-N3WRv77MDqufhzPCEZTAPOQ4O-j0Dae_KKIM_jlmoxRf1yZ1CL3FpI66voX1_ZW_hr6jcWBK_Dvqbp80l74Nrbn4qfLxetCXSqSwSqWQXdLH3ifjTjSEM8cNKZr3dYzXM2qS1XCvRdClncF6oh51CiWCpECj8x-_A\" target=\"_blank\" rel=\"nofollow noopener noreferrer\">kentavietnam.com<\/a><\/span><\/div>","protected":false},"excerpt":{"rendered":"<ul>\n<li data-start=\"1780\" data-end=\"1801\">\n<p data-start=\"1782\" data-end=\"1801\">Chi\u1ec1u d\u00e0i: 5m\/\u1ed1ng<\/p>\n<\/li>\n<li data-start=\"1802\" data-end=\"1840\">\n<p data-start=\"1804\" data-end=\"1840\">C\u00f3 k\u00e8m \u0111\u1ea7u n\u1ed1i th\u1ee7y l\u1ef1c ti\u00eau chu\u1ea9n<\/p>\n<\/li>\n<li data-start=\"1841\" data-end=\"1889\">\n<p data-start=\"1843\" data-end=\"1889\">V\u1eadt li\u1ec7u: Cao su t\u1ed5ng h\u1ee3p + th\u00e9p xo\u1eafn spiral<\/p>\n<\/li>\n<li data-start=\"1890\" data-end=\"1925\">\n<p data-start=\"1892\" data-end=\"1925\">\u00c1p su\u1ea5t l\u00e0m vi\u1ec7c: 350 \u2013 600 bar<\/p>\n<\/li>\n<li data-start=\"1926\" data-end=\"1958\">\n<p data-start=\"1928\" data-end=\"1958\">Ch\u1ecbu nhi\u1ec7t: -40\u00b0C \u0111\u1ebfn +120\u00b0C<\/p>\n<\/li>\n<li data-start=\"1959\" data-end=\"2003\">\n<p data-start=\"1961\" data-end=\"2003\">Th\u01b0\u01a1ng hi\u1ec7u: VL Series (xu\u1ea5t x\u1ee9 qu\u1ed1c t\u1ebf)<\/p>\n<\/li>\n<\/ul>","protected":false},"featured_media":2715,"comment_status":"open","ping_status":"closed","template":"","meta":[],"product_brand":[],"product_cat":[237],"product_tag":[],"class_list":{"0":"post-2789","1":"product","2":"type-product","3":"status-publish","4":"has-post-thumbnail","6":"product_cat-ong-dan-dau-dong-ho-khop-noi","8":"first","9":"instock","10":"shipping-taxable","11":"product-type-simple"},"_links":{"self":[{"href":"https:\/\/kentavietnam.com\/en\/wp-json\/wp\/v2\/product\/2789","targetHints":{"allow":["GET"]}}],"collection":[{"href":"https:\/\/kentavietnam.com\/en\/wp-json\/wp\/v2\/product"}],"about":[{"href":"https:\/\/kentavietnam.com\/en\/wp-json\/wp\/v2\/types\/product"}],"replies":[{"embeddable":true,"href":"https:\/\/kentavietnam.com\/en\/wp-json\/wp\/v2\/comments?post=2789"}],"wp:featuredmedia":[{"embeddable":true,"href":"https:\/\/kentavietnam.com\/en\/wp-json\/wp\/v2\/media\/2715"}],"wp:attachment":[{"href":"https:\/\/kentavietnam.com\/en\/wp-json\/wp\/v2\/media?parent=2789"}],"wp:term":[{"taxonomy":"product_brand","embeddable":true,"href":"https:\/\/kentavietnam.com\/en\/wp-json\/wp\/v2\/product_brand?post=2789"},{"taxonomy":"product_cat","embeddable":true,"href":"https:\/\/kentavietnam.com\/en\/wp-json\/wp\/v2\/product_cat?post=2789"},{"taxonomy":"product_tag","embeddable":true,"href":"https:\/\/kentavietnam.com\/en\/wp-json\/wp\/v2\/product_tag?post=2789"}],"curies":[{"name":"wp","href":"https:\/\/api.w.org\/{rel}","templated":true}]}}