{"id":2790,"date":"2025-09-10T07:34:52","date_gmt":"2025-09-10T07:34:52","guid":{"rendered":"https:\/\/kentavietnam.com\/?post_type=product&#038;p=2790"},"modified":"2025-09-17T08:47:36","modified_gmt":"2025-09-17T08:47:36","slug":"2790","status":"publish","type":"product","link":"https:\/\/kentavietnam.com\/en\/product\/2790\/","title":{"rendered":"\u1ed0ng d\u1eabn d\u1ea7u th\u1ee7y l\u1ef1c B 2 SOU"},"content":{"rendered":"<h2 data-start=\"123\" data-end=\"167\">\u1ed0ng d\u1eabn d\u1ea7u th\u1ee7y l\u1ef1c B 2 SOU ch\u00ednh h\u00e3ng<\/h2>\n<p data-start=\"169\" data-end=\"677\"><strong data-start=\"169\" data-end=\"201\">\u1ed0ng d\u1eabn d\u1ea7u th\u1ee7y l\u1ef1c B 2 SOU<\/strong> l\u00e0 d\u00f2ng s\u1ea3n ph\u1ea9m thu\u1ed9c seri <strong data-start=\"230\" data-end=\"242\">B Series<\/strong>, \u0111\u01b0\u1ee3c thi\u1ebft k\u1ebf chuy\u00ean d\u1ee5ng \u0111\u1ec3 truy\u1ec1n d\u1eabn d\u1ea7u th\u1ee7y l\u1ef1c trong c\u00e1c h\u1ec7 th\u1ed1ng l\u00e0m vi\u1ec7c \u1edf \u0111i\u1ec1u ki\u1ec7n \u00e1p su\u1ea5t trung b\u00ecnh \u2013 cao. S\u1ea3n ph\u1ea9m \u0111\u01b0\u1ee3c ch\u1ebf t\u1ea1o t\u1eeb <strong data-start=\"388\" data-end=\"416\">cao su t\u1ed5ng h\u1ee3p ch\u1ecbu d\u1ea7u<\/strong> k\u1ebft h\u1ee3p v\u1edbi <strong data-start=\"429\" data-end=\"465\">l\u1edbp th\u00e9p xo\u1eafn (spiral) gia c\u01b0\u1eddng<\/strong>, \u0111\u1ea3m b\u1ea3o kh\u1ea3 n\u0103ng ch\u1ecbu \u00e1p l\u1ef1c t\u1ed1t, linh ho\u1ea1t khi l\u1eafp \u0111\u1eb7t v\u00e0 b\u1ec1n b\u1ec9 trong m\u00f4i tr\u01b0\u1eddng kh\u1eafc nghi\u1ec7t. V\u1edbi c\u1ea5u t\u1ea1o ch\u1eafc ch\u1eafn v\u00e0 <strong data-start=\"588\" data-end=\"615\">\u0111\u1ea7u n\u1ed1i th\u1ee7y l\u1ef1c \u0111i k\u00e8m<\/strong>, \u1ed1ng B 2 SOU mang l\u1ea1i s\u1ef1 an to\u00e0n v\u00e0 ti\u1ec7n l\u1ee3i trong s\u1eed d\u1ee5ng.<\/p>\n<h3 data-start=\"679\" data-end=\"703\">Technical specifications:<\/h3>\n<ul data-start=\"704\" data-end=\"996\">\n<li data-start=\"704\" data-end=\"725\">\n<p data-start=\"706\" data-end=\"725\">Chi\u1ec1u d\u00e0i: 2m\/\u1ed1ng<\/p>\n<\/li>\n<li data-start=\"726\" data-end=\"784\">\n<p data-start=\"728\" data-end=\"784\">V\u1eadt li\u1ec7u: Cao su t\u1ed5ng h\u1ee3p kh\u00e1ng d\u1ea7u + th\u00e9p xo\u1eafn spiral<\/p>\n<\/li>\n<li data-start=\"785\" data-end=\"835\">\n<p data-start=\"787\" data-end=\"835\">D\u1ea3i \u00e1p su\u1ea5t l\u00e0m vi\u1ec7c: 250 \u2013 400 bar (t\u00f9y lo\u1ea1i)<\/p>\n<\/li>\n<li data-start=\"836\" data-end=\"870\">\n<p data-start=\"838\" data-end=\"870\">\u0110\u01b0\u1eddng k\u00ednh trong: 6 mm \u2013 12 mm<\/p>\n<\/li>\n<li data-start=\"871\" data-end=\"912\">\n<p data-start=\"873\" data-end=\"912\">Kh\u1ea3 n\u0103ng ch\u1ecbu nhi\u1ec7t: -40\u00b0C \u0111\u1ebfn +100\u00b0C<\/p>\n<\/li>\n<li data-start=\"913\" data-end=\"962\">\n<p data-start=\"915\" data-end=\"962\">Trang b\u1ecb: \u0110\u1ea7u n\u1ed1i th\u1ee7y l\u1ef1c ti\u00eau chu\u1ea9n BSP\/NPT<\/p>\n<\/li>\n<li data-start=\"963\" data-end=\"996\">\n<p data-start=\"965\" data-end=\"996\">Tr\u1ecdng l\u01b0\u1ee3ng: ~1.5 \u2013 2.2kg\/\u1ed1ng<\/p>\n<\/li>\n<\/ul>\n<h3 data-start=\"998\" data-end=\"1013\">Characteristics:<\/h3>\n<ul data-start=\"1014\" data-end=\"1334\">\n<li data-start=\"1014\" data-end=\"1070\">\n<p data-start=\"1016\" data-end=\"1070\">Thi\u1ebft k\u1ebf ch\u1eafc ch\u1eafn, ch\u1ecbu \u00e1p su\u1ea5t v\u00e0 l\u1ef1c u\u1ed1n cong t\u1ed1t<\/p>\n<\/li>\n<li data-start=\"1071\" data-end=\"1133\">\n<p data-start=\"1073\" data-end=\"1133\">L\u1edbp v\u1ecf ngo\u00e0i ch\u1ed1ng m\u00e0i m\u00f2n, kh\u00e1ng d\u1ea7u v\u00e0 h\u00f3a ch\u1ea5t hi\u1ec7u qu\u1ea3<\/p>\n<\/li>\n<li data-start=\"1134\" data-end=\"1210\">\n<p data-start=\"1136\" data-end=\"1210\">C\u00f3 s\u1eb5n <strong data-start=\"1143\" data-end=\"1163\">\u0111\u1ea7u n\u1ed1i th\u1ee7y l\u1ef1c<\/strong>, d\u1ec5 d\u00e0ng l\u1eafp \u0111\u1eb7t, ti\u1ebft ki\u1ec7m chi ph\u00ed thi c\u00f4ng<\/p>\n<\/li>\n<li data-start=\"1211\" data-end=\"1283\">\n<p data-start=\"1213\" data-end=\"1283\">T\u00ednh linh ho\u1ea1t cao, ph\u00f9 h\u1ee3p nhi\u1ec1u lo\u1ea1i thi\u1ebft b\u1ecb v\u00e0 h\u1ec7 th\u1ed1ng th\u1ee7y l\u1ef1c<\/p>\n<\/li>\n<li data-start=\"1284\" data-end=\"1334\">\n<p data-start=\"1286\" data-end=\"1334\">\u0110\u1ea3m b\u1ea3o \u0111\u1ed9 k\u00edn kh\u00edt v\u00e0 \u0111\u1ed9 an to\u00e0n khi v\u1eadn h\u00e0nh<\/p>\n<\/li>\n<\/ul>\n<h3 data-start=\"1336\" data-end=\"1351\">Applications:<\/h3>\n<ul data-start=\"1352\" data-end=\"1657\">\n<li data-start=\"1352\" data-end=\"1424\">\n<p data-start=\"1354\" data-end=\"1424\"><strong data-start=\"1354\" data-end=\"1373\">Ng\u00e0nh th\u1ee7y l\u1ef1c:<\/strong> Truy\u1ec1n d\u1eabn d\u1ea7u cho b\u01a1m, van v\u00e0 xi lanh th\u1ee7y l\u1ef1c.<\/p>\n<\/li>\n<li data-start=\"1425\" data-end=\"1504\">\n<p data-start=\"1427\" data-end=\"1504\"><strong data-start=\"1427\" data-end=\"1455\">Ng\u00e0nh c\u01a1 kh\u00ed \u2013 x\u00e2y d\u1ef1ng:<\/strong> Trang b\u1ecb cho m\u00e1y n\u00e2ng, m\u00e1y \u00e9p, m\u00e1y c\u00f4ng tr\u00ecnh.<\/p>\n<\/li>\n<li data-start=\"1505\" data-end=\"1585\">\n<p data-start=\"1507\" data-end=\"1585\"><strong data-start=\"1507\" data-end=\"1537\">Ng\u00e0nh khai th\u00e1c \u2013 v\u1eadn t\u1ea3i:<\/strong> S\u1eed d\u1ee5ng cho xe chuy\u00ean d\u1ee5ng, m\u00e1y \u0111\u00e0o, m\u00e1y x\u00fac.<\/p>\n<\/li>\n<li data-start=\"1586\" data-end=\"1657\">\n<p data-start=\"1588\" data-end=\"1657\"><strong data-start=\"1588\" data-end=\"1607\">Ng\u00e0nh s\u1ea3n xu\u1ea5t:<\/strong> H\u1ec7 th\u1ed1ng th\u1ee7y l\u1ef1c trong d\u00e2y chuy\u1ec1n c\u00f4ng nghi\u1ec7p.<\/p>\n<\/li>\n<\/ul>\n<p><strong>S\u1ea3n ph\u1ea9m s\u1eb5n h\u00e0ng t\u1ea1i kho Kenta Vi\u1ec7t Nam<\/strong><\/p>\n<p><img loading=\"lazy\" decoding=\"async\" class=\"alignnone size-medium wp-image-2715\" src=\"https:\/\/kentavietnam.com\/wp-content\/uploads\/2024\/10\/7ab27301daf252ac0be397-300x225.jpg\" sizes=\"auto, (max-width: 300px) 100vw, 300px\" srcset=\"https:\/\/kentavietnam.com\/wp-content\/uploads\/2024\/10\/7ab27301daf252ac0be397-300x225.jpg?v=1756087778 300w, https:\/\/kentavietnam.com\/wp-content\/uploads\/2024\/10\/7ab27301daf252ac0be397-1024x768.jpg?v=1756087778 1024w, https:\/\/kentavietnam.com\/wp-content\/uploads\/2024\/10\/7ab27301daf252ac0be397-768x576.jpg?v=1756087778 768w, https:\/\/kentavietnam.com\/wp-content\/uploads\/2024\/10\/7ab27301daf252ac0be397-16x12.jpg?v=1756087778 16w, https:\/\/kentavietnam.com\/wp-content\/uploads\/2024\/10\/7ab27301daf252ac0be397-600x450.jpg?v=1756087778 600w, https:\/\/kentavietnam.com\/wp-content\/uploads\/2024\/10\/7ab27301daf252ac0be397.jpg?v=1756087778 1280w\" alt=\"\" width=\"300\" height=\"225\" \/>\u00a0 \u00a0\u00a0<img loading=\"lazy\" decoding=\"async\" class=\"alignnone wp-image-2732\" src=\"https:\/\/kentavietnam.com\/wp-content\/uploads\/2024\/10\/6978360b9ef816a64fe9108-e1756088920236-300x269.jpg\" sizes=\"auto, (max-width: 251px) 100vw, 251px\" srcset=\"https:\/\/kentavietnam.com\/wp-content\/uploads\/2024\/10\/6978360b9ef816a64fe9108-e1756088920236-300x269.jpg?v=1756087856 300w, https:\/\/kentavietnam.com\/wp-content\/uploads\/2024\/10\/6978360b9ef816a64fe9108-e1756088920236-1024x918.jpg?v=1756087856 1024w, https:\/\/kentavietnam.com\/wp-content\/uploads\/2024\/10\/6978360b9ef816a64fe9108-e1756088920236-768x689.jpg?v=1756087856 768w, https:\/\/kentavietnam.com\/wp-content\/uploads\/2024\/10\/6978360b9ef816a64fe9108-e1756088920236-13x12.jpg?v=1756087856 13w, https:\/\/kentavietnam.com\/wp-content\/uploads\/2024\/10\/6978360b9ef816a64fe9108-e1756088920236-600x538.jpg?v=1756087856 600w, https:\/\/kentavietnam.com\/wp-content\/uploads\/2024\/10\/6978360b9ef816a64fe9108-e1756088920236.jpg?v=1756087856 1160w\" alt=\"\" width=\"251\" height=\"225\" \/>\u00a0 \u00a0\u00a0<img loading=\"lazy\" decoding=\"async\" class=\"alignnone size-medium wp-image-2718\" src=\"https:\/\/kentavietnam.com\/wp-content\/uploads\/2024\/10\/8f41e3014bf2c3ac9ae3106-300x225.jpg\" sizes=\"auto, (max-width: 300px) 100vw, 300px\" srcset=\"https:\/\/kentavietnam.com\/wp-content\/uploads\/2024\/10\/8f41e3014bf2c3ac9ae3106-300x225.jpg?v=1756087794 300w, https:\/\/kentavietnam.com\/wp-content\/uploads\/2024\/10\/8f41e3014bf2c3ac9ae3106-1024x767.jpg?v=1756087794 1024w, https:\/\/kentavietnam.com\/wp-content\/uploads\/2024\/10\/8f41e3014bf2c3ac9ae3106-768x575.jpg?v=1756087794 768w, https:\/\/kentavietnam.com\/wp-content\/uploads\/2024\/10\/8f41e3014bf2c3ac9ae3106-16x12.jpg?v=1756087794 16w, https:\/\/kentavietnam.com\/wp-content\/uploads\/2024\/10\/8f41e3014bf2c3ac9ae3106-600x450.jpg?v=1756087794 600w, https:\/\/kentavietnam.com\/wp-content\/uploads\/2024\/10\/8f41e3014bf2c3ac9ae3106.jpg?v=1756087794 1280w\" alt=\"\" width=\"300\" height=\"225\" \/><\/p>\n<p><strong>Contact information:<\/strong><\/p>\n<div dir=\"auto\">KENTA VIETNAM \u2013 QUALITY CREATES TRUST<\/div>\n<div dir=\"auto\"><span class=\"html-span xexx8yu xyri2b x18d9i69 x1c1uobl x1hl2dhg x16tdsg8 x1vvkbs x3nfvp2 x1j61x8r x1fcty0u xdj266r xat24cr xm2jcoa x1mpyi22 xxymvpz xlup9mm x1kky2od\"><img loading=\"lazy\" decoding=\"async\" class=\"xz74otr x15mokao x1ga7v0g x16uus16 xbiv7yw\" src=\"https:\/\/static.xx.fbcdn.net\/images\/emoji.php\/v9\/tf8\/1\/16\/1f3e2.png\" alt=\"\ud83c\udfe2\" width=\"16\" height=\"16\" \/><\/span>\u00a0Main office: No. 22, Phung Cong service area, Phung Cong Commune, Hung Yen province<\/div>\n<div dir=\"auto\"><span class=\"html-span xexx8yu xyri2b x18d9i69 x1c1uobl x1hl2dhg x16tdsg8 x1vvkbs x3nfvp2 x1j61x8r x1fcty0u xdj266r xat24cr xm2jcoa x1mpyi22 xxymvpz xlup9mm x1kky2od\"><img loading=\"lazy\" decoding=\"async\" class=\"xz74otr x15mokao x1ga7v0g x16uus16 xbiv7yw\" src=\"https:\/\/static.xx.fbcdn.net\/images\/emoji.php\/v9\/tf6\/1\/16\/1f3e0.png\" alt=\"\ud83c\udfe0\" width=\"16\" height=\"16\" \/><\/span>\u00a0Warehouse No. 1: Ngo Yen Hamlet, Hong An Ward, Hai Phong City (at the foot of Kien Bridge)<\/div>\n<div dir=\"auto\"><span class=\"html-span xexx8yu xyri2b x18d9i69 x1c1uobl x1hl2dhg x16tdsg8 x1vvkbs x3nfvp2 x1j61x8r x1fcty0u xdj266r xat24cr xm2jcoa x1mpyi22 xxymvpz xlup9mm x1kky2od\"><img loading=\"lazy\" decoding=\"async\" class=\"xz74otr x15mokao x1ga7v0g x16uus16 xbiv7yw\" src=\"https:\/\/static.xx.fbcdn.net\/images\/emoji.php\/v9\/tf6\/1\/16\/1f3e0.png\" alt=\"\ud83c\udfe0\" width=\"16\" height=\"16\" \/><\/span>\u00a0Warehouse No. 2: No. 22, Phung Cong service area, Phung Cong Commune, Hung Yen province<\/div>\n<div dir=\"auto\"><span class=\"html-span xexx8yu xyri2b x18d9i69 x1c1uobl x1hl2dhg x16tdsg8 x1vvkbs x3nfvp2 x1j61x8r x1fcty0u xdj266r xat24cr xm2jcoa x1mpyi22 xxymvpz xlup9mm x1kky2od\"><img loading=\"lazy\" decoding=\"async\" class=\"xz74otr x15mokao x1ga7v0g x16uus16 xbiv7yw\" src=\"https:\/\/static.xx.fbcdn.net\/images\/emoji.php\/v9\/t22\/1\/16\/260e.png\" alt=\"\u260e\ufe0f\" width=\"16\" height=\"16\" \/><\/span>\u00a0S\u0110T: 0972 887 106 \u2013 0961 909 992<\/div>\n<div dir=\"auto\"><span class=\"html-span xexx8yu xyri2b x18d9i69 x1c1uobl x1hl2dhg x16tdsg8 x1vvkbs x3nfvp2 x1j61x8r x1fcty0u xdj266r xat24cr xm2jcoa x1mpyi22 xxymvpz xlup9mm x1kky2od\"><img loading=\"lazy\" decoding=\"async\" class=\"xz74otr x15mokao x1ga7v0g x16uus16 xbiv7yw\" src=\"https:\/\/static.xx.fbcdn.net\/images\/emoji.php\/v9\/tc0\/1\/16\/1f4e9.png\" alt=\"\ud83d\udce9\" width=\"16\" height=\"16\" \/><\/span>\u00a0Email: contact@kentavietnam.com<\/div>\n<div dir=\"auto\"><span class=\"html-span xexx8yu xyri2b x18d9i69 x1c1uobl x1hl2dhg x16tdsg8 x1vvkbs x3nfvp2 x1j61x8r x1fcty0u xdj266r xat24cr xm2jcoa x1mpyi22 xxymvpz xlup9mm x1kky2od\"><img loading=\"lazy\" decoding=\"async\" class=\"xz74otr x15mokao x1ga7v0g x16uus16 xbiv7yw\" src=\"https:\/\/static.xx.fbcdn.net\/images\/emoji.php\/v9\/taa\/1\/16\/1f310.png\" alt=\"\ud83c\udf10\" width=\"16\" height=\"16\" \/><\/span>\u00a0Website:\u00a0<span class=\"html-span xdj266r x14z9mp xat24cr x1lziwak xexx8yu xyri2b x18d9i69 x1c1uobl x1hl2dhg x16tdsg8 x1vvkbs\"><a class=\"x1i10hfl xjbqb8w x1ejq31n x18oe1m7 x1sy0etr xstzfhl x972fbf x10w94by x1qhh985 x14e42zd x9f619 x1ypdohk xt0psk2 x3ct3a4 xdj266r x14z9mp xat24cr x1lziwak xexx8yu xyri2b x18d9i69 x1c1uobl x16tdsg8 x1hl2dhg xggy1nq x1a2a7pz xkrqix3 x1sur9pj x1fey0fg x1s688f\" tabindex=\"0\" role=\"link\" href=\"https:\/\/l.facebook.com\/l.php?u=http%3A%2F%2Fkentavietnam.com%2F%3Ffbclid%3DIwZXh0bgNhZW0CMTAAYnJpZBExOXR4ZlZ1OTVBbEFKSGlxegEen5zMhAfmcwNmBE4zZYTgVlO-vq7Qs4ImwoRSuU1ab5bBDR8dEE_wzmp_BWY_aem_pUlotNhgDQn7Zls1a6kVWw&amp;h=AT3LvVUQYPIa0XYrtUlqv2kTA69l4I5Zaf2Q0rMN8pXz6tcCqMKFXkPVHsA9UdtuA7vF58X9L3VzCQpA3UlpmJvQTHkr4RbFhLUIC8mRCJ720SI4UNtqQ7AIZ5ci_Nk4wuAtRMBTW3_mvRqa&amp;__tn__=-UK-R&amp;c[0]=AT3ob5MAFvp0Sm7cjT5LuG4WGC1hKHcBaeJE6W6GWzy_VwitaITnDNay-N3WRv77MDqufhzPCEZTAPOQ4O-j0Dae_KKIM_jlmoxRf1yZ1CL3FpI66voX1_ZW_hr6jcWBK_Dvqbp80l74Nrbn4qfLxetCXSqSwSqWQXdLH3ifjTjSEM8cNKZr3dYzXM2qS1XCvRdClncF6oh51CiWCpECj8x-_A\" target=\"_blank\" rel=\"nofollow noopener noreferrer\">kentavietnam.com<\/a><\/span><\/div>","protected":false},"excerpt":{"rendered":"<ul>\n<li data-start=\"1694\" data-end=\"1715\">\n<p data-start=\"1696\" data-end=\"1715\">Chi\u1ec1u d\u00e0i: 2m\/\u1ed1ng<\/p>\n<\/li>\n<li data-start=\"1716\" data-end=\"1754\">\n<p data-start=\"1718\" data-end=\"1754\">C\u00f3 k\u00e8m \u0111\u1ea7u n\u1ed1i th\u1ee7y l\u1ef1c ti\u00eau chu\u1ea9n<\/p>\n<\/li>\n<li data-start=\"1755\" data-end=\"1803\">\n<p data-start=\"1757\" data-end=\"1803\">V\u1eadt li\u1ec7u: Cao su t\u1ed5ng h\u1ee3p + th\u00e9p xo\u1eafn spiral<\/p>\n<\/li>\n<li data-start=\"1804\" data-end=\"1839\">\n<p data-start=\"1806\" data-end=\"1839\">\u00c1p su\u1ea5t l\u00e0m vi\u1ec7c: 250 \u2013 400 bar<\/p>\n<\/li>\n<li data-start=\"1840\" data-end=\"1872\">\n<p data-start=\"1842\" data-end=\"1872\">Ch\u1ecbu nhi\u1ec7t: -40\u00b0C \u0111\u1ebfn +100\u00b0C<\/p>\n<\/li>\n<li data-start=\"1873\" data-end=\"1916\">\n<p data-start=\"1875\" data-end=\"1916\">Th\u01b0\u01a1ng hi\u1ec7u: B Series (xu\u1ea5t x\u1ee9 qu\u1ed1c t\u1ebf)<\/p>\n<\/li>\n<\/ul>","protected":false},"featured_media":2712,"comment_status":"open","ping_status":"closed","template":"","meta":[],"product_brand":[],"product_cat":[237],"product_tag":[],"class_list":{"0":"post-2790","1":"product","2":"type-product","3":"status-publish","4":"has-post-thumbnail","6":"product_cat-ong-dan-dau-dong-ho-khop-noi","8":"first","9":"instock","10":"shipping-taxable","11":"product-type-simple"},"_links":{"self":[{"href":"https:\/\/kentavietnam.com\/en\/wp-json\/wp\/v2\/product\/2790","targetHints":{"allow":["GET"]}}],"collection":[{"href":"https:\/\/kentavietnam.com\/en\/wp-json\/wp\/v2\/product"}],"about":[{"href":"https:\/\/kentavietnam.com\/en\/wp-json\/wp\/v2\/types\/product"}],"replies":[{"embeddable":true,"href":"https:\/\/kentavietnam.com\/en\/wp-json\/wp\/v2\/comments?post=2790"}],"wp:featuredmedia":[{"embeddable":true,"href":"https:\/\/kentavietnam.com\/en\/wp-json\/wp\/v2\/media\/2712"}],"wp:attachment":[{"href":"https:\/\/kentavietnam.com\/en\/wp-json\/wp\/v2\/media?parent=2790"}],"wp:term":[{"taxonomy":"product_brand","embeddable":true,"href":"https:\/\/kentavietnam.com\/en\/wp-json\/wp\/v2\/product_brand?post=2790"},{"taxonomy":"product_cat","embeddable":true,"href":"https:\/\/kentavietnam.com\/en\/wp-json\/wp\/v2\/product_cat?post=2790"},{"taxonomy":"product_tag","embeddable":true,"href":"https:\/\/kentavietnam.com\/en\/wp-json\/wp\/v2\/product_tag?post=2790"}],"curies":[{"name":"wp","href":"https:\/\/api.w.org\/{rel}","templated":true}]}}