{"id":2792,"date":"2025-09-10T07:39:11","date_gmt":"2025-09-10T07:39:11","guid":{"rendered":"https:\/\/kentavietnam.com\/?post_type=product&#038;p=2792"},"modified":"2025-09-17T08:47:14","modified_gmt":"2025-09-17T08:47:14","slug":"khop-noi-nhanh-a-119","status":"publish","type":"product","link":"https:\/\/kentavietnam.com\/en\/product\/khop-noi-nhanh-a-119\/","title":{"rendered":"Kh\u1edbp n\u1ed1i nhanh A119"},"content":{"rendered":"<h2 data-start=\"132\" data-end=\"168\">Kh\u1edbp n\u1ed1i nhanh A119 ch\u00ednh h\u00e3ng<\/h2>\n<p data-start=\"170\" data-end=\"634\"><strong data-start=\"170\" data-end=\"194\">Kh\u1edbp n\u1ed1i nhanh A119<\/strong> l\u00e0 ph\u1ee5 ki\u1ec7n chuy\u00ean d\u1ee5ng trong h\u1ec7 th\u1ed1ng th\u1ee7y l\u1ef1c, gi\u00fap k\u1ebft n\u1ed1i v\u00e0 th\u00e1o r\u1eddi c\u00e1c \u0111\u01b0\u1eddng \u1ed1ng d\u1eabn d\u1ea7u m\u1ed9t c\u00e1ch nhanh ch\u00f3ng, an to\u00e0n v\u00e0 k\u00edn kh\u00edt. S\u1ea3n ph\u1ea9m \u0111\u01b0\u1ee3c s\u1ea3n xu\u1ea5t b\u1eb1ng <strong data-start=\"362\" data-end=\"416\">th\u00e9p m\u1ea1 k\u1ebdm\/ th\u00e9p h\u1ee3p kim ho\u1eb7c inox ch\u1ea5t l\u01b0\u1ee3ng cao<\/strong>, c\u00f3 kh\u1ea3 n\u0103ng ch\u1ed1ng \u0103n m\u00f2n, ch\u1ecbu \u00e1p l\u1ef1c l\u1edbn v\u00e0 h\u1ea1n ch\u1ebf r\u00f2 r\u1ec9 d\u1ea7u. Nh\u1edd c\u01a1 ch\u1ebf <strong data-start=\"493\" data-end=\"530\">n\u1ed1i \u2013 th\u00e1o nhanh (quick coupling)<\/strong>, A 119 gi\u00fap ti\u1ebft ki\u1ec7m th\u1eddi gian thi c\u00f4ng, n\u00e2ng cao hi\u1ec7u qu\u1ea3 v\u1eadn h\u00e0nh v\u00e0 \u0111\u1ea3m b\u1ea3o an to\u00e0n cho h\u1ec7 th\u1ed1ng.<\/p>\n<h3 data-start=\"636\" data-end=\"660\">Technical specifications:<\/h3>\n<ul data-start=\"661\" data-end=\"947\">\n<li data-start=\"661\" data-end=\"677\">\n<p data-start=\"663\" data-end=\"677\">Model: A119<\/p>\n<\/li>\n<li data-start=\"678\" data-end=\"720\">\n<p data-start=\"680\" data-end=\"720\">V\u1eadt li\u1ec7u: Th\u00e9p m\u1ea1 k\u1ebdm\/ inox (t\u00f9y ch\u1ecdn)<\/p>\n<\/li>\n<li data-start=\"721\" data-end=\"764\">\n<p data-start=\"723\" data-end=\"764\">K\u00edch th\u01b0\u1edbc: DN 6 \u2013 DN 25 (t\u00f9y \u1ee9ng d\u1ee5ng)<\/p>\n<\/li>\n<li data-start=\"765\" data-end=\"800\">\n<p data-start=\"767\" data-end=\"800\">\u00c1p su\u1ea5t l\u00e0m vi\u1ec7c: 200 \u2013 350 bar<\/p>\n<\/li>\n<li data-start=\"801\" data-end=\"858\">\n<p data-start=\"803\" data-end=\"858\">Ki\u1ec3u k\u1ebft n\u1ed1i: N\u1ed1i nhanh (quick coupling), ren BSP\/NPT<\/p>\n<\/li>\n<li data-start=\"859\" data-end=\"900\">\n<p data-start=\"861\" data-end=\"900\">Kh\u1ea3 n\u0103ng ch\u1ecbu nhi\u1ec7t: -20\u00b0C \u0111\u1ebfn +120\u00b0C<\/p>\n<\/li>\n<li data-start=\"901\" data-end=\"947\">\n<p data-start=\"903\" data-end=\"947\">Tr\u1ecdng l\u01b0\u1ee3ng: ~0.2 \u2013 0.8kg (t\u00f9y k\u00edch th\u01b0\u1edbc)<\/p>\n<\/li>\n<\/ul>\n<h3 data-start=\"949\" data-end=\"964\">Characteristics:<\/h3>\n<ul data-start=\"965\" data-end=\"1230\">\n<li data-start=\"965\" data-end=\"1012\">\n<p data-start=\"967\" data-end=\"1012\">Thi\u1ebft k\u1ebf g\u1ecdn nh\u1eb9, d\u1ec5 d\u00e0ng thao t\u00e1c th\u00e1o l\u1eafp<\/p>\n<\/li>\n<li data-start=\"1013\" data-end=\"1054\">\n<p data-start=\"1015\" data-end=\"1054\">Kh\u1ea3 n\u0103ng ch\u1ecbu \u00e1p su\u1ea5t v\u00e0 nhi\u1ec7t \u0111\u1ed9 cao<\/p>\n<\/li>\n<li data-start=\"1055\" data-end=\"1114\">\n<p data-start=\"1057\" data-end=\"1114\">\u0110\u1ed9 k\u00edn kh\u00edt t\u1ed1t, h\u1ea1n ch\u1ebf r\u00f2 r\u1ec9 trong qu\u00e1 tr\u00ecnh v\u1eadn h\u00e0nh<\/p>\n<\/li>\n<li data-start=\"1115\" data-end=\"1161\">\n<p data-start=\"1117\" data-end=\"1161\">V\u1eadt li\u1ec7u b\u1ec1n ch\u1eafc, kh\u00e1ng \u0103n m\u00f2n v\u00e0 m\u00e0i m\u00f2n<\/p>\n<\/li>\n<li data-start=\"1162\" data-end=\"1230\">\n<p data-start=\"1164\" data-end=\"1230\">Gi\u00fap ti\u1ebft ki\u1ec7m th\u1eddi gian b\u1ea3o d\u01b0\u1ee1ng, s\u1eeda ch\u1eefa v\u00e0 thay th\u1ebf \u1ed1ng d\u1eabn<\/p>\n<\/li>\n<\/ul>\n<h3 data-start=\"1232\" data-end=\"1247\">Applications:<\/h3>\n<ul data-start=\"1248\" data-end=\"1610\">\n<li data-start=\"1248\" data-end=\"1320\">\n<p data-start=\"1250\" data-end=\"1320\"><strong data-start=\"1250\" data-end=\"1269\">Ng\u00e0nh th\u1ee7y l\u1ef1c:<\/strong> K\u1ebft n\u1ed1i nhanh c\u00e1c \u0111\u01b0\u1eddng \u1ed1ng d\u1eabn d\u1ea7u \u00e1p su\u1ea5t cao.<\/p>\n<\/li>\n<li data-start=\"1321\" data-end=\"1410\">\n<p data-start=\"1323\" data-end=\"1410\"><strong data-start=\"1323\" data-end=\"1351\">Ng\u00e0nh c\u01a1 kh\u00ed \u2013 x\u00e2y d\u1ef1ng:<\/strong> \u1ee8ng d\u1ee5ng trong m\u00e1y \u00e9p, m\u00e1y c\u00f4ng tr\u00ecnh, thi\u1ebft b\u1ecb n\u00e2ng h\u1ea1.<\/p>\n<\/li>\n<li data-start=\"1411\" data-end=\"1506\">\n<p data-start=\"1413\" data-end=\"1506\"><strong data-start=\"1413\" data-end=\"1443\">Ng\u00e0nh v\u1eadn t\u1ea3i \u2013 khai th\u00e1c:<\/strong> S\u1eed d\u1ee5ng cho xe chuy\u00ean d\u1ee5ng, m\u00e1y \u0111\u00e0o, m\u00e1y x\u00fac, m\u00e1y khai th\u00e1c.<\/p>\n<\/li>\n<li data-start=\"1507\" data-end=\"1610\">\n<p data-start=\"1509\" data-end=\"1610\"><strong data-start=\"1509\" data-end=\"1541\">Ng\u00e0nh s\u1ea3n xu\u1ea5t \u2013 n\u0103ng l\u01b0\u1ee3ng:<\/strong> H\u1ec7 th\u1ed1ng d\u00e2y chuy\u1ec1n c\u00f4ng nghi\u1ec7p, tr\u1ea1m th\u1ee7y l\u1ef1c, thi\u1ebft b\u1ecb gia c\u00f4ng.<\/p>\n<\/li>\n<\/ul>\n<p><strong>S\u1ea3n ph\u1ea9m s\u1eb5n h\u00e0ng t\u1ea1i kho Kenta Vi\u1ec7t Nam<\/strong><\/p>\n<p><img loading=\"lazy\" decoding=\"async\" class=\"alignnone size-medium wp-image-2715\" src=\"https:\/\/kentavietnam.com\/wp-content\/uploads\/2024\/10\/7ab27301daf252ac0be397-300x225.jpg\" sizes=\"auto, (max-width: 300px) 100vw, 300px\" srcset=\"https:\/\/kentavietnam.com\/wp-content\/uploads\/2024\/10\/7ab27301daf252ac0be397-300x225.jpg?v=1756087778 300w, https:\/\/kentavietnam.com\/wp-content\/uploads\/2024\/10\/7ab27301daf252ac0be397-1024x768.jpg?v=1756087778 1024w, https:\/\/kentavietnam.com\/wp-content\/uploads\/2024\/10\/7ab27301daf252ac0be397-768x576.jpg?v=1756087778 768w, https:\/\/kentavietnam.com\/wp-content\/uploads\/2024\/10\/7ab27301daf252ac0be397-16x12.jpg?v=1756087778 16w, https:\/\/kentavietnam.com\/wp-content\/uploads\/2024\/10\/7ab27301daf252ac0be397-600x450.jpg?v=1756087778 600w, https:\/\/kentavietnam.com\/wp-content\/uploads\/2024\/10\/7ab27301daf252ac0be397.jpg?v=1756087778 1280w\" alt=\"\" width=\"300\" height=\"225\" \/>\u00a0 \u00a0\u00a0<img loading=\"lazy\" decoding=\"async\" class=\"alignnone wp-image-2732\" src=\"https:\/\/kentavietnam.com\/wp-content\/uploads\/2024\/10\/6978360b9ef816a64fe9108-e1756088920236-300x269.jpg\" sizes=\"auto, (max-width: 251px) 100vw, 251px\" srcset=\"https:\/\/kentavietnam.com\/wp-content\/uploads\/2024\/10\/6978360b9ef816a64fe9108-e1756088920236-300x269.jpg?v=1756087856 300w, https:\/\/kentavietnam.com\/wp-content\/uploads\/2024\/10\/6978360b9ef816a64fe9108-e1756088920236-1024x918.jpg?v=1756087856 1024w, https:\/\/kentavietnam.com\/wp-content\/uploads\/2024\/10\/6978360b9ef816a64fe9108-e1756088920236-768x689.jpg?v=1756087856 768w, https:\/\/kentavietnam.com\/wp-content\/uploads\/2024\/10\/6978360b9ef816a64fe9108-e1756088920236-13x12.jpg?v=1756087856 13w, https:\/\/kentavietnam.com\/wp-content\/uploads\/2024\/10\/6978360b9ef816a64fe9108-e1756088920236-600x538.jpg?v=1756087856 600w, https:\/\/kentavietnam.com\/wp-content\/uploads\/2024\/10\/6978360b9ef816a64fe9108-e1756088920236.jpg?v=1756087856 1160w\" alt=\"\" width=\"251\" height=\"225\" \/>\u00a0 \u00a0\u00a0<img loading=\"lazy\" decoding=\"async\" class=\"alignnone size-medium wp-image-2718\" src=\"https:\/\/kentavietnam.com\/wp-content\/uploads\/2024\/10\/8f41e3014bf2c3ac9ae3106-300x225.jpg\" sizes=\"auto, (max-width: 300px) 100vw, 300px\" srcset=\"https:\/\/kentavietnam.com\/wp-content\/uploads\/2024\/10\/8f41e3014bf2c3ac9ae3106-300x225.jpg?v=1756087794 300w, https:\/\/kentavietnam.com\/wp-content\/uploads\/2024\/10\/8f41e3014bf2c3ac9ae3106-1024x767.jpg?v=1756087794 1024w, https:\/\/kentavietnam.com\/wp-content\/uploads\/2024\/10\/8f41e3014bf2c3ac9ae3106-768x575.jpg?v=1756087794 768w, https:\/\/kentavietnam.com\/wp-content\/uploads\/2024\/10\/8f41e3014bf2c3ac9ae3106-16x12.jpg?v=1756087794 16w, https:\/\/kentavietnam.com\/wp-content\/uploads\/2024\/10\/8f41e3014bf2c3ac9ae3106-600x450.jpg?v=1756087794 600w, https:\/\/kentavietnam.com\/wp-content\/uploads\/2024\/10\/8f41e3014bf2c3ac9ae3106.jpg?v=1756087794 1280w\" alt=\"\" width=\"300\" height=\"225\" \/><\/p>\n<p><strong>Contact information:<\/strong><\/p>\n<div dir=\"auto\">KENTA VIETNAM \u2013 QUALITY CREATES TRUST<\/div>\n<div dir=\"auto\"><span class=\"html-span xexx8yu xyri2b x18d9i69 x1c1uobl x1hl2dhg x16tdsg8 x1vvkbs x3nfvp2 x1j61x8r x1fcty0u xdj266r xat24cr xm2jcoa x1mpyi22 xxymvpz xlup9mm x1kky2od\"><img loading=\"lazy\" decoding=\"async\" class=\"xz74otr x15mokao x1ga7v0g x16uus16 xbiv7yw\" src=\"https:\/\/static.xx.fbcdn.net\/images\/emoji.php\/v9\/tf8\/1\/16\/1f3e2.png\" alt=\"\ud83c\udfe2\" width=\"16\" height=\"16\" \/><\/span>\u00a0Main office: No. 22, Phung Cong service area, Phung Cong Commune, Hung Yen province<\/div>\n<div dir=\"auto\"><span class=\"html-span xexx8yu xyri2b x18d9i69 x1c1uobl x1hl2dhg x16tdsg8 x1vvkbs x3nfvp2 x1j61x8r x1fcty0u xdj266r xat24cr xm2jcoa x1mpyi22 xxymvpz xlup9mm x1kky2od\"><img loading=\"lazy\" decoding=\"async\" class=\"xz74otr x15mokao x1ga7v0g x16uus16 xbiv7yw\" src=\"https:\/\/static.xx.fbcdn.net\/images\/emoji.php\/v9\/tf6\/1\/16\/1f3e0.png\" alt=\"\ud83c\udfe0\" width=\"16\" height=\"16\" \/><\/span>\u00a0Warehouse No. 1: Ngo Yen Hamlet, Hong An Ward, Hai Phong City (at the foot of Kien Bridge)<\/div>\n<div dir=\"auto\"><span class=\"html-span xexx8yu xyri2b x18d9i69 x1c1uobl x1hl2dhg x16tdsg8 x1vvkbs x3nfvp2 x1j61x8r x1fcty0u xdj266r xat24cr xm2jcoa x1mpyi22 xxymvpz xlup9mm x1kky2od\"><img loading=\"lazy\" decoding=\"async\" class=\"xz74otr x15mokao x1ga7v0g x16uus16 xbiv7yw\" src=\"https:\/\/static.xx.fbcdn.net\/images\/emoji.php\/v9\/tf6\/1\/16\/1f3e0.png\" alt=\"\ud83c\udfe0\" width=\"16\" height=\"16\" \/><\/span>\u00a0Warehouse No. 2: No. 22, Phung Cong service area, Phung Cong Commune, Hung Yen province<\/div>\n<div dir=\"auto\"><span class=\"html-span xexx8yu xyri2b x18d9i69 x1c1uobl x1hl2dhg x16tdsg8 x1vvkbs x3nfvp2 x1j61x8r x1fcty0u xdj266r xat24cr xm2jcoa x1mpyi22 xxymvpz xlup9mm x1kky2od\"><img loading=\"lazy\" decoding=\"async\" class=\"xz74otr x15mokao x1ga7v0g x16uus16 xbiv7yw\" src=\"https:\/\/static.xx.fbcdn.net\/images\/emoji.php\/v9\/t22\/1\/16\/260e.png\" alt=\"\u260e\ufe0f\" width=\"16\" height=\"16\" \/><\/span>\u00a0S\u0110T: 0972 887 106 \u2013 0961 909 992<\/div>\n<div dir=\"auto\"><span class=\"html-span xexx8yu xyri2b x18d9i69 x1c1uobl x1hl2dhg x16tdsg8 x1vvkbs x3nfvp2 x1j61x8r x1fcty0u xdj266r xat24cr xm2jcoa x1mpyi22 xxymvpz xlup9mm x1kky2od\"><img loading=\"lazy\" decoding=\"async\" class=\"xz74otr x15mokao x1ga7v0g x16uus16 xbiv7yw\" src=\"https:\/\/static.xx.fbcdn.net\/images\/emoji.php\/v9\/tc0\/1\/16\/1f4e9.png\" alt=\"\ud83d\udce9\" width=\"16\" height=\"16\" \/><\/span>\u00a0Email: contact@kentavietnam.com<\/div>\n<div dir=\"auto\"><span class=\"html-span xexx8yu xyri2b x18d9i69 x1c1uobl x1hl2dhg x16tdsg8 x1vvkbs x3nfvp2 x1j61x8r x1fcty0u xdj266r xat24cr xm2jcoa x1mpyi22 xxymvpz xlup9mm x1kky2od\"><img loading=\"lazy\" decoding=\"async\" class=\"xz74otr x15mokao x1ga7v0g x16uus16 xbiv7yw\" src=\"https:\/\/static.xx.fbcdn.net\/images\/emoji.php\/v9\/taa\/1\/16\/1f310.png\" alt=\"\ud83c\udf10\" width=\"16\" height=\"16\" \/><\/span>\u00a0Website:\u00a0<span class=\"html-span xdj266r x14z9mp xat24cr x1lziwak xexx8yu xyri2b x18d9i69 x1c1uobl x1hl2dhg x16tdsg8 x1vvkbs\"><a class=\"x1i10hfl xjbqb8w x1ejq31n x18oe1m7 x1sy0etr xstzfhl x972fbf x10w94by x1qhh985 x14e42zd x9f619 x1ypdohk xt0psk2 x3ct3a4 xdj266r x14z9mp xat24cr x1lziwak xexx8yu xyri2b x18d9i69 x1c1uobl x16tdsg8 x1hl2dhg xggy1nq x1a2a7pz xkrqix3 x1sur9pj x1fey0fg x1s688f\" tabindex=\"0\" role=\"link\" href=\"https:\/\/l.facebook.com\/l.php?u=http%3A%2F%2Fkentavietnam.com%2F%3Ffbclid%3DIwZXh0bgNhZW0CMTAAYnJpZBExOXR4ZlZ1OTVBbEFKSGlxegEen5zMhAfmcwNmBE4zZYTgVlO-vq7Qs4ImwoRSuU1ab5bBDR8dEE_wzmp_BWY_aem_pUlotNhgDQn7Zls1a6kVWw&amp;h=AT3LvVUQYPIa0XYrtUlqv2kTA69l4I5Zaf2Q0rMN8pXz6tcCqMKFXkPVHsA9UdtuA7vF58X9L3VzCQpA3UlpmJvQTHkr4RbFhLUIC8mRCJ720SI4UNtqQ7AIZ5ci_Nk4wuAtRMBTW3_mvRqa&amp;__tn__=-UK-R&amp;c[0]=AT3ob5MAFvp0Sm7cjT5LuG4WGC1hKHcBaeJE6W6GWzy_VwitaITnDNay-N3WRv77MDqufhzPCEZTAPOQ4O-j0Dae_KKIM_jlmoxRf1yZ1CL3FpI66voX1_ZW_hr6jcWBK_Dvqbp80l74Nrbn4qfLxetCXSqSwSqWQXdLH3ifjTjSEM8cNKZr3dYzXM2qS1XCvRdClncF6oh51CiWCpECj8x-_A\" target=\"_blank\" rel=\"nofollow noopener noreferrer\">kentavietnam.com<\/a><\/span><\/div>","protected":false},"excerpt":{"rendered":"<ul>\n<li data-start=\"1647\" data-end=\"1663\">\n<p data-start=\"1649\" data-end=\"1663\">Model: A119<\/p>\n<\/li>\n<li data-start=\"1664\" data-end=\"1722\">\n<p data-start=\"1666\" data-end=\"1722\">Ki\u1ec3u k\u1ebft n\u1ed1i: Kh\u1edbp n\u1ed1i nhanh th\u1ee7y l\u1ef1c (quick coupling)<\/p>\n<\/li>\n<li data-start=\"1723\" data-end=\"1754\">\n<p data-start=\"1725\" data-end=\"1754\">V\u1eadt li\u1ec7u: Th\u00e9p m\u1ea1 k\u1ebdm\/ inox<\/p>\n<\/li>\n<li data-start=\"1755\" data-end=\"1790\">\n<p data-start=\"1757\" data-end=\"1790\">\u00c1p su\u1ea5t l\u00e0m vi\u1ec7c: 200 \u2013 350 bar<\/p>\n<\/li>\n<li data-start=\"1791\" data-end=\"1823\">\n<p data-start=\"1793\" data-end=\"1823\">Ch\u1ecbu nhi\u1ec7t: -20\u00b0C \u0111\u1ebfn +120\u00b0C<\/p>\n<\/li>\n<li data-start=\"1824\" data-end=\"1886\">\n<p data-start=\"1826\" data-end=\"1886\">\u1ee8ng d\u1ee5ng: H\u1ec7 th\u1ed1ng th\u1ee7y l\u1ef1c, c\u00f4ng nghi\u1ec7p v\u00e0 m\u00e1y c\u00f4ng tr\u00ecnh<\/p>\n<\/li>\n<\/ul>","protected":false},"featured_media":2715,"comment_status":"open","ping_status":"closed","template":"","meta":[],"product_brand":[],"product_cat":[237],"product_tag":[],"class_list":{"0":"post-2792","1":"product","2":"type-product","3":"status-publish","4":"has-post-thumbnail","6":"product_cat-ong-dan-dau-dong-ho-khop-noi","8":"first","9":"instock","10":"shipping-taxable","11":"product-type-simple"},"_links":{"self":[{"href":"https:\/\/kentavietnam.com\/en\/wp-json\/wp\/v2\/product\/2792","targetHints":{"allow":["GET"]}}],"collection":[{"href":"https:\/\/kentavietnam.com\/en\/wp-json\/wp\/v2\/product"}],"about":[{"href":"https:\/\/kentavietnam.com\/en\/wp-json\/wp\/v2\/types\/product"}],"replies":[{"embeddable":true,"href":"https:\/\/kentavietnam.com\/en\/wp-json\/wp\/v2\/comments?post=2792"}],"wp:featuredmedia":[{"embeddable":true,"href":"https:\/\/kentavietnam.com\/en\/wp-json\/wp\/v2\/media\/2715"}],"wp:attachment":[{"href":"https:\/\/kentavietnam.com\/en\/wp-json\/wp\/v2\/media?parent=2792"}],"wp:term":[{"taxonomy":"product_brand","embeddable":true,"href":"https:\/\/kentavietnam.com\/en\/wp-json\/wp\/v2\/product_brand?post=2792"},{"taxonomy":"product_cat","embeddable":true,"href":"https:\/\/kentavietnam.com\/en\/wp-json\/wp\/v2\/product_cat?post=2792"},{"taxonomy":"product_tag","embeddable":true,"href":"https:\/\/kentavietnam.com\/en\/wp-json\/wp\/v2\/product_tag?post=2792"}],"curies":[{"name":"wp","href":"https:\/\/api.w.org\/{rel}","templated":true}]}}