{"id":2793,"date":"2025-09-10T07:40:54","date_gmt":"2025-09-10T07:40:54","guid":{"rendered":"https:\/\/kentavietnam.com\/?post_type=product&#038;p=2793"},"modified":"2025-09-17T08:47:27","modified_gmt":"2025-09-17T08:47:27","slug":"dau-noi-dong-ho-do-ap-luc-a108","status":"publish","type":"product","link":"https:\/\/kentavietnam.com\/en\/product\/dau-noi-dong-ho-do-ap-luc-a108\/","title":{"rendered":"\u0110\u1ea7u n\u1ed1i \u0111\u1ed3ng h\u1ed3 \u0111o \u00e1p l\u1ef1c A 108"},"content":{"rendered":"<h2 data-start=\"142\" data-end=\"189\">\u0110\u1ea7u n\u1ed1i \u0111\u1ed3ng h\u1ed3 \u0111o \u00e1p l\u1ef1c A108 ch\u00ednh h\u00e3ng<\/h2>\n<p data-start=\"191\" data-end=\"622\"><strong data-start=\"191\" data-end=\"226\">\u0110\u1ea7u n\u1ed1i \u0111\u1ed3ng h\u1ed3 \u0111o \u00e1p l\u1ef1c A108<\/strong> l\u00e0 ph\u1ee5 ki\u1ec7n chuy\u00ean d\u1ee5ng, d\u00f9ng \u0111\u1ec3 k\u1ebft n\u1ed1i \u0111\u1ed3ng h\u1ed3 \u0111o \u00e1p su\u1ea5t v\u1edbi h\u1ec7 th\u1ed1ng th\u1ee7y l\u1ef1c ho\u1eb7c kh\u00ed n\u00e9n m\u1ed9t c\u00e1ch ch\u1eafc ch\u1eafn v\u00e0 an to\u00e0n. S\u1ea3n ph\u1ea9m \u0111\u01b0\u1ee3c ch\u1ebf t\u1ea1o t\u1eeb <strong data-start=\"378\" data-end=\"414\">th\u00e9p m\u1ea1 k\u1ebdm, \u0111\u1ed3ng thau ho\u1eb7c inox<\/strong> t\u00f9y nhu c\u1ea7u, c\u00f3 kh\u1ea3 n\u0103ng ch\u1ecbu \u00e1p l\u1ef1c cao, ch\u1ed1ng r\u00f2 r\u1ec9 v\u00e0 ch\u1ed1ng \u0103n m\u00f2n hi\u1ec7u qu\u1ea3. V\u1edbi thi\u1ebft k\u1ebf ren ti\u00eau chu\u1ea9n, A 108 mang l\u1ea1i s\u1ef1 linh ho\u1ea1t, d\u1ec5 l\u1eafp \u0111\u1eb7t v\u00e0 ph\u00f9 h\u1ee3p nhi\u1ec1u lo\u1ea1i \u0111\u1ed3ng h\u1ed3 \u0111o \u00e1p l\u1ef1c tr\u00ean th\u1ecb tr\u01b0\u1eddng.<\/p>\n<h3 data-start=\"624\" data-end=\"648\">Technical specifications:<\/h3>\n<ul data-start=\"649\" data-end=\"948\">\n<li data-start=\"649\" data-end=\"665\">\n<p data-start=\"651\" data-end=\"665\">Model: A108<\/p>\n<\/li>\n<li data-start=\"666\" data-end=\"719\">\n<p data-start=\"668\" data-end=\"719\">V\u1eadt li\u1ec7u: Th\u00e9p m\u1ea1 k\u1ebdm\/ \u0111\u1ed3ng thau\/ inox (t\u00f9y ch\u1ecdn)<\/p>\n<\/li>\n<li data-start=\"720\" data-end=\"782\">\n<p data-start=\"722\" data-end=\"782\">K\u00edch th\u01b0\u1edbc ren: G 1\/4&#8243;, G 3\/8&#8243;, G 1\/2&#8243; (ho\u1eb7c theo y\u00eau c\u1ea7u)<\/p>\n<\/li>\n<li data-start=\"783\" data-end=\"818\">\n<p data-start=\"785\" data-end=\"818\">\u00c1p su\u1ea5t l\u00e0m vi\u1ec7c: 200 \u2013 400 bar<\/p>\n<\/li>\n<li data-start=\"819\" data-end=\"859\">\n<p data-start=\"821\" data-end=\"859\">Ki\u1ec3u k\u1ebft n\u1ed1i: Ren BSP\/NPT ti\u00eau chu\u1ea9n<\/p>\n<\/li>\n<li data-start=\"860\" data-end=\"901\">\n<p data-start=\"862\" data-end=\"901\">Kh\u1ea3 n\u0103ng ch\u1ecbu nhi\u1ec7t: -20\u00b0C \u0111\u1ebfn +120\u00b0C<\/p>\n<\/li>\n<li data-start=\"902\" data-end=\"948\">\n<p data-start=\"904\" data-end=\"948\">Tr\u1ecdng l\u01b0\u1ee3ng: ~0.1 \u2013 0.3kg (t\u00f9y k\u00edch th\u01b0\u1edbc)<\/p>\n<\/li>\n<\/ul>\n<h3 data-start=\"950\" data-end=\"965\">Characteristics:<\/h3>\n<ul data-start=\"966\" data-end=\"1273\">\n<li data-start=\"966\" data-end=\"1023\">\n<p data-start=\"968\" data-end=\"1023\">K\u1ebft n\u1ed1i ch\u1eafc ch\u1eafn, k\u00edn kh\u00edt, h\u1ea1n ch\u1ebf r\u00f2 r\u1ec9 d\u1ea7u v\u00e0 kh\u00ed<\/p>\n<\/li>\n<li data-start=\"1024\" data-end=\"1079\">\n<p data-start=\"1026\" data-end=\"1079\">D\u1ec5 d\u00e0ng l\u1eafp \u0111\u1eb7t, th\u00e1o r\u1eddi v\u00e0 thay th\u1ebf khi b\u1ea3o d\u01b0\u1ee1ng<\/p>\n<\/li>\n<li data-start=\"1080\" data-end=\"1132\">\n<p data-start=\"1082\" data-end=\"1132\">V\u1eadt li\u1ec7u b\u1ec1n b\u1ec9, kh\u00e1ng \u0103n m\u00f2n v\u00e0 ch\u1ecbu \u00e1p l\u1ef1c cao<\/p>\n<\/li>\n<li data-start=\"1133\" data-end=\"1203\">\n<p data-start=\"1135\" data-end=\"1203\">T\u01b0\u01a1ng th\u00edch v\u1edbi h\u1ea7u h\u1ebft c\u00e1c lo\u1ea1i <strong data-start=\"1168\" data-end=\"1201\">\u0111\u1ed3ng h\u1ed3 \u0111o \u00e1p l\u1ef1c c\u00f4ng nghi\u1ec7p<\/strong><\/p>\n<\/li>\n<li data-start=\"1204\" data-end=\"1273\">\n<p data-start=\"1206\" data-end=\"1273\">Thi\u1ebft k\u1ebf nh\u1ecf g\u1ecdn, ph\u00f9 h\u1ee3p v\u1edbi nhi\u1ec1u m\u00f4i tr\u01b0\u1eddng l\u00e0m vi\u1ec7c kh\u00e1c nhau<\/p>\n<\/li>\n<\/ul>\n<h3 data-start=\"1275\" data-end=\"1290\">Applications:<\/h3>\n<ul data-start=\"1291\" data-end=\"1621\">\n<li data-start=\"1291\" data-end=\"1365\">\n<p data-start=\"1293\" data-end=\"1365\"><strong data-start=\"1293\" data-end=\"1312\">Ng\u00e0nh th\u1ee7y l\u1ef1c:<\/strong> K\u1ebft n\u1ed1i \u0111\u1ed3ng h\u1ed3 \u00e1p l\u1ef1c trong h\u1ec7 th\u1ed1ng d\u1ea7u th\u1ee7y l\u1ef1c<\/p>\n<\/li>\n<li data-start=\"1366\" data-end=\"1437\">\n<p data-start=\"1368\" data-end=\"1437\"><strong data-start=\"1368\" data-end=\"1386\">Ng\u00e0nh kh\u00ed n\u00e9n:<\/strong> D\u00f9ng trong m\u00e1y n\u00e9n kh\u00ed, h\u1ec7 th\u1ed1ng kh\u00ed c\u00f4ng nghi\u1ec7p<\/p>\n<\/li>\n<li data-start=\"1438\" data-end=\"1526\">\n<p data-start=\"1440\" data-end=\"1526\"><strong data-start=\"1440\" data-end=\"1467\">Ng\u00e0nh c\u01a1 kh\u00ed \u2013 ch\u1ebf t\u1ea1o:<\/strong> T\u00edch h\u1ee3p trong m\u00e1y \u00e9p, m\u00e1y gia c\u00f4ng, d\u00e2y chuy\u1ec1n s\u1ea3n xu\u1ea5t<\/p>\n<\/li>\n<li data-start=\"1527\" data-end=\"1621\">\n<p data-start=\"1529\" data-end=\"1621\"><strong data-start=\"1529\" data-end=\"1561\">Ng\u00e0nh n\u0103ng l\u01b0\u1ee3ng \u2013 x\u00e2y d\u1ef1ng:<\/strong> Gi\u00e1m s\u00e1t \u00e1p su\u1ea5t trong h\u1ec7 th\u1ed1ng c\u00f4ng tr\u00ecnh, tr\u1ea1m th\u1ee7y l\u1ef1c<\/p>\n<\/li>\n<\/ul>\n<p><strong>S\u1ea3n ph\u1ea9m s\u1eb5n h\u00e0ng t\u1ea1i kho Kenta Vi\u1ec7t Nam<\/strong><\/p>\n<p><img loading=\"lazy\" decoding=\"async\" class=\"alignnone size-medium wp-image-2715\" src=\"https:\/\/kentavietnam.com\/wp-content\/uploads\/2024\/10\/7ab27301daf252ac0be397-300x225.jpg\" sizes=\"auto, (max-width: 300px) 100vw, 300px\" srcset=\"https:\/\/kentavietnam.com\/wp-content\/uploads\/2024\/10\/7ab27301daf252ac0be397-300x225.jpg?v=1756087778 300w, https:\/\/kentavietnam.com\/wp-content\/uploads\/2024\/10\/7ab27301daf252ac0be397-1024x768.jpg?v=1756087778 1024w, https:\/\/kentavietnam.com\/wp-content\/uploads\/2024\/10\/7ab27301daf252ac0be397-768x576.jpg?v=1756087778 768w, https:\/\/kentavietnam.com\/wp-content\/uploads\/2024\/10\/7ab27301daf252ac0be397-16x12.jpg?v=1756087778 16w, https:\/\/kentavietnam.com\/wp-content\/uploads\/2024\/10\/7ab27301daf252ac0be397-600x450.jpg?v=1756087778 600w, https:\/\/kentavietnam.com\/wp-content\/uploads\/2024\/10\/7ab27301daf252ac0be397.jpg?v=1756087778 1280w\" alt=\"\" width=\"300\" height=\"225\" \/>\u00a0 \u00a0\u00a0<img loading=\"lazy\" decoding=\"async\" class=\"alignnone wp-image-2732\" src=\"https:\/\/kentavietnam.com\/wp-content\/uploads\/2024\/10\/6978360b9ef816a64fe9108-e1756088920236-300x269.jpg\" sizes=\"auto, (max-width: 251px) 100vw, 251px\" srcset=\"https:\/\/kentavietnam.com\/wp-content\/uploads\/2024\/10\/6978360b9ef816a64fe9108-e1756088920236-300x269.jpg?v=1756087856 300w, https:\/\/kentavietnam.com\/wp-content\/uploads\/2024\/10\/6978360b9ef816a64fe9108-e1756088920236-1024x918.jpg?v=1756087856 1024w, https:\/\/kentavietnam.com\/wp-content\/uploads\/2024\/10\/6978360b9ef816a64fe9108-e1756088920236-768x689.jpg?v=1756087856 768w, https:\/\/kentavietnam.com\/wp-content\/uploads\/2024\/10\/6978360b9ef816a64fe9108-e1756088920236-13x12.jpg?v=1756087856 13w, https:\/\/kentavietnam.com\/wp-content\/uploads\/2024\/10\/6978360b9ef816a64fe9108-e1756088920236-600x538.jpg?v=1756087856 600w, https:\/\/kentavietnam.com\/wp-content\/uploads\/2024\/10\/6978360b9ef816a64fe9108-e1756088920236.jpg?v=1756087856 1160w\" alt=\"\" width=\"251\" height=\"225\" \/>\u00a0 \u00a0\u00a0<img loading=\"lazy\" decoding=\"async\" class=\"alignnone size-medium wp-image-2718\" src=\"https:\/\/kentavietnam.com\/wp-content\/uploads\/2024\/10\/8f41e3014bf2c3ac9ae3106-300x225.jpg\" sizes=\"auto, (max-width: 300px) 100vw, 300px\" srcset=\"https:\/\/kentavietnam.com\/wp-content\/uploads\/2024\/10\/8f41e3014bf2c3ac9ae3106-300x225.jpg?v=1756087794 300w, https:\/\/kentavietnam.com\/wp-content\/uploads\/2024\/10\/8f41e3014bf2c3ac9ae3106-1024x767.jpg?v=1756087794 1024w, https:\/\/kentavietnam.com\/wp-content\/uploads\/2024\/10\/8f41e3014bf2c3ac9ae3106-768x575.jpg?v=1756087794 768w, https:\/\/kentavietnam.com\/wp-content\/uploads\/2024\/10\/8f41e3014bf2c3ac9ae3106-16x12.jpg?v=1756087794 16w, https:\/\/kentavietnam.com\/wp-content\/uploads\/2024\/10\/8f41e3014bf2c3ac9ae3106-600x450.jpg?v=1756087794 600w, https:\/\/kentavietnam.com\/wp-content\/uploads\/2024\/10\/8f41e3014bf2c3ac9ae3106.jpg?v=1756087794 1280w\" alt=\"\" width=\"300\" height=\"225\" \/><\/p>\n<p><strong>Contact information:<\/strong><\/p>\n<div dir=\"auto\">KENTA VIETNAM \u2013 QUALITY CREATES TRUST<\/div>\n<div dir=\"auto\"><span class=\"html-span xexx8yu xyri2b x18d9i69 x1c1uobl x1hl2dhg x16tdsg8 x1vvkbs x3nfvp2 x1j61x8r x1fcty0u xdj266r xat24cr xm2jcoa x1mpyi22 xxymvpz xlup9mm x1kky2od\"><img loading=\"lazy\" decoding=\"async\" class=\"xz74otr x15mokao x1ga7v0g x16uus16 xbiv7yw\" src=\"https:\/\/static.xx.fbcdn.net\/images\/emoji.php\/v9\/tf8\/1\/16\/1f3e2.png\" alt=\"\ud83c\udfe2\" width=\"16\" height=\"16\" \/><\/span>\u00a0Main office: No. 22, Phung Cong service area, Phung Cong Commune, Hung Yen province<\/div>\n<div dir=\"auto\"><span class=\"html-span xexx8yu xyri2b x18d9i69 x1c1uobl x1hl2dhg x16tdsg8 x1vvkbs x3nfvp2 x1j61x8r x1fcty0u xdj266r xat24cr xm2jcoa x1mpyi22 xxymvpz xlup9mm x1kky2od\"><img loading=\"lazy\" decoding=\"async\" class=\"xz74otr x15mokao x1ga7v0g x16uus16 xbiv7yw\" src=\"https:\/\/static.xx.fbcdn.net\/images\/emoji.php\/v9\/tf6\/1\/16\/1f3e0.png\" alt=\"\ud83c\udfe0\" width=\"16\" height=\"16\" \/><\/span>\u00a0Warehouse No. 1: Ngo Yen Hamlet, Hong An Ward, Hai Phong City (at the foot of Kien Bridge)<\/div>\n<div dir=\"auto\"><span class=\"html-span xexx8yu xyri2b x18d9i69 x1c1uobl x1hl2dhg x16tdsg8 x1vvkbs x3nfvp2 x1j61x8r x1fcty0u xdj266r xat24cr xm2jcoa x1mpyi22 xxymvpz xlup9mm x1kky2od\"><img loading=\"lazy\" decoding=\"async\" class=\"xz74otr x15mokao x1ga7v0g x16uus16 xbiv7yw\" src=\"https:\/\/static.xx.fbcdn.net\/images\/emoji.php\/v9\/tf6\/1\/16\/1f3e0.png\" alt=\"\ud83c\udfe0\" width=\"16\" height=\"16\" \/><\/span>\u00a0Warehouse No. 2: No. 22, Phung Cong service area, Phung Cong Commune, Hung Yen province<\/div>\n<div dir=\"auto\"><span class=\"html-span xexx8yu xyri2b x18d9i69 x1c1uobl x1hl2dhg x16tdsg8 x1vvkbs x3nfvp2 x1j61x8r x1fcty0u xdj266r xat24cr xm2jcoa x1mpyi22 xxymvpz xlup9mm x1kky2od\"><img loading=\"lazy\" decoding=\"async\" class=\"xz74otr x15mokao x1ga7v0g x16uus16 xbiv7yw\" src=\"https:\/\/static.xx.fbcdn.net\/images\/emoji.php\/v9\/t22\/1\/16\/260e.png\" alt=\"\u260e\ufe0f\" width=\"16\" height=\"16\" \/><\/span>\u00a0S\u0110T: 0972 887 106 \u2013 0961 909 992<\/div>\n<div dir=\"auto\"><span class=\"html-span xexx8yu xyri2b x18d9i69 x1c1uobl x1hl2dhg x16tdsg8 x1vvkbs x3nfvp2 x1j61x8r x1fcty0u xdj266r xat24cr xm2jcoa x1mpyi22 xxymvpz xlup9mm x1kky2od\"><img loading=\"lazy\" decoding=\"async\" class=\"xz74otr x15mokao x1ga7v0g x16uus16 xbiv7yw\" src=\"https:\/\/static.xx.fbcdn.net\/images\/emoji.php\/v9\/tc0\/1\/16\/1f4e9.png\" alt=\"\ud83d\udce9\" width=\"16\" height=\"16\" \/><\/span>\u00a0Email: contact@kentavietnam.com<\/div>\n<div dir=\"auto\"><span class=\"html-span xexx8yu xyri2b x18d9i69 x1c1uobl x1hl2dhg x16tdsg8 x1vvkbs x3nfvp2 x1j61x8r x1fcty0u xdj266r xat24cr xm2jcoa x1mpyi22 xxymvpz xlup9mm x1kky2od\"><img loading=\"lazy\" decoding=\"async\" class=\"xz74otr x15mokao x1ga7v0g x16uus16 xbiv7yw\" src=\"https:\/\/static.xx.fbcdn.net\/images\/emoji.php\/v9\/taa\/1\/16\/1f310.png\" alt=\"\ud83c\udf10\" width=\"16\" height=\"16\" \/><\/span>\u00a0Website:\u00a0<span class=\"html-span xdj266r x14z9mp xat24cr x1lziwak xexx8yu xyri2b x18d9i69 x1c1uobl x1hl2dhg x16tdsg8 x1vvkbs\"><a class=\"x1i10hfl xjbqb8w x1ejq31n x18oe1m7 x1sy0etr xstzfhl x972fbf x10w94by x1qhh985 x14e42zd x9f619 x1ypdohk xt0psk2 x3ct3a4 xdj266r x14z9mp xat24cr x1lziwak xexx8yu xyri2b x18d9i69 x1c1uobl x16tdsg8 x1hl2dhg xggy1nq x1a2a7pz xkrqix3 x1sur9pj x1fey0fg x1s688f\" tabindex=\"0\" role=\"link\" href=\"https:\/\/l.facebook.com\/l.php?u=http%3A%2F%2Fkentavietnam.com%2F%3Ffbclid%3DIwZXh0bgNhZW0CMTAAYnJpZBExOXR4ZlZ1OTVBbEFKSGlxegEen5zMhAfmcwNmBE4zZYTgVlO-vq7Qs4ImwoRSuU1ab5bBDR8dEE_wzmp_BWY_aem_pUlotNhgDQn7Zls1a6kVWw&amp;h=AT3LvVUQYPIa0XYrtUlqv2kTA69l4I5Zaf2Q0rMN8pXz6tcCqMKFXkPVHsA9UdtuA7vF58X9L3VzCQpA3UlpmJvQTHkr4RbFhLUIC8mRCJ720SI4UNtqQ7AIZ5ci_Nk4wuAtRMBTW3_mvRqa&amp;__tn__=-UK-R&amp;c[0]=AT3ob5MAFvp0Sm7cjT5LuG4WGC1hKHcBaeJE6W6GWzy_VwitaITnDNay-N3WRv77MDqufhzPCEZTAPOQ4O-j0Dae_KKIM_jlmoxRf1yZ1CL3FpI66voX1_ZW_hr6jcWBK_Dvqbp80l74Nrbn4qfLxetCXSqSwSqWQXdLH3ifjTjSEM8cNKZr3dYzXM2qS1XCvRdClncF6oh51CiWCpECj8x-_A\" target=\"_blank\" rel=\"nofollow noopener noreferrer\">kentavietnam.com<\/a><\/span><\/div>","protected":false},"excerpt":{"rendered":"<ul>\n<li data-start=\"1658\" data-end=\"1674\">\n<p data-start=\"1660\" data-end=\"1674\">Model: A108<\/p>\n<\/li>\n<li data-start=\"1675\" data-end=\"1715\">\n<p data-start=\"1677\" data-end=\"1715\">Ch\u1ee9c n\u0103ng: \u0110\u1ea7u n\u1ed1i \u0111\u1ed3ng h\u1ed3 \u0111o \u00e1p l\u1ef1c<\/p>\n<\/li>\n<li data-start=\"1716\" data-end=\"1758\">\n<p data-start=\"1718\" data-end=\"1758\">V\u1eadt li\u1ec7u: Th\u00e9p m\u1ea1 k\u1ebdm\/ \u0111\u1ed3ng thau\/ inox<\/p>\n<\/li>\n<li data-start=\"1759\" data-end=\"1794\">\n<p data-start=\"1761\" data-end=\"1794\">K\u00edch th\u01b0\u1edbc ren: G 1\/4&#8243; \u2013 G 1\/2&#8243;<\/p>\n<\/li>\n<li data-start=\"1795\" data-end=\"1830\">\n<p data-start=\"1797\" data-end=\"1830\">\u00c1p su\u1ea5t l\u00e0m vi\u1ec7c: 200 \u2013 400 bar<\/p>\n<\/li>\n<li data-start=\"1831\" data-end=\"1884\">\n<p data-start=\"1833\" data-end=\"1884\">\u1ee8ng d\u1ee5ng: H\u1ec7 th\u1ed1ng th\u1ee7y l\u1ef1c, kh\u00ed n\u00e9n, c\u00f4ng nghi\u1ec7p<\/p>\n<\/li>\n<\/ul>","protected":false},"featured_media":2728,"comment_status":"open","ping_status":"closed","template":"","meta":[],"product_brand":[],"product_cat":[237],"product_tag":[],"class_list":{"0":"post-2793","1":"product","2":"type-product","3":"status-publish","4":"has-post-thumbnail","6":"product_cat-ong-dan-dau-dong-ho-khop-noi","8":"first","9":"instock","10":"shipping-taxable","11":"product-type-simple"},"_links":{"self":[{"href":"https:\/\/kentavietnam.com\/en\/wp-json\/wp\/v2\/product\/2793","targetHints":{"allow":["GET"]}}],"collection":[{"href":"https:\/\/kentavietnam.com\/en\/wp-json\/wp\/v2\/product"}],"about":[{"href":"https:\/\/kentavietnam.com\/en\/wp-json\/wp\/v2\/types\/product"}],"replies":[{"embeddable":true,"href":"https:\/\/kentavietnam.com\/en\/wp-json\/wp\/v2\/comments?post=2793"}],"wp:featuredmedia":[{"embeddable":true,"href":"https:\/\/kentavietnam.com\/en\/wp-json\/wp\/v2\/media\/2728"}],"wp:attachment":[{"href":"https:\/\/kentavietnam.com\/en\/wp-json\/wp\/v2\/media?parent=2793"}],"wp:term":[{"taxonomy":"product_brand","embeddable":true,"href":"https:\/\/kentavietnam.com\/en\/wp-json\/wp\/v2\/product_brand?post=2793"},{"taxonomy":"product_cat","embeddable":true,"href":"https:\/\/kentavietnam.com\/en\/wp-json\/wp\/v2\/product_cat?post=2793"},{"taxonomy":"product_tag","embeddable":true,"href":"https:\/\/kentavietnam.com\/en\/wp-json\/wp\/v2\/product_tag?post=2793"}],"curies":[{"name":"wp","href":"https:\/\/api.w.org\/{rel}","templated":true}]}}