{"id":2795,"date":"2025-09-10T07:42:56","date_gmt":"2025-09-10T07:42:56","guid":{"rendered":"https:\/\/kentavietnam.com\/?post_type=product&#038;p=2795"},"modified":"2025-09-17T08:47:09","modified_gmt":"2025-09-17T08:47:09","slug":"bo-chia-2-cua-hms-2-b","status":"publish","type":"product","link":"https:\/\/kentavietnam.com\/en\/product\/bo-chia-2-cua-hms-2-b\/","title":{"rendered":"B\u1ed9 chia 2 c\u1eeda HMS 2 B"},"content":{"rendered":"<h2 data-start=\"112\" data-end=\"149\">B\u1ed9 chia 2 c\u1eeda HMS 2 B ch\u00ednh h\u00e3ng<\/h2>\n<p data-start=\"151\" data-end=\"582\"><strong data-start=\"151\" data-end=\"176\">B\u1ed9 chia 2 c\u1eeda HMS 2 B<\/strong> l\u00e0 ph\u1ee5 ki\u1ec7n th\u1ee7y l\u1ef1c chuy\u00ean d\u1ee5ng, d\u00f9ng \u0111\u1ec3 ph\u00e2n chia ho\u1eb7c gom d\u00f2ng d\u1ea7u trong h\u1ec7 th\u1ed1ng m\u1ed9t c\u00e1ch an to\u00e0n v\u00e0 hi\u1ec7u qu\u1ea3. S\u1ea3n ph\u1ea9m \u0111\u01b0\u1ee3c ch\u1ebf t\u1ea1o t\u1eeb <strong data-start=\"317\" data-end=\"348\">th\u00e9p h\u1ee3p kim ch\u1ea5t l\u01b0\u1ee3ng cao<\/strong>, b\u1ec1 m\u1eb7t m\u1ea1 ch\u1ed1ng g\u1ec9, \u0111\u1ea3m b\u1ea3o \u0111\u1ed9 b\u1ec1n l\u00e2u d\u00e0i v\u00e0 kh\u1ea3 n\u0103ng ch\u1ecbu \u00e1p su\u1ea5t cao. V\u1edbi thi\u1ebft k\u1ebf <strong data-start=\"436\" data-end=\"464\">2 c\u1eeda k\u1ebft n\u1ed1i ti\u00eau chu\u1ea9n<\/strong>, HMS 2 B gi\u00fap t\u1ed1i \u01b0u h\u00f3a h\u1ec7 th\u1ed1ng th\u1ee7y l\u1ef1c, d\u1ec5 d\u00e0ng l\u1eafp \u0111\u1eb7t v\u00e0 ph\u00f9 h\u1ee3p cho nhi\u1ec1u lo\u1ea1i m\u00e1y m\u00f3c c\u00f4ng nghi\u1ec7p, c\u01a1 gi\u1edbi.<\/p>\n<h3 data-start=\"584\" data-end=\"608\">Technical specifications:<\/h3>\n<ul data-start=\"609\" data-end=\"896\">\n<li data-start=\"609\" data-end=\"627\">\n<p data-start=\"611\" data-end=\"627\">Model: HMS 2 B<\/p>\n<\/li>\n<li data-start=\"628\" data-end=\"660\">\n<p data-start=\"630\" data-end=\"660\">Lo\u1ea1i: B\u1ed9 chia th\u1ee7y l\u1ef1c 2 c\u1eeda<\/p>\n<\/li>\n<li data-start=\"661\" data-end=\"709\">\n<p data-start=\"663\" data-end=\"709\">V\u1eadt li\u1ec7u: Th\u00e9p h\u1ee3p kim\/ th\u00e9p m\u1ea1 k\u1ebdm ch\u1ed1ng g\u1ec9<\/p>\n<\/li>\n<li data-start=\"710\" data-end=\"736\">\n<p data-start=\"712\" data-end=\"736\">S\u1ed1 c\u1eeda: 2 c\u1eeda (In\/Out)<\/p>\n<\/li>\n<li data-start=\"737\" data-end=\"790\">\n<p data-start=\"739\" data-end=\"790\">K\u00edch th\u01b0\u1edbc ren: G 1\/4&#8243;, G 3\/8&#8243;, G 1\/2&#8243; (t\u00f9y ch\u1ecdn)<\/p>\n<\/li>\n<li data-start=\"791\" data-end=\"826\">\n<p data-start=\"793\" data-end=\"826\">\u00c1p su\u1ea5t l\u00e0m vi\u1ec7c: 250 \u2013 400 bar<\/p>\n<\/li>\n<li data-start=\"827\" data-end=\"866\">\n<p data-start=\"829\" data-end=\"866\">Nhi\u1ec7t \u0111\u1ed9 l\u00e0m vi\u1ec7c: -20\u00b0C \u0111\u1ebfn +100\u00b0C<\/p>\n<\/li>\n<li data-start=\"867\" data-end=\"896\">\n<p data-start=\"869\" data-end=\"896\">Tr\u1ecdng l\u01b0\u1ee3ng: ~0.4 \u2013 0.8kg<\/p>\n<\/li>\n<\/ul>\n<h3 data-start=\"898\" data-end=\"913\">Characteristics:<\/h3>\n<ul data-start=\"914\" data-end=\"1176\">\n<li data-start=\"914\" data-end=\"972\">\n<p data-start=\"916\" data-end=\"972\">Thi\u1ebft k\u1ebf g\u1ecdn nh\u1eb9, d\u1ec5 d\u00e0ng l\u1eafp \u0111\u1eb7t trong kh\u00f4ng gian h\u1eb9p<\/p>\n<\/li>\n<li data-start=\"973\" data-end=\"1019\">\n<p data-start=\"975\" data-end=\"1019\">Ch\u1ecbu \u00e1p su\u1ea5t cao, ch\u1ed1ng r\u00f2 r\u1ec9 d\u1ea7u hi\u1ec7u qu\u1ea3<\/p>\n<\/li>\n<li data-start=\"1020\" data-end=\"1070\">\n<p data-start=\"1022\" data-end=\"1070\">Gia c\u00f4ng ch\u00ednh x\u00e1c, \u0111\u1ea3m b\u1ea3o \u0111\u1ed9 k\u00edn kh\u00edt t\u1ed1i \u0111a<\/p>\n<\/li>\n<li data-start=\"1071\" data-end=\"1118\">\n<p data-start=\"1073\" data-end=\"1118\">B\u1ec1 m\u1eb7t m\u1ea1 ch\u1ed1ng g\u1ec9, t\u0103ng \u0111\u1ed9 b\u1ec1n v\u00e0 tu\u1ed5i th\u1ecd<\/p>\n<\/li>\n<li data-start=\"1119\" data-end=\"1176\">\n<p data-start=\"1121\" data-end=\"1176\">Th\u00edch h\u1ee3p cho c\u1ea3 h\u1ec7 th\u1ed1ng th\u1ee7y l\u1ef1c di \u0111\u1ed9ng v\u00e0 c\u1ed1 \u0111\u1ecbnh<\/p>\n<\/li>\n<\/ul>\n<h3 data-start=\"1178\" data-end=\"1193\">Applications:<\/h3>\n<ul data-start=\"1194\" data-end=\"1492\">\n<li data-start=\"1194\" data-end=\"1261\">\n<p data-start=\"1196\" data-end=\"1261\"><strong data-start=\"1196\" data-end=\"1215\">Ng\u00e0nh th\u1ee7y l\u1ef1c:<\/strong> Ph\u00e2n chia\/ gom d\u00f2ng d\u1ea7u trong m\u1ea1ch th\u1ee7y l\u1ef1c<\/p>\n<\/li>\n<li data-start=\"1262\" data-end=\"1335\">\n<p data-start=\"1264\" data-end=\"1335\"><strong data-start=\"1264\" data-end=\"1292\">Ng\u00e0nh c\u01a1 kh\u00ed \u2013 x\u00e2y d\u1ef1ng:<\/strong> M\u00e1y \u00e9p, m\u00e1y c\u00f4ng tr\u00ecnh, thi\u1ebft b\u1ecb n\u00e2ng h\u1ea1<\/p>\n<\/li>\n<li data-start=\"1336\" data-end=\"1410\">\n<p data-start=\"1338\" data-end=\"1410\"><strong data-start=\"1338\" data-end=\"1368\">Ng\u00e0nh khai th\u00e1c \u2013 v\u1eadn t\u1ea3i:<\/strong> M\u00e1y m\u1ecf, xe chuy\u00ean d\u1ee5ng, thi\u1ebft b\u1ecb b\u1ed1c d\u1ee1<\/p>\n<\/li>\n<li data-start=\"1411\" data-end=\"1492\">\n<p data-start=\"1413\" data-end=\"1492\"><strong data-start=\"1413\" data-end=\"1446\">Ng\u00e0nh s\u1ea3n xu\u1ea5t \u2013 c\u00f4ng nghi\u1ec7p:<\/strong> H\u1ec7 th\u1ed1ng d\u00e2y chuy\u1ec1n th\u1ee7y l\u1ef1c, tr\u1ea1m th\u1ee7y l\u1ef1c<\/p>\n<\/li>\n<\/ul>\n<p><strong>S\u1ea3n ph\u1ea9m s\u1eb5n h\u00e0ng t\u1ea1i kho Kenta Vi\u1ec7t Nam<\/strong><\/p>\n<p><img loading=\"lazy\" decoding=\"async\" class=\"alignnone size-medium wp-image-2715\" src=\"https:\/\/kentavietnam.com\/wp-content\/uploads\/2024\/10\/7ab27301daf252ac0be397-300x225.jpg\" sizes=\"auto, (max-width: 300px) 100vw, 300px\" srcset=\"https:\/\/kentavietnam.com\/wp-content\/uploads\/2024\/10\/7ab27301daf252ac0be397-300x225.jpg?v=1756087778 300w, https:\/\/kentavietnam.com\/wp-content\/uploads\/2024\/10\/7ab27301daf252ac0be397-1024x768.jpg?v=1756087778 1024w, https:\/\/kentavietnam.com\/wp-content\/uploads\/2024\/10\/7ab27301daf252ac0be397-768x576.jpg?v=1756087778 768w, https:\/\/kentavietnam.com\/wp-content\/uploads\/2024\/10\/7ab27301daf252ac0be397-16x12.jpg?v=1756087778 16w, https:\/\/kentavietnam.com\/wp-content\/uploads\/2024\/10\/7ab27301daf252ac0be397-600x450.jpg?v=1756087778 600w, https:\/\/kentavietnam.com\/wp-content\/uploads\/2024\/10\/7ab27301daf252ac0be397.jpg?v=1756087778 1280w\" alt=\"\" width=\"300\" height=\"225\" \/>\u00a0 \u00a0\u00a0<img loading=\"lazy\" decoding=\"async\" class=\"alignnone wp-image-2732\" src=\"https:\/\/kentavietnam.com\/wp-content\/uploads\/2024\/10\/6978360b9ef816a64fe9108-e1756088920236-300x269.jpg\" sizes=\"auto, (max-width: 251px) 100vw, 251px\" srcset=\"https:\/\/kentavietnam.com\/wp-content\/uploads\/2024\/10\/6978360b9ef816a64fe9108-e1756088920236-300x269.jpg?v=1756087856 300w, https:\/\/kentavietnam.com\/wp-content\/uploads\/2024\/10\/6978360b9ef816a64fe9108-e1756088920236-1024x918.jpg?v=1756087856 1024w, https:\/\/kentavietnam.com\/wp-content\/uploads\/2024\/10\/6978360b9ef816a64fe9108-e1756088920236-768x689.jpg?v=1756087856 768w, https:\/\/kentavietnam.com\/wp-content\/uploads\/2024\/10\/6978360b9ef816a64fe9108-e1756088920236-13x12.jpg?v=1756087856 13w, https:\/\/kentavietnam.com\/wp-content\/uploads\/2024\/10\/6978360b9ef816a64fe9108-e1756088920236-600x538.jpg?v=1756087856 600w, https:\/\/kentavietnam.com\/wp-content\/uploads\/2024\/10\/6978360b9ef816a64fe9108-e1756088920236.jpg?v=1756087856 1160w\" alt=\"\" width=\"251\" height=\"225\" \/>\u00a0 \u00a0\u00a0<img loading=\"lazy\" decoding=\"async\" class=\"alignnone size-medium wp-image-2718\" src=\"https:\/\/kentavietnam.com\/wp-content\/uploads\/2024\/10\/8f41e3014bf2c3ac9ae3106-300x225.jpg\" sizes=\"auto, (max-width: 300px) 100vw, 300px\" srcset=\"https:\/\/kentavietnam.com\/wp-content\/uploads\/2024\/10\/8f41e3014bf2c3ac9ae3106-300x225.jpg?v=1756087794 300w, https:\/\/kentavietnam.com\/wp-content\/uploads\/2024\/10\/8f41e3014bf2c3ac9ae3106-1024x767.jpg?v=1756087794 1024w, https:\/\/kentavietnam.com\/wp-content\/uploads\/2024\/10\/8f41e3014bf2c3ac9ae3106-768x575.jpg?v=1756087794 768w, https:\/\/kentavietnam.com\/wp-content\/uploads\/2024\/10\/8f41e3014bf2c3ac9ae3106-16x12.jpg?v=1756087794 16w, https:\/\/kentavietnam.com\/wp-content\/uploads\/2024\/10\/8f41e3014bf2c3ac9ae3106-600x450.jpg?v=1756087794 600w, https:\/\/kentavietnam.com\/wp-content\/uploads\/2024\/10\/8f41e3014bf2c3ac9ae3106.jpg?v=1756087794 1280w\" alt=\"\" width=\"300\" height=\"225\" \/><\/p>\n<p><strong>Contact information:<\/strong><\/p>\n<div dir=\"auto\">KENTA VIETNAM \u2013 QUALITY CREATES TRUST<\/div>\n<div dir=\"auto\"><span class=\"html-span xexx8yu xyri2b x18d9i69 x1c1uobl x1hl2dhg x16tdsg8 x1vvkbs x3nfvp2 x1j61x8r x1fcty0u xdj266r xat24cr xm2jcoa x1mpyi22 xxymvpz xlup9mm x1kky2od\"><img loading=\"lazy\" decoding=\"async\" class=\"xz74otr x15mokao x1ga7v0g x16uus16 xbiv7yw\" src=\"https:\/\/static.xx.fbcdn.net\/images\/emoji.php\/v9\/tf8\/1\/16\/1f3e2.png\" alt=\"\ud83c\udfe2\" width=\"16\" height=\"16\" \/><\/span>\u00a0Main office: No. 22, Phung Cong service area, Phung Cong Commune, Hung Yen province<\/div>\n<div dir=\"auto\"><span class=\"html-span xexx8yu xyri2b x18d9i69 x1c1uobl x1hl2dhg x16tdsg8 x1vvkbs x3nfvp2 x1j61x8r x1fcty0u xdj266r xat24cr xm2jcoa x1mpyi22 xxymvpz xlup9mm x1kky2od\"><img loading=\"lazy\" decoding=\"async\" class=\"xz74otr x15mokao x1ga7v0g x16uus16 xbiv7yw\" src=\"https:\/\/static.xx.fbcdn.net\/images\/emoji.php\/v9\/tf6\/1\/16\/1f3e0.png\" alt=\"\ud83c\udfe0\" width=\"16\" height=\"16\" \/><\/span>\u00a0Warehouse No. 1: Ngo Yen Hamlet, Hong An Ward, Hai Phong City (at the foot of Kien Bridge)<\/div>\n<div dir=\"auto\"><span class=\"html-span xexx8yu xyri2b x18d9i69 x1c1uobl x1hl2dhg x16tdsg8 x1vvkbs x3nfvp2 x1j61x8r x1fcty0u xdj266r xat24cr xm2jcoa x1mpyi22 xxymvpz xlup9mm x1kky2od\"><img loading=\"lazy\" decoding=\"async\" class=\"xz74otr x15mokao x1ga7v0g x16uus16 xbiv7yw\" src=\"https:\/\/static.xx.fbcdn.net\/images\/emoji.php\/v9\/tf6\/1\/16\/1f3e0.png\" alt=\"\ud83c\udfe0\" width=\"16\" height=\"16\" \/><\/span>\u00a0Warehouse No. 2: No. 22, Phung Cong service area, Phung Cong Commune, Hung Yen province<\/div>\n<div dir=\"auto\"><span class=\"html-span xexx8yu xyri2b x18d9i69 x1c1uobl x1hl2dhg x16tdsg8 x1vvkbs x3nfvp2 x1j61x8r x1fcty0u xdj266r xat24cr xm2jcoa x1mpyi22 xxymvpz xlup9mm x1kky2od\"><img loading=\"lazy\" decoding=\"async\" class=\"xz74otr x15mokao x1ga7v0g x16uus16 xbiv7yw\" src=\"https:\/\/static.xx.fbcdn.net\/images\/emoji.php\/v9\/t22\/1\/16\/260e.png\" alt=\"\u260e\ufe0f\" width=\"16\" height=\"16\" \/><\/span>\u00a0S\u0110T: 0972 887 106 \u2013 0961 909 992<\/div>\n<div dir=\"auto\"><span class=\"html-span xexx8yu xyri2b x18d9i69 x1c1uobl x1hl2dhg x16tdsg8 x1vvkbs x3nfvp2 x1j61x8r x1fcty0u xdj266r xat24cr xm2jcoa x1mpyi22 xxymvpz xlup9mm x1kky2od\"><img loading=\"lazy\" decoding=\"async\" class=\"xz74otr x15mokao x1ga7v0g x16uus16 xbiv7yw\" src=\"https:\/\/static.xx.fbcdn.net\/images\/emoji.php\/v9\/tc0\/1\/16\/1f4e9.png\" alt=\"\ud83d\udce9\" width=\"16\" height=\"16\" \/><\/span>\u00a0Email: contact@kentavietnam.com<\/div>\n<div dir=\"auto\"><span class=\"html-span xexx8yu xyri2b x18d9i69 x1c1uobl x1hl2dhg x16tdsg8 x1vvkbs x3nfvp2 x1j61x8r x1fcty0u xdj266r xat24cr xm2jcoa x1mpyi22 xxymvpz xlup9mm x1kky2od\"><img loading=\"lazy\" decoding=\"async\" class=\"xz74otr x15mokao x1ga7v0g x16uus16 xbiv7yw\" src=\"https:\/\/static.xx.fbcdn.net\/images\/emoji.php\/v9\/taa\/1\/16\/1f310.png\" alt=\"\ud83c\udf10\" width=\"16\" height=\"16\" \/><\/span>\u00a0Website:\u00a0<span class=\"html-span xdj266r x14z9mp xat24cr x1lziwak xexx8yu xyri2b x18d9i69 x1c1uobl x1hl2dhg x16tdsg8 x1vvkbs\"><a class=\"x1i10hfl xjbqb8w x1ejq31n x18oe1m7 x1sy0etr xstzfhl x972fbf x10w94by x1qhh985 x14e42zd x9f619 x1ypdohk xt0psk2 x3ct3a4 xdj266r x14z9mp xat24cr x1lziwak xexx8yu xyri2b x18d9i69 x1c1uobl x16tdsg8 x1hl2dhg xggy1nq x1a2a7pz xkrqix3 x1sur9pj x1fey0fg x1s688f\" tabindex=\"0\" role=\"link\" href=\"https:\/\/l.facebook.com\/l.php?u=http%3A%2F%2Fkentavietnam.com%2F%3Ffbclid%3DIwZXh0bgNhZW0CMTAAYnJpZBExOXR4ZlZ1OTVBbEFKSGlxegEen5zMhAfmcwNmBE4zZYTgVlO-vq7Qs4ImwoRSuU1ab5bBDR8dEE_wzmp_BWY_aem_pUlotNhgDQn7Zls1a6kVWw&amp;h=AT3LvVUQYPIa0XYrtUlqv2kTA69l4I5Zaf2Q0rMN8pXz6tcCqMKFXkPVHsA9UdtuA7vF58X9L3VzCQpA3UlpmJvQTHkr4RbFhLUIC8mRCJ720SI4UNtqQ7AIZ5ci_Nk4wuAtRMBTW3_mvRqa&amp;__tn__=-UK-R&amp;c[0]=AT3ob5MAFvp0Sm7cjT5LuG4WGC1hKHcBaeJE6W6GWzy_VwitaITnDNay-N3WRv77MDqufhzPCEZTAPOQ4O-j0Dae_KKIM_jlmoxRf1yZ1CL3FpI66voX1_ZW_hr6jcWBK_Dvqbp80l74Nrbn4qfLxetCXSqSwSqWQXdLH3ifjTjSEM8cNKZr3dYzXM2qS1XCvRdClncF6oh51CiWCpECj8x-_A\" target=\"_blank\" rel=\"nofollow noopener noreferrer\">kentavietnam.com<\/a><\/span><\/div>","protected":false},"excerpt":{"rendered":"<ul data-start=\"1529\" data-end=\"1756\">\n<li data-start=\"1529\" data-end=\"1547\">\n<p data-start=\"1531\" data-end=\"1547\">Model: HMS 2 B<\/p>\n<\/li>\n<li data-start=\"1548\" data-end=\"1585\">\n<p data-start=\"1550\" data-end=\"1585\">Ch\u1ee9c n\u0103ng: B\u1ed9 chia th\u1ee7y l\u1ef1c 2 c\u1eeda<\/p>\n<\/li>\n<li data-start=\"1586\" data-end=\"1624\">\n<p data-start=\"1588\" data-end=\"1624\">V\u1eadt li\u1ec7u: Th\u00e9p h\u1ee3p kim m\u1ea1 ch\u1ed1ng g\u1ec9<\/p>\n<\/li>\n<li data-start=\"1625\" data-end=\"1660\">\n<p data-start=\"1627\" data-end=\"1660\">\u00c1p su\u1ea5t l\u00e0m vi\u1ec7c: 250 \u2013 400 bar<\/p>\n<\/li>\n<li data-start=\"1661\" data-end=\"1696\">\n<p data-start=\"1663\" data-end=\"1696\">K\u00edch th\u01b0\u1edbc ren: G 1\/4&#8243; \u2013 G 1\/2&#8243;<\/p>\n<\/li>\n<li data-start=\"1697\" data-end=\"1756\">\n<p data-start=\"1699\" data-end=\"1756\">\u1ee8ng d\u1ee5ng: M\u00e1y c\u00f4ng tr\u00ecnh, h\u1ec7 th\u1ed1ng th\u1ee7y l\u1ef1c c\u00f4ng nghi\u1ec7p<\/p>\n<\/li>\n<\/ul>","protected":false},"featured_media":2718,"comment_status":"open","ping_status":"closed","template":"","meta":[],"product_brand":[],"product_cat":[237],"product_tag":[],"class_list":{"0":"post-2795","1":"product","2":"type-product","3":"status-publish","4":"has-post-thumbnail","6":"product_cat-ong-dan-dau-dong-ho-khop-noi","8":"first","9":"instock","10":"shipping-taxable","11":"product-type-simple"},"_links":{"self":[{"href":"https:\/\/kentavietnam.com\/en\/wp-json\/wp\/v2\/product\/2795","targetHints":{"allow":["GET"]}}],"collection":[{"href":"https:\/\/kentavietnam.com\/en\/wp-json\/wp\/v2\/product"}],"about":[{"href":"https:\/\/kentavietnam.com\/en\/wp-json\/wp\/v2\/types\/product"}],"replies":[{"embeddable":true,"href":"https:\/\/kentavietnam.com\/en\/wp-json\/wp\/v2\/comments?post=2795"}],"wp:featuredmedia":[{"embeddable":true,"href":"https:\/\/kentavietnam.com\/en\/wp-json\/wp\/v2\/media\/2718"}],"wp:attachment":[{"href":"https:\/\/kentavietnam.com\/en\/wp-json\/wp\/v2\/media?parent=2795"}],"wp:term":[{"taxonomy":"product_brand","embeddable":true,"href":"https:\/\/kentavietnam.com\/en\/wp-json\/wp\/v2\/product_brand?post=2795"},{"taxonomy":"product_cat","embeddable":true,"href":"https:\/\/kentavietnam.com\/en\/wp-json\/wp\/v2\/product_cat?post=2795"},{"taxonomy":"product_tag","embeddable":true,"href":"https:\/\/kentavietnam.com\/en\/wp-json\/wp\/v2\/product_tag?post=2795"}],"curies":[{"name":"wp","href":"https:\/\/api.w.org\/{rel}","templated":true}]}}