{"id":2796,"date":"2025-09-10T07:43:58","date_gmt":"2025-09-10T07:43:58","guid":{"rendered":"https:\/\/kentavietnam.com\/?post_type=product&#038;p=2796"},"modified":"2025-09-17T08:47:04","modified_gmt":"2025-09-17T08:47:04","slug":"dau-boi-tron-eco-power-iso-vg-15-5l-chai","status":"publish","type":"product","link":"https:\/\/kentavietnam.com\/en\/product\/dau-boi-tron-eco-power-iso-vg-15-5l-chai\/","title":{"rendered":"D\u1ea7u b\u00f4i tr\u01a1n ECO POWER ISO VG 15, 5L\/chai"},"content":{"rendered":"<h2 data-start=\"132\" data-end=\"189\">D\u1ea7u b\u00f4i tr\u01a1n ECO POWER ISO VG 15, 5L\/chai ch\u00ednh h\u00e3ng<\/h2>\n<p data-start=\"191\" data-end=\"688\"><strong data-start=\"191\" data-end=\"227\">D\u1ea7u b\u00f4i tr\u01a1n ECO POWER ISO VG 15<\/strong> l\u00e0 d\u00f2ng d\u1ea7u th\u1ee7y l\u1ef1c ch\u1ea5t l\u01b0\u1ee3ng cao, \u0111\u01b0\u1ee3c s\u1ea3n xu\u1ea5t theo ti\u00eau chu\u1ea9n qu\u1ed1c t\u1ebf ISO VG 15. S\u1ea3n ph\u1ea9m \u0111\u01b0\u1ee3c tinh l\u1ecdc t\u1eeb <strong data-start=\"340\" data-end=\"367\">d\u1ea7u g\u1ed1c kho\u00e1ng tinh ch\u1ebf<\/strong> k\u1ebft h\u1ee3p v\u1edbi <strong data-start=\"380\" data-end=\"440\">h\u1ec7 ph\u1ee5 gia ch\u1ed1ng m\u00e0i m\u00f2n, ch\u1ed1ng oxy h\u00f3a v\u00e0 ch\u1ed1ng t\u1ea1o b\u1ecdt<\/strong>, mang l\u1ea1i kh\u1ea3 n\u0103ng b\u00f4i tr\u01a1n v\u01b0\u1ee3t tr\u1ed9i, b\u1ea3o v\u1ec7 thi\u1ebft b\u1ecb v\u00e0 k\u00e9o d\u00e0i tu\u1ed5i th\u1ecd m\u00e1y m\u00f3c. V\u1edbi dung t\u00edch <strong data-start=\"539\" data-end=\"553\">5 l\u00edt\/chai<\/strong>, d\u1ea7u ECO POWER ISO VG 15 l\u00e0 l\u1ef1a ch\u1ecdn l\u00fd t\u01b0\u1edfng cho c\u00e1c h\u1ec7 th\u1ed1ng c\u00f4ng nghi\u1ec7p, c\u01a1 kh\u00ed v\u00e0 th\u1ee7y l\u1ef1c c\u1ea7n ho\u1ea1t \u0111\u1ed9ng \u1ed5n \u0111\u1ecbnh, hi\u1ec7u su\u1ea5t cao.<\/p>\n<h3 data-start=\"690\" data-end=\"714\">Technical specifications:<\/h3>\n<ul data-start=\"715\" data-end=\"1042\">\n<li data-start=\"715\" data-end=\"752\">\n<p data-start=\"717\" data-end=\"752\">T\u00ean s\u1ea3n ph\u1ea9m: ECO POWER ISO VG 15<\/p>\n<\/li>\n<li data-start=\"753\" data-end=\"804\">\n<p data-start=\"755\" data-end=\"804\">Lo\u1ea1i d\u1ea7u: D\u1ea7u b\u00f4i tr\u01a1n\/ d\u1ea7u th\u1ee7y l\u1ef1c g\u1ed1c kho\u00e1ng<\/p>\n<\/li>\n<li data-start=\"805\" data-end=\"854\">\n<p data-start=\"807\" data-end=\"854\">\u0110\u1ed9 nh\u1edbt: ISO VG 15 (theo ti\u00eau chu\u1ea9n ISO 3448)<\/p>\n<\/li>\n<li data-start=\"855\" data-end=\"880\">\n<p data-start=\"857\" data-end=\"880\">Dung t\u00edch: 5 l\u00edt\/chai<\/p>\n<\/li>\n<li data-start=\"881\" data-end=\"919\">\n<p data-start=\"883\" data-end=\"919\">Nhi\u1ec7t \u0111\u1ed9 l\u00e0m vi\u1ec7c: -10\u00b0C \u0111\u1ebfn +90\u00b0C<\/p>\n<\/li>\n<li data-start=\"920\" data-end=\"1000\">\n<p data-start=\"922\" data-end=\"1000\">T\u00ednh n\u0103ng ph\u1ee5 gia: Ch\u1ed1ng oxy h\u00f3a, ch\u1ed1ng m\u00e0i m\u00f2n, ch\u1ed1ng g\u1ec9 s\u00e9t, ch\u1ed1ng t\u1ea1o b\u1ecdt<\/p>\n<\/li>\n<li data-start=\"1001\" data-end=\"1042\">\n<p data-start=\"1003\" data-end=\"1042\">Ti\u00eau chu\u1ea9n ch\u1ea5t l\u01b0\u1ee3ng: ISO, DIN, ASTM<\/p>\n<\/li>\n<\/ul>\n<h3 data-start=\"1044\" data-end=\"1059\">Characteristics:<\/h3>\n<ul data-start=\"1060\" data-end=\"1381\">\n<li data-start=\"1060\" data-end=\"1130\">\n<p data-start=\"1062\" data-end=\"1130\">\u0110\u1ed9 nh\u1edbt \u1ed5n \u0111\u1ecbnh, \u0111\u1ea3m b\u1ea3o <strong data-start=\"1087\" data-end=\"1128\">kh\u1ea3 n\u0103ng truy\u1ec1n \u0111\u1ed9ng th\u1ee7y l\u1ef1c m\u01b0\u1ee3t m\u00e0<\/strong><\/p>\n<\/li>\n<li data-start=\"1131\" data-end=\"1189\">\n<p data-start=\"1133\" data-end=\"1189\">B\u00f4i tr\u01a1n t\u1ed1t, gi\u1ea3m ma s\u00e1t v\u00e0 h\u1ea1n ch\u1ebf m\u00e0i m\u00f2n linh ki\u1ec7n<\/p>\n<\/li>\n<li data-start=\"1190\" data-end=\"1260\">\n<p data-start=\"1192\" data-end=\"1260\">Ch\u1ed1ng oxy h\u00f3a, gi\u00fap d\u1ea7u kh\u00f4ng b\u1ecb bi\u1ebfn ch\u1ea5t trong qu\u00e1 tr\u00ecnh s\u1eed d\u1ee5ng<\/p>\n<\/li>\n<li data-start=\"1261\" data-end=\"1320\">\n<p data-start=\"1263\" data-end=\"1320\">T\u1ea3n nhi\u1ec7t nhanh, duy tr\u00ec hi\u1ec7u su\u1ea5t \u1ed5n \u0111\u1ecbnh cho thi\u1ebft b\u1ecb<\/p>\n<\/li>\n<li data-start=\"1321\" data-end=\"1381\">\n<p data-start=\"1323\" data-end=\"1381\">S\u1ea1ch, \u00edt c\u1eb7n, k\u00e9o d\u00e0i th\u1eddi gian thay d\u1ea7u v\u00e0 tu\u1ed5i th\u1ecd m\u00e1y<\/p>\n<\/li>\n<\/ul>\n<h3 data-start=\"1383\" data-end=\"1398\">Applications:<\/h3>\n<ul data-start=\"1399\" data-end=\"1739\">\n<li data-start=\"1399\" data-end=\"1484\">\n<p data-start=\"1401\" data-end=\"1484\"><strong data-start=\"1401\" data-end=\"1420\">Ng\u00e0nh th\u1ee7y l\u1ef1c:<\/strong> D\u00f9ng cho b\u01a1m, van, xi lanh th\u1ee7y l\u1ef1c \u00e1p su\u1ea5t th\u1ea5p \u2013 trung b\u00ecnh<\/p>\n<\/li>\n<li data-start=\"1485\" data-end=\"1570\">\n<p data-start=\"1487\" data-end=\"1570\"><strong data-start=\"1487\" data-end=\"1504\">Mechanical engineering:<\/strong> B\u00f4i tr\u01a1n cho m\u00e1y c\u00f4ng c\u1ee5, m\u00e1y d\u1eadp, m\u00e1y \u00e9p, h\u1ec7 th\u1ed1ng truy\u1ec1n \u0111\u1ed9ng<\/p>\n<\/li>\n<li data-start=\"1571\" data-end=\"1658\">\n<p data-start=\"1573\" data-end=\"1658\"><strong data-start=\"1573\" data-end=\"1595\">Industrial sector:<\/strong> H\u1ec7 th\u1ed1ng tu\u1ea7n ho\u00e0n d\u1ea7u, m\u00e1y s\u1ea3n xu\u1ea5t, d\u00e2y chuy\u1ec1n c\u00f4ng nghi\u1ec7p<\/p>\n<\/li>\n<li data-start=\"1659\" data-end=\"1739\">\n<p data-start=\"1661\" data-end=\"1739\"><strong data-start=\"1661\" data-end=\"1679\">Ng\u00e0nh v\u1eadn t\u1ea3i:<\/strong> M\u1ed9t s\u1ed1 \u1ee9ng d\u1ee5ng trong m\u00e1y m\u00f3c n\u00f4ng nghi\u1ec7p v\u00e0 thi\u1ebft b\u1ecb nh\u1eb9<\/p>\n<\/li>\n<\/ul>\n<p><strong>S\u1ea3n ph\u1ea9m s\u1eb5n h\u00e0ng t\u1ea1i kho Kenta Vi\u1ec7t Nam<\/strong><\/p>\n<p><img loading=\"lazy\" decoding=\"async\" class=\"alignnone size-medium wp-image-2715\" src=\"https:\/\/kentavietnam.com\/wp-content\/uploads\/2024\/10\/7ab27301daf252ac0be397-300x225.jpg\" sizes=\"auto, (max-width: 300px) 100vw, 300px\" srcset=\"https:\/\/kentavietnam.com\/wp-content\/uploads\/2024\/10\/7ab27301daf252ac0be397-300x225.jpg?v=1756087778 300w, https:\/\/kentavietnam.com\/wp-content\/uploads\/2024\/10\/7ab27301daf252ac0be397-1024x768.jpg?v=1756087778 1024w, https:\/\/kentavietnam.com\/wp-content\/uploads\/2024\/10\/7ab27301daf252ac0be397-768x576.jpg?v=1756087778 768w, https:\/\/kentavietnam.com\/wp-content\/uploads\/2024\/10\/7ab27301daf252ac0be397-16x12.jpg?v=1756087778 16w, https:\/\/kentavietnam.com\/wp-content\/uploads\/2024\/10\/7ab27301daf252ac0be397-600x450.jpg?v=1756087778 600w, https:\/\/kentavietnam.com\/wp-content\/uploads\/2024\/10\/7ab27301daf252ac0be397.jpg?v=1756087778 1280w\" alt=\"\" width=\"300\" height=\"225\" \/>\u00a0 \u00a0\u00a0<img loading=\"lazy\" decoding=\"async\" class=\"alignnone wp-image-2732\" src=\"https:\/\/kentavietnam.com\/wp-content\/uploads\/2024\/10\/6978360b9ef816a64fe9108-e1756088920236-300x269.jpg\" sizes=\"auto, (max-width: 251px) 100vw, 251px\" srcset=\"https:\/\/kentavietnam.com\/wp-content\/uploads\/2024\/10\/6978360b9ef816a64fe9108-e1756088920236-300x269.jpg?v=1756087856 300w, https:\/\/kentavietnam.com\/wp-content\/uploads\/2024\/10\/6978360b9ef816a64fe9108-e1756088920236-1024x918.jpg?v=1756087856 1024w, https:\/\/kentavietnam.com\/wp-content\/uploads\/2024\/10\/6978360b9ef816a64fe9108-e1756088920236-768x689.jpg?v=1756087856 768w, https:\/\/kentavietnam.com\/wp-content\/uploads\/2024\/10\/6978360b9ef816a64fe9108-e1756088920236-13x12.jpg?v=1756087856 13w, https:\/\/kentavietnam.com\/wp-content\/uploads\/2024\/10\/6978360b9ef816a64fe9108-e1756088920236-600x538.jpg?v=1756087856 600w, https:\/\/kentavietnam.com\/wp-content\/uploads\/2024\/10\/6978360b9ef816a64fe9108-e1756088920236.jpg?v=1756087856 1160w\" alt=\"\" width=\"251\" height=\"225\" \/>\u00a0 \u00a0\u00a0<img loading=\"lazy\" decoding=\"async\" class=\"alignnone size-medium wp-image-2718\" src=\"https:\/\/kentavietnam.com\/wp-content\/uploads\/2024\/10\/8f41e3014bf2c3ac9ae3106-300x225.jpg\" sizes=\"auto, (max-width: 300px) 100vw, 300px\" srcset=\"https:\/\/kentavietnam.com\/wp-content\/uploads\/2024\/10\/8f41e3014bf2c3ac9ae3106-300x225.jpg?v=1756087794 300w, https:\/\/kentavietnam.com\/wp-content\/uploads\/2024\/10\/8f41e3014bf2c3ac9ae3106-1024x767.jpg?v=1756087794 1024w, https:\/\/kentavietnam.com\/wp-content\/uploads\/2024\/10\/8f41e3014bf2c3ac9ae3106-768x575.jpg?v=1756087794 768w, https:\/\/kentavietnam.com\/wp-content\/uploads\/2024\/10\/8f41e3014bf2c3ac9ae3106-16x12.jpg?v=1756087794 16w, https:\/\/kentavietnam.com\/wp-content\/uploads\/2024\/10\/8f41e3014bf2c3ac9ae3106-600x450.jpg?v=1756087794 600w, https:\/\/kentavietnam.com\/wp-content\/uploads\/2024\/10\/8f41e3014bf2c3ac9ae3106.jpg?v=1756087794 1280w\" alt=\"\" width=\"300\" height=\"225\" \/><\/p>\n<p><strong>Contact information:<\/strong><\/p>\n<div dir=\"auto\">KENTA VIETNAM \u2013 QUALITY CREATES TRUST<\/div>\n<div dir=\"auto\"><span class=\"html-span xexx8yu xyri2b x18d9i69 x1c1uobl x1hl2dhg x16tdsg8 x1vvkbs x3nfvp2 x1j61x8r x1fcty0u xdj266r xat24cr xm2jcoa x1mpyi22 xxymvpz xlup9mm x1kky2od\"><img loading=\"lazy\" decoding=\"async\" class=\"xz74otr x15mokao x1ga7v0g x16uus16 xbiv7yw\" src=\"https:\/\/static.xx.fbcdn.net\/images\/emoji.php\/v9\/tf8\/1\/16\/1f3e2.png\" alt=\"\ud83c\udfe2\" width=\"16\" height=\"16\" \/><\/span>\u00a0Main office: No. 22, Phung Cong service area, Phung Cong Commune, Hung Yen province<\/div>\n<div dir=\"auto\"><span class=\"html-span xexx8yu xyri2b x18d9i69 x1c1uobl x1hl2dhg x16tdsg8 x1vvkbs x3nfvp2 x1j61x8r x1fcty0u xdj266r xat24cr xm2jcoa x1mpyi22 xxymvpz xlup9mm x1kky2od\"><img loading=\"lazy\" decoding=\"async\" class=\"xz74otr x15mokao x1ga7v0g x16uus16 xbiv7yw\" src=\"https:\/\/static.xx.fbcdn.net\/images\/emoji.php\/v9\/tf6\/1\/16\/1f3e0.png\" alt=\"\ud83c\udfe0\" width=\"16\" height=\"16\" \/><\/span>\u00a0Warehouse No. 1: Ngo Yen Hamlet, Hong An Ward, Hai Phong City (at the foot of Kien Bridge)<\/div>\n<div dir=\"auto\"><span class=\"html-span xexx8yu xyri2b x18d9i69 x1c1uobl x1hl2dhg x16tdsg8 x1vvkbs x3nfvp2 x1j61x8r x1fcty0u xdj266r xat24cr xm2jcoa x1mpyi22 xxymvpz xlup9mm x1kky2od\"><img loading=\"lazy\" decoding=\"async\" class=\"xz74otr x15mokao x1ga7v0g x16uus16 xbiv7yw\" src=\"https:\/\/static.xx.fbcdn.net\/images\/emoji.php\/v9\/tf6\/1\/16\/1f3e0.png\" alt=\"\ud83c\udfe0\" width=\"16\" height=\"16\" \/><\/span>\u00a0Warehouse No. 2: No. 22, Phung Cong service area, Phung Cong Commune, Hung Yen province<\/div>\n<div dir=\"auto\"><span class=\"html-span xexx8yu xyri2b x18d9i69 x1c1uobl x1hl2dhg x16tdsg8 x1vvkbs x3nfvp2 x1j61x8r x1fcty0u xdj266r xat24cr xm2jcoa x1mpyi22 xxymvpz xlup9mm x1kky2od\"><img loading=\"lazy\" decoding=\"async\" class=\"xz74otr x15mokao x1ga7v0g x16uus16 xbiv7yw\" src=\"https:\/\/static.xx.fbcdn.net\/images\/emoji.php\/v9\/t22\/1\/16\/260e.png\" alt=\"\u260e\ufe0f\" width=\"16\" height=\"16\" \/><\/span>\u00a0S\u0110T: 0972 887 106 \u2013 0961 909 992<\/div>\n<div dir=\"auto\"><span class=\"html-span xexx8yu xyri2b x18d9i69 x1c1uobl x1hl2dhg x16tdsg8 x1vvkbs x3nfvp2 x1j61x8r x1fcty0u xdj266r xat24cr xm2jcoa x1mpyi22 xxymvpz xlup9mm x1kky2od\"><img loading=\"lazy\" decoding=\"async\" class=\"xz74otr x15mokao x1ga7v0g x16uus16 xbiv7yw\" src=\"https:\/\/static.xx.fbcdn.net\/images\/emoji.php\/v9\/tc0\/1\/16\/1f4e9.png\" alt=\"\ud83d\udce9\" width=\"16\" height=\"16\" \/><\/span>\u00a0Email: contact@kentavietnam.com<\/div>\n<div dir=\"auto\"><span class=\"html-span xexx8yu xyri2b x18d9i69 x1c1uobl x1hl2dhg x16tdsg8 x1vvkbs x3nfvp2 x1j61x8r x1fcty0u xdj266r xat24cr xm2jcoa x1mpyi22 xxymvpz xlup9mm x1kky2od\"><img loading=\"lazy\" decoding=\"async\" class=\"xz74otr x15mokao x1ga7v0g x16uus16 xbiv7yw\" src=\"https:\/\/static.xx.fbcdn.net\/images\/emoji.php\/v9\/taa\/1\/16\/1f310.png\" alt=\"\ud83c\udf10\" width=\"16\" height=\"16\" \/><\/span>\u00a0Website:\u00a0<span class=\"html-span xdj266r x14z9mp xat24cr x1lziwak xexx8yu xyri2b x18d9i69 x1c1uobl x1hl2dhg x16tdsg8 x1vvkbs\"><a class=\"x1i10hfl xjbqb8w x1ejq31n x18oe1m7 x1sy0etr xstzfhl x972fbf x10w94by x1qhh985 x14e42zd x9f619 x1ypdohk xt0psk2 x3ct3a4 xdj266r x14z9mp xat24cr x1lziwak xexx8yu xyri2b x18d9i69 x1c1uobl x16tdsg8 x1hl2dhg xggy1nq x1a2a7pz xkrqix3 x1sur9pj x1fey0fg x1s688f\" tabindex=\"0\" role=\"link\" href=\"https:\/\/l.facebook.com\/l.php?u=http%3A%2F%2Fkentavietnam.com%2F%3Ffbclid%3DIwZXh0bgNhZW0CMTAAYnJpZBExOXR4ZlZ1OTVBbEFKSGlxegEen5zMhAfmcwNmBE4zZYTgVlO-vq7Qs4ImwoRSuU1ab5bBDR8dEE_wzmp_BWY_aem_pUlotNhgDQn7Zls1a6kVWw&amp;h=AT3LvVUQYPIa0XYrtUlqv2kTA69l4I5Zaf2Q0rMN8pXz6tcCqMKFXkPVHsA9UdtuA7vF58X9L3VzCQpA3UlpmJvQTHkr4RbFhLUIC8mRCJ720SI4UNtqQ7AIZ5ci_Nk4wuAtRMBTW3_mvRqa&amp;__tn__=-UK-R&amp;c[0]=AT3ob5MAFvp0Sm7cjT5LuG4WGC1hKHcBaeJE6W6GWzy_VwitaITnDNay-N3WRv77MDqufhzPCEZTAPOQ4O-j0Dae_KKIM_jlmoxRf1yZ1CL3FpI66voX1_ZW_hr6jcWBK_Dvqbp80l74Nrbn4qfLxetCXSqSwSqWQXdLH3ifjTjSEM8cNKZr3dYzXM2qS1XCvRdClncF6oh51CiWCpECj8x-_A\" target=\"_blank\" rel=\"nofollow noopener noreferrer\">kentavietnam.com<\/a><\/span><\/div>","protected":false},"excerpt":{"rendered":"<ul>\n<li data-start=\"1776\" data-end=\"1813\">\n<p data-start=\"1778\" data-end=\"1813\">T\u00ean s\u1ea3n ph\u1ea9m: ECO POWER ISO VG 15<\/p>\n<\/li>\n<li data-start=\"1814\" data-end=\"1856\">\n<p data-start=\"1816\" data-end=\"1856\">Lo\u1ea1i: D\u1ea7u b\u00f4i tr\u01a1n th\u1ee7y l\u1ef1c g\u1ed1c kho\u00e1ng<\/p>\n<\/li>\n<li data-start=\"1857\" data-end=\"1879\">\n<p data-start=\"1859\" data-end=\"1879\">\u0110\u1ed9 nh\u1edbt: ISO VG 15<\/p>\n<\/li>\n<li data-start=\"1880\" data-end=\"1902\">\n<p data-start=\"1882\" data-end=\"1902\">Dung t\u00edch: 5L\/chai<\/p>\n<\/li>\n<li data-start=\"1903\" data-end=\"1956\">\n<p data-start=\"1905\" data-end=\"1956\">T\u00ednh n\u0103ng: B\u00f4i tr\u01a1n, ch\u1ed1ng m\u00e0i m\u00f2n, ch\u1ed1ng oxy h\u00f3a<\/p>\n<\/li>\n<li data-start=\"1957\" data-end=\"2009\">\n<p data-start=\"1959\" data-end=\"2009\">\u1ee8ng d\u1ee5ng: H\u1ec7 th\u1ed1ng th\u1ee7y l\u1ef1c, c\u01a1 kh\u00ed, c\u00f4ng nghi\u1ec7p<\/p>\n<\/li>\n<\/ul>","protected":false},"featured_media":2715,"comment_status":"open","ping_status":"closed","template":"","meta":[],"product_brand":[],"product_cat":[237],"product_tag":[],"class_list":{"0":"post-2796","1":"product","2":"type-product","3":"status-publish","4":"has-post-thumbnail","6":"product_cat-ong-dan-dau-dong-ho-khop-noi","8":"first","9":"instock","10":"shipping-taxable","11":"product-type-simple"},"_links":{"self":[{"href":"https:\/\/kentavietnam.com\/en\/wp-json\/wp\/v2\/product\/2796","targetHints":{"allow":["GET"]}}],"collection":[{"href":"https:\/\/kentavietnam.com\/en\/wp-json\/wp\/v2\/product"}],"about":[{"href":"https:\/\/kentavietnam.com\/en\/wp-json\/wp\/v2\/types\/product"}],"replies":[{"embeddable":true,"href":"https:\/\/kentavietnam.com\/en\/wp-json\/wp\/v2\/comments?post=2796"}],"wp:featuredmedia":[{"embeddable":true,"href":"https:\/\/kentavietnam.com\/en\/wp-json\/wp\/v2\/media\/2715"}],"wp:attachment":[{"href":"https:\/\/kentavietnam.com\/en\/wp-json\/wp\/v2\/media?parent=2796"}],"wp:term":[{"taxonomy":"product_brand","embeddable":true,"href":"https:\/\/kentavietnam.com\/en\/wp-json\/wp\/v2\/product_brand?post=2796"},{"taxonomy":"product_cat","embeddable":true,"href":"https:\/\/kentavietnam.com\/en\/wp-json\/wp\/v2\/product_cat?post=2796"},{"taxonomy":"product_tag","embeddable":true,"href":"https:\/\/kentavietnam.com\/en\/wp-json\/wp\/v2\/product_tag?post=2796"}],"curies":[{"name":"wp","href":"https:\/\/api.w.org\/{rel}","templated":true}]}}