{"id":860,"date":"2024-09-09T07:21:09","date_gmt":"2024-09-09T07:21:09","guid":{"rendered":"https:\/\/kentavietnam.com\/?post_type=product&#038;p=860"},"modified":"2026-01-15T09:09:05","modified_gmt":"2026-01-15T09:09:05","slug":"day-va-que-han-nhom-er-5087","status":"publish","type":"product","link":"https:\/\/kentavietnam.com\/en\/product\/day-va-que-han-nhom-er-5087\/","title":{"rendered":"ER 5087 Aluminum Welding Wire_Safra\/Migweld"},"content":{"rendered":"<h3><strong>1. Introduction to ER 5087 aluminum welding wire:<\/strong><\/h3>\n<p>Safra's ER 5087 aluminum welding wire is manufactured from magnesium-containing aluminum alloy, providing superior welding performance and high durability. This product is designed to meet the needs of heavy-duty aluminum welding applications requiring good corrosion resistance.<\/p>\n<h3><strong>2. Outstanding features of ER 5087 aluminum welding wire:<\/strong><\/h3>\n<ul>\n<li>Contains high magnesium content (~4.5%), which enhances strength and corrosion resistance.<\/li>\n<li>Produces smooth, uniform welds with high tensile strength.<\/li>\n<li>Easy to operate and suitable for both automatic and manual welding.<\/li>\n<li>Good oxidation resistance, ideal for harsh environments.<\/li>\n<\/ul>\n<h3><strong>3. Applications of ER 5087 aluminum welding wire:<\/strong><\/h3>\n<ul>\n<li>Welding 5000 series aluminum alloys and magnesium-containing aluminum.<\/li>\n<li>Suitable for applications in the marine industry, shipbuilding, and industrial equipment manufacturing.<\/li>\n<li>Used in load-bearing aluminum structures requiring high strength and corrosion resistance.<\/li>\n<\/ul>\n<h3><strong>4. Technical specifications:<\/strong><\/h3>\n<ul>\n<li>Standard: AWS A5.10 ER 5087.<\/li>\n<li>Chemical composition: Magnesium (Mg) ~ 4.5%, Aluminum (Al), Copper (Cu), Silicon (Si).<\/li>\n<li>\u0110\u01b0\u1eddng k\u00ednh: 1.2mm.<\/li>\n<li>Tensile strength: &gt; 280 MPa.<\/li>\n<li>Elongation: &gt; 15%.<\/li>\n<\/ul>\n<p>Safra's ER 5087 aluminum welding wire is the perfect choice for aluminum welding applications requiring high quality, durability, and corrosion resistance, helping to optimize performance and production costs.<\/p>\n<h3><strong>5<\/strong>.\u00a0<strong>Where to buy genuine ER 5087 aluminum welding wire?<\/strong><\/h3>\n<p>To ensure quality and performance, it is essential to purchase ER 5087 aluminum welding wire from reputable distributors. You should choose authorized dealers to ensure the product has clear technical specifications and meets your usage needs.<\/p>\n<p>Kenta Vietnam is the exclusive and official distributor of the ER 5087 aluminum welding wire brand.<\/p>\n<p><strong>Actual images of welding materials at Kenta Vietnam warehouse:<\/strong><\/p>\n<p><img loading=\"lazy\" decoding=\"async\" class=\"alignnone size-medium wp-image-1946\" src=\"https:\/\/kentavietnam.com\/wp-content\/uploads\/2024\/09\/Day-han-Nhom-Safra-5183-225x300.jpg\" alt=\"\" width=\"225\" height=\"300\" srcset=\"https:\/\/kentavietnam.com\/wp-content\/uploads\/2024\/09\/Day-han-Nhom-Safra-5183-225x300.jpg 225w, https:\/\/kentavietnam.com\/wp-content\/uploads\/2024\/09\/Day-han-Nhom-Safra-5183-768x1024.jpg 768w, https:\/\/kentavietnam.com\/wp-content\/uploads\/2024\/09\/Day-han-Nhom-Safra-5183-1152x1536.jpg 1152w, https:\/\/kentavietnam.com\/wp-content\/uploads\/2024\/09\/Day-han-Nhom-Safra-5183-1536x2048.jpg 1536w, https:\/\/kentavietnam.com\/wp-content\/uploads\/2024\/09\/Day-han-Nhom-Safra-5183-600x800.jpg 600w, https:\/\/kentavietnam.com\/wp-content\/uploads\/2024\/09\/Day-han-Nhom-Safra-5183-scaled.jpg 1920w\" sizes=\"auto, (max-width: 225px) 100vw, 225px\" \/><\/p>\n<p><strong>Contact information:<\/strong><\/p>\n<p><strong>KENTA VIETNAM TECHNICAL CO., LTD<\/strong><\/p>\n<div dir=\"auto\">\n<div dir=\"auto\"><span class=\"html-span xexx8yu x4uap5 x18d9i69 xkhd6sd x1hl2dhg x16tdsg8 x1vvkbs x3nfvp2 x1j61x8r x1fcty0u xdj266r xat24cr xgzva0m xhhsvwb xxymvpz xlup9mm x1kky2od\"><img loading=\"lazy\" decoding=\"async\" class=\"xz74otr\" src=\"https:\/\/static.xx.fbcdn.net\/images\/emoji.php\/v9\/tf8\/1\/16\/1f3e2.png\" alt=\"\ud83c\udfe2\" width=\"16\" height=\"16\" \/><\/span>\u00a0Head office: No. 22, Phung Cong Service Area, Phung Cong Commune, Hung Yen Province<\/div>\n<div dir=\"auto\"><span class=\"html-span xexx8yu x4uap5 x18d9i69 xkhd6sd x1hl2dhg x16tdsg8 x1vvkbs x3nfvp2 x1j61x8r x1fcty0u xdj266r xat24cr xgzva0m xhhsvwb xxymvpz xlup9mm x1kky2od\"><img loading=\"lazy\" decoding=\"async\" class=\"xz74otr\" src=\"https:\/\/static.xx.fbcdn.net\/images\/emoji.php\/v9\/t8\/1\/16\/1f3da.png\" alt=\"\ud83c\udfda\" width=\"16\" height=\"16\" \/><\/span>\u00a0Lot number 1: 201 Hai Trieu Street, Quan Toan, Hong Bang, Hai Phong.<\/div>\n<div dir=\"auto\"><span class=\"html-span xexx8yu x4uap5 x18d9i69 xkhd6sd x1hl2dhg x16tdsg8 x1vvkbs x3nfvp2 x1j61x8r x1fcty0u xdj266r xat24cr xgzva0m xhhsvwb xxymvpz xlup9mm x1kky2od\"><img loading=\"lazy\" decoding=\"async\" class=\"xz74otr\" src=\"https:\/\/static.xx.fbcdn.net\/images\/emoji.php\/v9\/t8\/1\/16\/1f3da.png\" alt=\"\ud83c\udfda\" width=\"16\" height=\"16\" \/><\/span>\u00a0Warehouse 2: No. 22, Phung Cong Service Area, Phung Cong Commune, Hung Yen Province<\/div>\n<div dir=\"auto\"><span class=\"html-span xexx8yu x4uap5 x18d9i69 xkhd6sd x1hl2dhg x16tdsg8 x1vvkbs x3nfvp2 x1j61x8r x1fcty0u xdj266r xat24cr xgzva0m xhhsvwb xxymvpz xlup9mm x1kky2od\"><img loading=\"lazy\" decoding=\"async\" class=\"xz74otr\" src=\"https:\/\/static.xx.fbcdn.net\/images\/emoji.php\/v9\/t22\/1\/16\/260e.png\" alt=\"\u260e\" width=\"16\" height=\"16\" \/><\/span>\u00a0S\u0110T: 02213 933 936 \u2013 0961 909 992<\/div>\n<div dir=\"auto\"><span class=\"html-span xexx8yu x4uap5 x18d9i69 xkhd6sd x1hl2dhg x16tdsg8 x1vvkbs x3nfvp2 x1j61x8r x1fcty0u xdj266r xat24cr xgzva0m xhhsvwb xxymvpz xlup9mm x1kky2od\"><img loading=\"lazy\" decoding=\"async\" class=\"xz74otr\" src=\"https:\/\/static.xx.fbcdn.net\/images\/emoji.php\/v9\/tbe\/1\/16\/1f4e7.png\" alt=\"\ud83d\udce7\" width=\"16\" height=\"16\" \/><\/span>\u00a0Email: contact@kentavietnam.com<\/div>\n<div dir=\"auto\"><span class=\"html-span xexx8yu x4uap5 x18d9i69 xkhd6sd x1hl2dhg x16tdsg8 x1vvkbs x3nfvp2 x1j61x8r x1fcty0u xdj266r xat24cr xgzva0m xhhsvwb xxymvpz xlup9mm x1kky2od\"><img loading=\"lazy\" decoding=\"async\" class=\"xz74otr\" src=\"https:\/\/static.xx.fbcdn.net\/images\/emoji.php\/v9\/taa\/1\/16\/1f310.png\" alt=\"\ud83c\udf10\" width=\"16\" height=\"16\" \/><\/span>\u00a0Website:\u00a0<span class=\"html-span xdj266r x11i5rnm xat24cr x1mh8g0r xexx8yu x4uap5 x18d9i69 xkhd6sd x1hl2dhg x16tdsg8 x1vvkbs\"><a class=\"x1i10hfl xjbqb8w x1ejq31n xd10rxx x1sy0etr x17r0tee x972fbf xcfux6l x1qhh985 xm0m39n x9f619 x1ypdohk xt0psk2 xe8uvvx xdj266r x11i5rnm xat24cr x1mh8g0r xexx8yu x4uap5 x18d9i69 xkhd6sd x16tdsg8 x1hl2dhg xggy1nq x1a2a7pz x1sur9pj xkrqix3 x1fey0fg\" tabindex=\"0\" role=\"link\" href=\"http:\/\/kentavietnam.com\/en\/?fbclid=IwZXh0bgNhZW0CMTAAAR3B5u0CSP6uMycpE9YoCw_ogNektMBXHohRRcHwq5oLlbUO3OINNvMBMAs_aem_iX--buzeMoBSToEmX22d8A\" target=\"_blank\" rel=\"nofollow noopener noreferrer\">kentavietnam.com<\/a><\/span><\/div>\n<\/div>\n<p>&nbsp;<\/p>","protected":false},"excerpt":{"rendered":"<ul>\n<li>\n<h3><strong>AWS Standard: ER 5087<\/strong><\/h3>\n<\/li>\n<li>\n<h3><strong>\u0110\u01b0\u1eddng k\u00ednh d\u00e2y h\u00e0n (mm): 0.8, 0.9, 1.0, 1.2<\/strong><\/h3>\n<\/li>\n<li>\n<h3><strong>Certifications: LR\/BV\/ABS\/DNV\/NK\u2026<\/strong><\/h3>\n<\/li>\n<li>\n<h3><strong>Origin: EU<\/strong><\/h3>\n<\/li>\n<li>\n<h3><strong>Quy c\u00e1ch \u0111\u00f3ng g\u00f3i: 6kg\/ cu\u1ed9n<\/strong><\/h3>\n<\/li>\n<\/ul>\n<h3><span style=\"color: red;\"><strong><em>* KentaVietNam is the exclusive distributor of Safra\/Migweld Aluminum welding materials in the Vietnamese market.<\/em><br \/>\n<\/strong><\/span><\/h3>","protected":false},"featured_media":1212,"comment_status":"open","ping_status":"closed","template":"","meta":[],"product_brand":[],"product_cat":[100],"product_tag":[259,258,251,247,245,246,252,257,250,248,253,249,254,256,255],"class_list":{"0":"post-860","1":"product","2":"type-product","3":"status-publish","4":"has-post-thumbnail","6":"product_cat-day-han-nhom_safra-migweld-kenta-aluminium","7":"product_tag-aliminium-welding-wire-supplier","8":"product_tag-alumiium-welding-wire-warehouse-in-asean","9":"product_tag-aluminm-welding-wire-for-shipyard","10":"product_tag-aluminum-welding-wire-er4043","11":"product_tag-aluminum-welding-wire-er5183","12":"product_tag-aluminum-welding-wire-er5356","13":"product_tag-aluminum-welding-wire-for-marine","14":"product_tag-aluminum-welding-wire-for-robot-welding","15":"product_tag-aluminum-welding-wire-high-quality","16":"product_tag-aluminum-welding-wire-made-in-eu","17":"product_tag-aluminum-welding-wire-made-in-italy","18":"product_tag-aluminum-welding-wire-non-china","19":"product_tag-aluminum-weldng-wire-drum-er4043","20":"product_tag-alumium-welding-wire-drum-er5183","21":"product_tag-alumium-welding-wire-drum-er5356","22":"pa_mac-san-pham-er5087","23":"pa_thuong-hieu-safra","25":"first","26":"instock","27":"shipping-taxable","28":"product-type-simple"},"_links":{"self":[{"href":"https:\/\/kentavietnam.com\/en\/wp-json\/wp\/v2\/product\/860","targetHints":{"allow":["GET"]}}],"collection":[{"href":"https:\/\/kentavietnam.com\/en\/wp-json\/wp\/v2\/product"}],"about":[{"href":"https:\/\/kentavietnam.com\/en\/wp-json\/wp\/v2\/types\/product"}],"replies":[{"embeddable":true,"href":"https:\/\/kentavietnam.com\/en\/wp-json\/wp\/v2\/comments?post=860"}],"wp:featuredmedia":[{"embeddable":true,"href":"https:\/\/kentavietnam.com\/en\/wp-json\/wp\/v2\/media\/1212"}],"wp:attachment":[{"href":"https:\/\/kentavietnam.com\/en\/wp-json\/wp\/v2\/media?parent=860"}],"wp:term":[{"taxonomy":"product_brand","embeddable":true,"href":"https:\/\/kentavietnam.com\/en\/wp-json\/wp\/v2\/product_brand?post=860"},{"taxonomy":"product_cat","embeddable":true,"href":"https:\/\/kentavietnam.com\/en\/wp-json\/wp\/v2\/product_cat?post=860"},{"taxonomy":"product_tag","embeddable":true,"href":"https:\/\/kentavietnam.com\/en\/wp-json\/wp\/v2\/product_tag?post=860"}],"curies":[{"name":"wp","href":"https:\/\/api.w.org\/{rel}","templated":true}]}}