{"id":982,"date":"2024-09-17T05:08:30","date_gmt":"2024-09-17T05:08:30","guid":{"rendered":"https:\/\/kentavietnam.com\/?post_type=product&#038;p=982"},"modified":"2026-01-13T06:46:37","modified_gmt":"2026-01-13T06:46:37","slug":"que-han-nhom-er-5754","status":"publish","type":"product","link":"https:\/\/kentavietnam.com\/en\/product\/que-han-nhom-er-5754\/","title":{"rendered":"ER 5754 Aluminum Welding Rod"},"content":{"rendered":"<h3><strong>1. Introduction to ER 5754 aluminum welding rod:<\/strong><\/h3>\n<p>Safra brand ER 5754 aluminum welding rod is an ideal product for welding aluminum alloys containing magnesium, with diverse applications in the marine industry, shipbuilding, and industrial structures. Manufactured to high quality standards, this welding rod provides stable welding performance and durable welds.<\/p>\n<h3><strong>2. Outstanding features of ER 5754 aluminum welding rod:<\/strong><\/h3>\n<ul>\n<li>Contains a moderate magnesium content, which enhances corrosion resistance and ductility.<\/li>\n<li>Produces beautiful, high-quality welds with high tensile strength.<\/li>\n<li>Good weldability with 5000 series aluminum, especially magnesium-containing aluminum alloys.<\/li>\n<\/ul>\n<h3><strong>3. Applications of ER 5754 aluminum welding rod:<\/strong><\/h3>\n<ul>\n<li>Welding 5000 series aluminum alloys, especially in shipbuilding and the production of load-bearing aluminum products.<\/li>\n<li>Used in environments requiring high corrosion resistance, such as the marine industry and outdoor applications.<\/li>\n<li>Suitable for aluminum structures in automotive manufacturing, aviation, and offshore structures.<\/li>\n<\/ul>\n<h3><strong>4. Technical specifications:<\/strong><\/h3>\n<ul>\n<li>Standard: AWS A5.10 ER 5754.<\/li>\n<li>Chemical composition: Magnesium (Mg) ~ 3%, Silicon (Si), Iron (Fe), Manganese (Mn), Ti (Titanium).<\/li>\n<li>Diameter: 1.2mm, 1.6mm, 2.4mm, 3.2mm.<\/li>\n<li>Tensile strength: &gt; 270 MPa.<\/li>\n<li>Elongation: &gt; 16%.<\/li>\n<\/ul>\n<p>Safra's ER 5754 aluminum welding rod provides a perfect welding solution for applications requiring high corrosion resistance and durability, helping to optimize performance and save production costs.<\/p>\n<h3><strong>5<\/strong>.\u00a0<strong>Where to buy genuine ER 5754 aluminum welding rod?<\/strong><\/h3>\n<p>To ensure quality and performance, it is essential to purchase ER 5754 aluminum welding rod from reputable distributors. You should choose authorized dealers to ensure the product has clear specifications and meets your usage needs.<\/p>\n<p>Kenta Vietnam is the exclusive and official distributor of the ER 5754 aluminum welding rod brand.<\/p>\n<p><strong>Actual images of welding materials at Kenta Vietnam warehouse:<\/strong><\/p>\n<p><img loading=\"lazy\" decoding=\"async\" class=\"alignnone wp-image-1724\" src=\"https:\/\/kentavietnam.com\/wp-content\/uploads\/2024\/10\/Thiet-ke-chua-co-ten-13-300x225.jpg\" alt=\"\" width=\"320\" height=\"240\" srcset=\"https:\/\/kentavietnam.com\/wp-content\/uploads\/2024\/10\/Thiet-ke-chua-co-ten-13-300x225.jpg?v=1732268051 300w, https:\/\/kentavietnam.com\/wp-content\/uploads\/2024\/10\/Thiet-ke-chua-co-ten-13-1024x767.jpg?v=1732268051 1024w, https:\/\/kentavietnam.com\/wp-content\/uploads\/2024\/10\/Thiet-ke-chua-co-ten-13-768x575.jpg?v=1732268051 768w, https:\/\/kentavietnam.com\/wp-content\/uploads\/2024\/10\/Thiet-ke-chua-co-ten-13-600x450.jpg?v=1732268051 600w, https:\/\/kentavietnam.com\/wp-content\/uploads\/2024\/10\/Thiet-ke-chua-co-ten-13.jpg?v=1732268051 1276w\" sizes=\"auto, (max-width: 320px) 100vw, 320px\" \/>\u00a0 \u00a0 <img loading=\"lazy\" decoding=\"async\" class=\"alignnone wp-image-1725\" src=\"https:\/\/kentavietnam.com\/wp-content\/uploads\/2024\/10\/Thiet-ke-chua-co-ten-14-300x225.jpg\" alt=\"\" width=\"320\" height=\"240\" srcset=\"https:\/\/kentavietnam.com\/wp-content\/uploads\/2024\/10\/Thiet-ke-chua-co-ten-14-300x225.jpg?v=1732268081 300w, https:\/\/kentavietnam.com\/wp-content\/uploads\/2024\/10\/Thiet-ke-chua-co-ten-14-1024x767.jpg?v=1732268081 1024w, https:\/\/kentavietnam.com\/wp-content\/uploads\/2024\/10\/Thiet-ke-chua-co-ten-14-768x575.jpg?v=1732268081 768w, https:\/\/kentavietnam.com\/wp-content\/uploads\/2024\/10\/Thiet-ke-chua-co-ten-14-600x450.jpg?v=1732268081 600w, https:\/\/kentavietnam.com\/wp-content\/uploads\/2024\/10\/Thiet-ke-chua-co-ten-14.jpg?v=1732268081 1276w\" sizes=\"auto, (max-width: 320px) 100vw, 320px\" \/>\u00a0 \u00a0\u00a0<img loading=\"lazy\" decoding=\"async\" class=\"alignnone size-medium wp-image-1934\" src=\"https:\/\/kentavietnam.com\/wp-content\/uploads\/2024\/09\/IMG_1012-scaled-e1743059342493-300x240.jpg\" alt=\"\" width=\"300\" height=\"240\" srcset=\"https:\/\/kentavietnam.com\/wp-content\/uploads\/2024\/09\/IMG_1012-scaled-e1743059342493-300x240.jpg 300w, https:\/\/kentavietnam.com\/wp-content\/uploads\/2024\/09\/IMG_1012-scaled-e1743059342493-1024x818.jpg 1024w, https:\/\/kentavietnam.com\/wp-content\/uploads\/2024\/09\/IMG_1012-scaled-e1743059342493-768x613.jpg 768w, https:\/\/kentavietnam.com\/wp-content\/uploads\/2024\/09\/IMG_1012-scaled-e1743059342493-1536x1226.jpg 1536w, https:\/\/kentavietnam.com\/wp-content\/uploads\/2024\/09\/IMG_1012-scaled-e1743059342493-600x479.jpg 600w, https:\/\/kentavietnam.com\/wp-content\/uploads\/2024\/09\/IMG_1012-scaled-e1743059342493.jpg 1920w\" sizes=\"auto, (max-width: 300px) 100vw, 300px\" \/><\/p>\n<p><strong>Contact information:<\/strong><\/p>\n<p><strong>KENTA VIETNAM TECHNICAL CO., LTD<\/strong><\/p>\n<div dir=\"auto\">\n<div dir=\"auto\"><span class=\"html-span xexx8yu x4uap5 x18d9i69 xkhd6sd x1hl2dhg x16tdsg8 x1vvkbs x3nfvp2 x1j61x8r x1fcty0u xdj266r xat24cr xgzva0m xhhsvwb xxymvpz xlup9mm x1kky2od\"><img loading=\"lazy\" decoding=\"async\" class=\"xz74otr\" src=\"https:\/\/static.xx.fbcdn.net\/images\/emoji.php\/v9\/tf8\/1\/16\/1f3e2.png\" alt=\"\ud83c\udfe2\" width=\"16\" height=\"16\" \/><\/span>\u00a0Head office: No. 22, Phung Cong Service Area, Phung Cong Commune, Hung Yen Province<\/div>\n<div dir=\"auto\"><span class=\"html-span xexx8yu x4uap5 x18d9i69 xkhd6sd x1hl2dhg x16tdsg8 x1vvkbs x3nfvp2 x1j61x8r x1fcty0u xdj266r xat24cr xgzva0m xhhsvwb xxymvpz xlup9mm x1kky2od\"><img loading=\"lazy\" decoding=\"async\" class=\"xz74otr\" src=\"https:\/\/static.xx.fbcdn.net\/images\/emoji.php\/v9\/t8\/1\/16\/1f3da.png\" alt=\"\ud83c\udfda\" width=\"16\" height=\"16\" \/><\/span>\u00a0Lot number 1: 201 Hai Trieu Street, Quan Toan, Hong Bang, Hai Phong.<\/div>\n<div dir=\"auto\"><span class=\"html-span xexx8yu x4uap5 x18d9i69 xkhd6sd x1hl2dhg x16tdsg8 x1vvkbs x3nfvp2 x1j61x8r x1fcty0u xdj266r xat24cr xgzva0m xhhsvwb xxymvpz xlup9mm x1kky2od\"><img loading=\"lazy\" decoding=\"async\" class=\"xz74otr\" src=\"https:\/\/static.xx.fbcdn.net\/images\/emoji.php\/v9\/t8\/1\/16\/1f3da.png\" alt=\"\ud83c\udfda\" width=\"16\" height=\"16\" \/><\/span>\u00a0Warehouse 2: No. 22, Phung Cong Service Area, Phung Cong Commune, Hung Yen Province<\/div>\n<div dir=\"auto\"><span class=\"html-span xexx8yu x4uap5 x18d9i69 xkhd6sd x1hl2dhg x16tdsg8 x1vvkbs x3nfvp2 x1j61x8r x1fcty0u xdj266r xat24cr xgzva0m xhhsvwb xxymvpz xlup9mm x1kky2od\"><img loading=\"lazy\" decoding=\"async\" class=\"xz74otr\" src=\"https:\/\/static.xx.fbcdn.net\/images\/emoji.php\/v9\/t22\/1\/16\/260e.png\" alt=\"\u260e\" width=\"16\" height=\"16\" \/><\/span>\u00a0S\u0110T: 02213 933 936 \u2013 0961 909 992<\/div>\n<div dir=\"auto\"><span class=\"html-span xexx8yu x4uap5 x18d9i69 xkhd6sd x1hl2dhg x16tdsg8 x1vvkbs x3nfvp2 x1j61x8r x1fcty0u xdj266r xat24cr xgzva0m xhhsvwb xxymvpz xlup9mm x1kky2od\"><img loading=\"lazy\" decoding=\"async\" class=\"xz74otr\" src=\"https:\/\/static.xx.fbcdn.net\/images\/emoji.php\/v9\/tbe\/1\/16\/1f4e7.png\" alt=\"\ud83d\udce7\" width=\"16\" height=\"16\" \/><\/span>\u00a0Email: contact@kentavietnam.com<\/div>\n<div dir=\"auto\"><span class=\"html-span xexx8yu x4uap5 x18d9i69 xkhd6sd x1hl2dhg x16tdsg8 x1vvkbs x3nfvp2 x1j61x8r x1fcty0u xdj266r xat24cr xgzva0m xhhsvwb xxymvpz xlup9mm x1kky2od\"><img loading=\"lazy\" decoding=\"async\" class=\"xz74otr\" src=\"https:\/\/static.xx.fbcdn.net\/images\/emoji.php\/v9\/taa\/1\/16\/1f310.png\" alt=\"\ud83c\udf10\" width=\"16\" height=\"16\" \/><\/span>\u00a0Website:\u00a0<span class=\"html-span xdj266r x11i5rnm xat24cr x1mh8g0r xexx8yu x4uap5 x18d9i69 xkhd6sd x1hl2dhg x16tdsg8 x1vvkbs\"><a class=\"x1i10hfl xjbqb8w x1ejq31n xd10rxx x1sy0etr x17r0tee x972fbf xcfux6l x1qhh985 xm0m39n x9f619 x1ypdohk xt0psk2 xe8uvvx xdj266r x11i5rnm xat24cr x1mh8g0r xexx8yu x4uap5 x18d9i69 xkhd6sd x16tdsg8 x1hl2dhg xggy1nq x1a2a7pz x1sur9pj xkrqix3 x1fey0fg\" tabindex=\"0\" role=\"link\" href=\"http:\/\/kentavietnam.com\/en\/?fbclid=IwZXh0bgNhZW0CMTAAAR3B5u0CSP6uMycpE9YoCw_ogNektMBXHohRRcHwq5oLlbUO3OINNvMBMAs_aem_iX--buzeMoBSToEmX22d8A\" target=\"_blank\" rel=\"nofollow noopener noreferrer\">kentavietnam.com<\/a><\/span><\/div>\n<\/div>","protected":false},"excerpt":{"rendered":"<ul>\n<li>\n<h3><strong>AWS Standard: ER 5754<\/strong><\/h3>\n<\/li>\n<li>\n<h3><strong>Welding rod diameter (mm): 1.6, 2.0, 2.4, 3.2, 4.0, 5.0<\/strong><\/h3>\n<\/li>\n<li>\n<h3><strong>Certifications: LR\/BV\/ABS\/DNV\/NK\u2026<\/strong><\/h3>\n<\/li>\n<li>\n<h3><strong>Origin: EU<\/strong><\/h3>\n<\/li>\n<li>\n<h3><strong>Quy c\u00e1ch \u0111\u00f3ng g\u00f3i: 10kg\/ cu\u1ed9n<\/strong><\/h3>\n<\/li>\n<\/ul>\n<h3><strong><span style=\"color: red;\"><em>* KentaVietNam is the exclusive distributor of Safra\/Migweld Aluminum welding materials in the Vietnamese market.<\/em><\/span><\/strong><\/h3>","protected":false},"featured_media":1216,"comment_status":"open","ping_status":"closed","template":"","meta":[],"product_brand":[],"product_cat":[37,38,101],"product_tag":[259,258,251,247,245,246,252,257,250,248,253,249,254,256,255],"class_list":{"0":"post-982","1":"product","2":"type-product","3":"status-publish","4":"has-post-thumbnail","6":"product_cat-vat-lieu-han","7":"product_cat-vat-lieu-han-nhom","8":"product_cat-que-han-nhom_safra-migweld-kenta-aluminium","9":"product_tag-aliminium-welding-wire-supplier","10":"product_tag-alumiium-welding-wire-warehouse-in-asean","11":"product_tag-aluminm-welding-wire-for-shipyard","12":"product_tag-aluminum-welding-wire-er4043","13":"product_tag-aluminum-welding-wire-er5183","14":"product_tag-aluminum-welding-wire-er5356","15":"product_tag-aluminum-welding-wire-for-marine","16":"product_tag-aluminum-welding-wire-for-robot-welding","17":"product_tag-aluminum-welding-wire-high-quality","18":"product_tag-aluminum-welding-wire-made-in-eu","19":"product_tag-aluminum-welding-wire-made-in-italy","20":"product_tag-aluminum-welding-wire-non-china","21":"product_tag-aluminum-weldng-wire-drum-er4043","22":"product_tag-alumium-welding-wire-drum-er5183","23":"product_tag-alumium-welding-wire-drum-er5356","24":"pa_mac-san-pham-er5754","25":"pa_thuong-hieu-safra","27":"first","28":"instock","29":"shipping-taxable","30":"product-type-simple"},"_links":{"self":[{"href":"https:\/\/kentavietnam.com\/en\/wp-json\/wp\/v2\/product\/982","targetHints":{"allow":["GET"]}}],"collection":[{"href":"https:\/\/kentavietnam.com\/en\/wp-json\/wp\/v2\/product"}],"about":[{"href":"https:\/\/kentavietnam.com\/en\/wp-json\/wp\/v2\/types\/product"}],"replies":[{"embeddable":true,"href":"https:\/\/kentavietnam.com\/en\/wp-json\/wp\/v2\/comments?post=982"}],"wp:featuredmedia":[{"embeddable":true,"href":"https:\/\/kentavietnam.com\/en\/wp-json\/wp\/v2\/media\/1216"}],"wp:attachment":[{"href":"https:\/\/kentavietnam.com\/en\/wp-json\/wp\/v2\/media?parent=982"}],"wp:term":[{"taxonomy":"product_brand","embeddable":true,"href":"https:\/\/kentavietnam.com\/en\/wp-json\/wp\/v2\/product_brand?post=982"},{"taxonomy":"product_cat","embeddable":true,"href":"https:\/\/kentavietnam.com\/en\/wp-json\/wp\/v2\/product_cat?post=982"},{"taxonomy":"product_tag","embeddable":true,"href":"https:\/\/kentavietnam.com\/en\/wp-json\/wp\/v2\/product_tag?post=982"}],"curies":[{"name":"wp","href":"https:\/\/api.w.org\/{rel}","templated":true}]}}